{"id":1905,"date":"2024-09-23T08:06:32","date_gmt":"2024-09-22T23:06:32","guid":{"rendered":"https:\/\/cebu-english-school.com\/pt-br\/?page_id=1905"},"modified":"2025-11-27T13:19:51","modified_gmt":"2025-11-27T04:19:51","slug":"working_holiday_preparation","status":"publish","type":"page","link":"https:\/\/cebu-english-school.com\/pt-br\/working_holiday_preparation","title":{"rendered":"\u3010\u30dd\u30eb\u30c8\u30ac\u30eb\u8a9e\u3011\u6d77\u5916\u8ee2\u8077\u30fb\u30ef\u30fc\u30db\u30ea\u6e96\u5099\u30b3\u30fc\u30b9"},"content":{"rendered":"<div id=\"sgb-css-id-1\">\n<p><\/p>\n<\/div>\n\n<div id=\"sgb-css-id-2\">\n<h2 class=\"wp-block-sgb-headings sgb-heading\" id=\"i-0\"><span class=\"sgb-heading__inner hh hh1 sgb-heading__inner--center\" style=\"font-size:2em;text-align:center\"><span class=\"sgb-heading__text\">Programa de Working Holiday<span class=\"small\">Working Holiday Preparation Course<\/span><\/span><\/span><\/h2>\n<\/div>\n\n\n<p>Com a crescente demanda por Working Holiday, a Cebu English School oferece n\u00e3o apenas aulas tradicionais como elabora\u00e7\u00e3o de curr\u00edculo e simula\u00e7\u00f5es de entrevistas, mas tamb\u00e9m experi\u00eancias reais de trabalho em ambientes de l\u00edngua inglesa, permitindo desenvolver habilidades pr\u00e1ticas e profissionais.<\/p>\n\n\n\n<p>No aprendizado de ingl\u00eas, o mais importante \u00e9 equilibrar o input e o output, mantendo sempre a motiva\u00e7\u00e3o. Ou seja, estudar com alto engajamento e equilibrar bem o estudo te\u00f3rico com a pr\u00e1tica real \u00e9 fundamental. Escolha o curso que melhor se adapta aos seus objetivos.<\/p>\n\n\n<div id=\"sgb-css-id-3\">\n<h2 class=\"wp-block-sgb-headings sgb-heading\" id=\"i-1\"><span class=\"sgb-heading__inner hh hh1 sgb-heading__inner--center\" style=\"font-size:2em;text-align:center\"><span class=\"sgb-heading__text\">Detalhes do Programa de Working Holiday<span class=\"small\">Working Holiday Preparation Course<\/span><\/span><\/span><\/h2>\n<\/div>\n\n<div id=\"sgb-css-id-5\">\n<div class=\"wp-block-sgb-hero\"><div class=\"divheader maximg\" style=\"background-color:#5ba9f7\"><div class=\"divheader__text\"><p class=\"divheader__descr\" style=\"color:#333\">Nas semanas 1 e 2, dos 4 per\u00edodos de aulas individuais por dia, 2 s\u00e3o dedicados \u00e0s simula\u00e7\u00f5es de entrevistas, elabora\u00e7\u00e3o de curr\u00edculo e aulas pr\u00e1ticas espec\u00edficas para cada \u00e1rea de trabalho. Os outros 2 per\u00edodos s\u00e3o aulas individuais de ingl\u00eas geral.<br><br>As aulas em grupo s\u00e3o opcionais e podem ser personalizadas com disciplinas como Pron\u00fancia, CNN, Debate, Apresenta\u00e7\u00e3o ou Writing, conforme o interesse do aluno.<br><br>A partir da 3\u00aa semana, os alunos aprendem habilidades pr\u00e1ticas como apoio na recep\u00e7\u00e3o de hot\u00e9is parceiros, atendimento em caf\u00e9s (dependendo do n\u00edvel de ingl\u00eas) e treinamento de housekeeping.<br><br><strong><span class=\"big\"><span class=\"sgb-label-main-c\"><strong><strong>Man-to-man: 4 aulas<\/strong><\/strong><\/span><\/span><\/strong><br><strong><span class=\"big\"><span class=\"sgb-label-accent-c\"><strong><strong>Group Class: 4 aulas<\/strong><\/strong><\/span><\/span><\/strong><br><\/p><div class=\"divheader__btn\"><div id=\"sgb-btn-group-id4\">\n<div class=\"wp-block-sgb-btn-group\"><\/div>\n<\/div><\/div><\/div><div class=\"divheader__img\" style=\"background-image:\"><img decoding=\"async\" src=\"https:\/\/cebu-english-school.com\/pt-br\/wp-content\/uploads\/2024\/09\/IMG_0106.jpg\"><div class=\"divheader__shade\" style=\"background-color:rgba(0, 0, 0, 0)\"><\/div><\/div><\/div><\/div>\n<\/div>\n\n\n<h2 class=\"wp-block-heading\" id=\"i-2\"><span class=\"keiko_blue\">Pre\u00e7os do<\/span><span class=\"keiko_blue\"> Programa de Working Holiday<\/span><\/h2>\n\n\n\n<div class=\"js-scrollable\">\n  <table class=\"school-fee\">\n      <tbody>\n<tr>\n  <th>Tipo de quarto no dormit\u00f3rio<\/th>\n  <th>1 semana<\/th>\n  <th>2 semanas<\/th>\n  <th>3 semanas<\/th>\n  <th>4 semanas<\/th>\n  <th>8 semanas<\/th>\n  <th>12 semanas<\/th>\n  <th>16 semanas<\/th>\n  <th>20 semanas<\/th>\n  <th>24 semanas<\/th>\n<\/tr>\n\n<tr>\n  <td>Dormit\u00f3rio interno \u2013 Quarto individual<\/td>\n  <td>$780<\/td><td>$1,170<\/td><td>$1,560<\/td><td>$1,950<\/td><td>$3,900<\/td><td>$5,850<\/td><td>$7,800<\/td><td>$9,750<\/td><td>$11,700<\/td>\n<\/tr>\n\n<tr>\n  <td>Dormit\u00f3rio interno \u2013 Quarto duplo<\/td>\n  <td>$660<\/td><td>$990<\/td><td>$1,320<\/td><td>$1,650<\/td><td>$3,300<\/td><td>$4,950<\/td><td>$6,600<\/td><td>$8,250<\/td><td>$9,900<\/td>\n<\/tr>\n\n<tr>\n  <td>Dormit\u00f3rio interno \u2013 Quarto triplo<\/td>\n  <td>$620<\/td><td>$930<\/td><td>$1,240<\/td><td>$1,550<\/td><td>$3,100<\/td><td>$4,650<\/td><td>$6,200<\/td><td>$7,750<\/td><td>$9,300<\/td>\n<\/tr>\n\n<tr>\n  <td>Dormit\u00f3rio interno \u2013 Quarto qu\u00e1druplo<\/td>\n  <td>$580<\/td><td>$870<\/td><td>$1,160<\/td><td>$1,450<\/td><td>$2,900<\/td><td>$4,350<\/td><td>$5,800<\/td><td>$7,250<\/td><td>$8,700<\/td>\n<\/tr>\n\n<tr>\n  <td>Molave Suites \u2013 Quarto individual<\/td>\n  <td>\u2013<\/td><td>\u2013<\/td><td>\u2013<\/td><td>$1,350<\/td><td>$2,700<\/td><td>$4,050<\/td><td>$5,400<\/td><td>$6,750<\/td><td>$8,100<\/td>\n<\/tr>\n\n<tr>\n  <td>Molave Suites \u2013 Quarto duplo<\/td>\n  <td>\u2013<\/td><td>\u2013<\/td><td>\u2013<\/td><td>$1,150<\/td><td>$2,300<\/td><td>$3,450<\/td><td>$4,600<\/td><td>$5,750<\/td><td>$6,900<\/td>\n<\/tr>\n\n<tr>\n  <td>Molave Suites \u2013 Quarto 1+1<\/td>\n  <td>$520<\/td><td>$780<\/td><td>$1,040<\/td><td>$1,300<\/td><td>$2,600<\/td><td>$3,900<\/td><td>$5,200<\/td><td>$6,500<\/td><td>$7,800<\/td>\n<\/tr>\n\n<tr>\n  <td>Red Planet \u2013 Quarto individual<\/td>\n  <td>$840<\/td><td>$1,260<\/td><td>$1,680<\/td><td>$2,100<\/td><td>$4,200<\/td><td>$6,300<\/td><td>$8,400<\/td><td>$10,500<\/td><td>$12,600<\/td>\n<\/tr>\n\n<tr>\n  <td>Red Planet \u2013 Quarto duplo<\/td>\n  <td>$700<\/td><td>$1,050<\/td><td>$1,400<\/td><td>$1,750<\/td><td>$3,500<\/td><td>$5,250<\/td><td>$7,000<\/td><td>$8,750<\/td><td>$10,500<\/td>\n<\/tr>\n\n<tr>\n  <td>Diamond Suites \u2013 Quarto individual<\/td>\n  <td>$1,020<\/td><td>$1,530<\/td><td>$2,040<\/td><td>$2,550<\/td><td>$5,100<\/td><td>$7,650<\/td><td>$10,200<\/td><td>$12,750<\/td><td>$15,300<\/td>\n<\/tr>\n\n<tr>\n  <td>Diamond Suites \u2013 Quarto duplo<\/td>\n  <td>$700<\/td><td>$1,050<\/td><td>$1,400<\/td><td>$1,750<\/td><td>$3,500<\/td><td>$5,250<\/td><td>$7,000<\/td><td>$8,750<\/td><td>$10,500<\/td>\n<\/tr>\n\n<tr>\n  <td>Diamond Suites \u2013 Quarto triplo<\/td>\n  <td>$880<\/td><td>$1,320<\/td><td>$1,760<\/td><td>$2,200<\/td><td>$4,400<\/td><td>$6,600<\/td><td>$8,800<\/td><td>$11,000<\/td><td>$13,200<\/td>\n<\/tr>\n\n<tr>\n  <td>Diamond Suites \u2013 Quarto qu\u00e1druplo<\/td>\n  <td>$800<\/td><td>$1,200<\/td><td>$1,600<\/td><td>$2,000<\/td><td>$4,000<\/td><td>$6,000<\/td><td>$8,000<\/td><td>$10,000<\/td><td>$12,000<\/td>\n<\/tr>\n\n<tr>\n  <td>lyf \u2013 Quarto individual<\/td>\n  <td>$1,020<\/td><td>$1,530<\/td><td>$2,040<\/td><td>$2,550<\/td><td>$5,100<\/td><td>$7,650<\/td><td>$10,200<\/td><td>$12,750<\/td><td>$15,300<\/td>\n<\/tr>\n\n<tr>\n  <td>lyf \u2013 Quarto duplo<\/td>\n  <td>$700<\/td><td>$1,050<\/td><td>$1,400<\/td><td>$1,750<\/td><td>$3,500<\/td><td>$5,250<\/td><td>$7,000<\/td><td>$8,750<\/td><td>$10,500<\/td>\n<\/tr>\n\n<tr>\n  <td>lyf \u2013 Quarto triplo<\/td>\n  <td>$900<\/td><td>$1,350<\/td><td>$1,800<\/td><td>$2,250<\/td><td>$4,500<\/td><td>$6,750<\/td><td>$9,000<\/td><td>$11,250<\/td><td>$13,500<\/td>\n<\/tr>\n\n<tr>\n  <td>lyf \u2013 Quarto qu\u00e1druplo<\/td>\n  <td>$620<\/td><td>$930<\/td><td>$1,240<\/td><td>$1,550<\/td><td>$3,100<\/td><td>$4,650<\/td><td>$6,200<\/td><td>$7,750<\/td><td>$9,300<\/td>\n<\/tr>\n\n<tr>\n  <td>Golden Prince \u2013 Quarto individual<\/td>\n  <td>$1,060<\/td><td>$1,590<\/td><td>$2,120<\/td><td>$2,650<\/td><td>$5,300<\/td><td>$7,950<\/td><td>$10,600<\/td><td>$13,250<\/td><td>$15,900<\/td>\n<\/tr>\n\n<tr>\n  <td>Golden Prince \u2013 Quarto duplo<\/td>\n  <td>$800<\/td><td>$1,200<\/td><td>$1,600<\/td><td>$2,000<\/td><td>$4,000<\/td><td>$6,000<\/td><td>$8,000<\/td><td>$10,000<\/td><td>$12,000<\/td>\n<\/tr>\n\n<tr>\n  <td>Golden Prince \u2013 Quarto triplo<\/td>\n  <td>$780<\/td><td>$1,170<\/td><td>$1,560<\/td><td>$1,950<\/td><td>$3,900<\/td><td>$5,850<\/td><td>$7,800<\/td><td>$9,750<\/td><td>$11,700<\/td>\n<\/tr>\n\n<tr>\n  <td>Parklane \u2013 Quarto individual<\/td>\n  <td>$1,160<\/td><td>$1,740<\/td><td>$2,320<\/td><td>$2,900<\/td><td>$5,800<\/td><td>$8,700<\/td><td>$11,600<\/td><td>$14,500<\/td><td>$17,400<\/td>\n<\/tr>\n\n<tr>\n  <td>Parklane \u2013 Quarto duplo<\/td>\n  <td>$880<\/td><td>$1,320<\/td><td>$1,760<\/td><td>$2,200<\/td><td>$4,400<\/td><td>$6,600<\/td><td>$8,800<\/td><td>$11,000<\/td><td>$13,200<\/td>\n<\/tr>\n\n<tr>\n  <td>Elizabeth \u2013 Quarto individual<\/td>\n  <td>$1,180<\/td><td>$1,770<\/td><td>$2,360<\/td><td>$2,950<\/td><td>$5,900<\/td><td>$8,850<\/td><td>$11,800<\/td><td>$14,750<\/td><td>$17,700<\/td>\n<\/tr>\n\n<tr>\n  <td>Elizabeth \u2013 Quarto duplo<\/td>\n  <td>$860<\/td><td>$1,290<\/td><td>$1,720<\/td><td>$2,150<\/td><td>$4,300<\/td><td>$6,450<\/td><td>$8,600<\/td><td>$10,750<\/td><td>$12,900<\/td>\n<\/tr>\n\n<tr>\n  <td>Elizabeth \u2013 Quarto triplo<\/td>\n  <td>$760<\/td><td>$1,140<\/td><td>$1,520<\/td><td>$1,900<\/td><td>$3,800<\/td><td>$5,700<\/td><td>$7,600<\/td><td>$9,500<\/td><td>$11,400<\/td>\n<\/tr>\n\n<tr>\n  <td>Quest \u2013 Quarto individual<\/td>\n  <td>$1,260<\/td><td>$1,890<\/td><td>$2,520<\/td><td>$3,150<\/td><td>$6,300<\/td><td>$9,450<\/td><td>$12,600<\/td><td>$15,750<\/td><td>$18,900<\/td>\n<\/tr>\n\n<tr>\n  <td>Quest \u2013 Quarto duplo<\/td>\n  <td>$940<\/td><td>$1,410<\/td><td>$1,880<\/td><td>$2,350<\/td><td>$4,700<\/td><td>$7,050<\/td><td>$9,400<\/td><td>$11,750<\/td><td>$14,100<\/td>\n<\/tr>\n\n      <\/tbody>\n      <\/table>\n<\/div>\n\n\n\n<div id=\"sgb-css-id-10\">\n<div class=\"wp-block-sgb-full-bg alignfull\"><div class=\"sgb-full-bg\" style=\"margin-top:0rem;margin-bottom:0rem;padding-top:3rem;padding-bottom:3rem\"><div class=\"sgb-full-bg__cover alignfull\" style=\"background-color:#b4e0fa\"><\/div><div class=\"sgb-full-bg__shade\" style=\"background-color:rgba(0, 0, 0, 0)\"><\/div><div class=\"sgb-full-bg__content\"><div id=\"sgb-css-id-6\" style=\"--sgb--custom--bd-width: 2;--sgb--custom--bd-color: var(--sgb-main-color);--sgb--custom--box-radius: 1em;\">\n<p class=\"wp-block-sgb-headings sgb-heading\"><span class=\"sgb-heading__inner sgb-heading--type1 sgb-heading__inner--center\" style=\"background-color:transparent;border-color:transparent;font-size:1.6em;text-align:center\"><span class=\"sgb-heading__text\" style=\"color:var(--sgb-main-color)\">Daily Schedule<\/span><\/span><\/p>\n<\/div>\n\n\n<div class=\"wp-block-columns are-vertically-aligned-center is-layout-flex wp-container-core-columns-is-layout-2a435d2b wp-block-columns-is-layout-flex\">\n<div class=\"wp-block-column is-vertically-aligned-center is-layout-flow wp-block-column-is-layout-flow\" style=\"flex-basis:40%\">\n<figure class=\"wp-block-gallery has-nested-images columns-default is-cropped wp-block-gallery-7 is-layout-flex wp-block-gallery-is-layout-flex\">\n<figure class=\"wp-block-image size-full\"><img decoding=\"async\" width=\"858\" height=\"620\" data-id=\"1917\" src=\"https:\/\/cebu-english-school.com\/pt-br\/wp-content\/uploads\/2024\/09\/IMG_0194-1.jpg\" alt=\"\" class=\"wp-image-1917\" srcset=\"https:\/\/cebu-english-school.com\/pt-br\/wp-content\/uploads\/2024\/09\/IMG_0194-1.jpg 858w, https:\/\/cebu-english-school.com\/pt-br\/wp-content\/uploads\/2024\/09\/IMG_0194-1-300x217.jpg 300w, https:\/\/cebu-english-school.com\/pt-br\/wp-content\/uploads\/2024\/09\/IMG_0194-1-768x555.jpg 768w\" sizes=\"(max-width: 858px) 100vw, 858px\"><\/figure>\n<\/figure>\n\n\n\n<figure class=\"wp-block-image size-full\"><img decoding=\"async\" width=\"845\" height=\"624\" src=\"https:\/\/cebu-english-school.com\/pt-br\/wp-content\/uploads\/2024\/09\/IMG_9988.jpg\" alt=\"\" class=\"wp-image-1918\" srcset=\"https:\/\/cebu-english-school.com\/pt-br\/wp-content\/uploads\/2024\/09\/IMG_9988.jpg 845w, https:\/\/cebu-english-school.com\/pt-br\/wp-content\/uploads\/2024\/09\/IMG_9988-300x222.jpg 300w, https:\/\/cebu-english-school.com\/pt-br\/wp-content\/uploads\/2024\/09\/IMG_9988-768x567.jpg 768w\" sizes=\"(max-width: 845px) 100vw, 845px\"><\/figure>\n<\/div>\n\n\n\n<div class=\"wp-block-column is-vertically-aligned-center is-layout-flow wp-block-column-is-layout-flow\" style=\"flex-basis:60%\"><div id=\"sgb-css-id-8\">\n<p class=\"has-text-align-center has-text-color\" style=\"color:#519092;font-size:15px\"><strong><span class=\"big\">O est\u00e1gio inicia a partir da 3\u00aa semana<\/span><\/strong><\/p>\n<\/div>\n\n<div id=\"id-fb02e197-1e5d-464e-a16b-f8eadcdbe3e3\"><div id=\"sgb-css-id-9\" style=\"--sgb--custom--box-radius: 6;--sgb--custom--td-width: 170;\">\n<figure class=\"wp-block-table is-style-regular\"><table class=\"has-border-color has-var-sgb-main-color-border-color\"><tbody><tr><td class=\"has-text-align-center\" data-align=\"center\"><strong>7:00-8:00<\/strong><\/td><td>Caf\u00e9 da manh\u00e3<\/td><\/tr><tr><td class=\"has-text-align-center\" data-align=\"center\"><strong>9:00-9:40<\/strong><\/td><td>1\u00aa aula: Pr\u00e1tica de Est\u00e1gio<\/td><\/tr><tr><td class=\"has-text-align-center\" data-align=\"center\"><strong>9:45-10:25<\/strong><\/td><td>2\u00aa aula: Pr\u00e1tica de Est\u00e1gio<\/td><\/tr><tr><td class=\"has-text-align-center\" data-align=\"center\"><strong>10:40-11:20<\/strong><\/td><td>3\u00aa aula: Pr\u00e1tica de Est\u00e1gio<\/td><\/tr><tr><td class=\"has-text-align-center\" data-align=\"center\"><strong>11:25-12:0<\/strong>5<\/td><td>4\u00aa aula: Pr\u00e1tica de Est\u00e1gio<\/td><\/tr><tr><td class=\"has-text-align-center\" data-align=\"center\"><strong>12:10-13:3<\/strong>5<\/td><td>Almo\u00e7o<\/td><\/tr><tr><td class=\"has-text-align-center\" data-align=\"center\"><strong>13:40-14:<\/strong>20<\/td><td>5\u00aa aula: Aula individual<\/td><\/tr><tr><td class=\"has-text-align-center\" data-align=\"center\"><strong>14:25-15:0<\/strong>5<\/td><td>6\u00aa aula: Aula individual<\/td><\/tr><tr><td class=\"has-text-align-center\" data-align=\"center\"><strong>15:10-16:0<\/strong>0<\/td><td>7\u00aa aula: Aula individual<\/td><\/tr><tr><td class=\"has-text-align-center\" data-align=\"center\"><strong>16:05-16:4<\/strong>5<\/td><td>8\u00aa aula: Aula individual<\/td><\/tr><tr><td class=\"has-text-align-center\" data-align=\"center\"><strong>16:50-18:<\/strong>00<\/td><td>Tempo livre para estudo<\/td><\/tr><tr><td class=\"has-text-align-center\" data-align=\"center\"><strong>18:00-19:<\/strong>00<\/td><td>Jantar<\/td><\/tr><\/tbody><\/table><figcaption class=\"wp-element-caption\"><br><\/figcaption><\/figure>\n<\/div><\/div>\n\n\n<p style=\"font-size:15px\"><\/p>\n<\/div>\n<\/div>\n<\/div><\/div><\/div>\n<\/div>\n\n\n<p><\/p>\n","protected":false},"excerpt":{"rendered":"<p>Com a crescente demanda por Working Holiday, a Cebu English School oferece n\u00e3o apenas aulas tradicionais como  &#8230; <\/p>\n","protected":false},"author":1,"featured_media":0,"parent":0,"menu_order":0,"comment_status":"closed","ping_status":"closed","template":"page-forfront.php","meta":{"footnotes":""},"class_list":{"0":"post-1905","1":"page","2":"type-page","3":"status-publish","5":"nothumb"},"yoast_head":"<!-- This site is optimized with the Yoast SEO plugin v26.2 - https:\/\/yoast.com\/wordpress\/plugins\/seo\/ -->\n<title>Prepara\u00e7\u00e3o para Trabalho no Exterior | Curso de Working Holiday em Cebu<\/title>\n<meta name=\"description\" content=\"Prepare-se para trabalhar no exterior com aulas pr\u00e1ticas, simula\u00e7\u00f5es de entrevista e est\u00e1gio real em hotel e caf\u00e9 nas Filipinas. Programa ideal para Working Holiday.\" \/>\n<meta name=\"robots\" content=\"index, follow, max-snippet:-1, max-image-preview:large, max-video-preview:-1\" \/>\n<link rel=\"canonical\" href=\"https:\/\/cebu-english-school.com\/pt-br\/working_holiday_preparation\" \/>\n<meta property=\"og:locale\" content=\"ja_JP\" \/>\n<meta property=\"og:type\" content=\"article\" \/>\n<meta property=\"og:title\" content=\"Prepara\u00e7\u00e3o para Trabalho no Exterior | Curso de Working Holiday em Cebu\" \/>\n<meta property=\"og:description\" content=\"Prepare-se para trabalhar no exterior com aulas pr\u00e1ticas, simula\u00e7\u00f5es de entrevista e est\u00e1gio real em hotel e caf\u00e9 nas Filipinas. Programa ideal para Working Holiday.\" \/>\n<meta property=\"og:url\" content=\"https:\/\/cebu-english-school.com\/pt-br\/working_holiday_preparation\" \/>\n<meta property=\"og:site_name\" content=\"Cebu English School \u2013 Site Oficial\" \/>\n<meta property=\"article:modified_time\" content=\"2025-11-27T04:19:51+00:00\" \/>\n<meta property=\"og:image\" content=\"https:\/\/cebu-english-school.com\/pt-br\/wp-content\/uploads\/2024\/09\/IMG_0106.jpg\" \/>\n<meta name=\"twitter:card\" content=\"summary_large_image\" \/>\n<meta name=\"twitter:label1\" content=\"\u63a8\u5b9a\u8aad\u307f\u53d6\u308a\u6642\u9593\" \/>\n\t<meta name=\"twitter:data1\" content=\"11\u5206\" \/>\n<script type=\"application\/ld+json\" class=\"yoast-schema-graph\">{\"@context\":\"https:\/\/schema.org\",\"@graph\":[{\"@type\":\"WebPage\",\"@id\":\"https:\/\/cebu-english-school.com\/pt-br\/working_holiday_preparation\",\"url\":\"https:\/\/cebu-english-school.com\/pt-br\/working_holiday_preparation\",\"name\":\"Prepara\u00e7\u00e3o para Trabalho no Exterior | Curso de Working Holiday em Cebu\",\"isPartOf\":{\"@id\":\"https:\/\/cebu-english-school.com\/pt-br\/#website\"},\"primaryImageOfPage\":{\"@id\":\"https:\/\/cebu-english-school.com\/pt-br\/working_holiday_preparation#primaryimage\"},\"image\":{\"@id\":\"https:\/\/cebu-english-school.com\/pt-br\/working_holiday_preparation#primaryimage\"},\"thumbnailUrl\":\"https:\/\/cebu-english-school.com\/pt-br\/wp-content\/uploads\/2024\/09\/IMG_0106.jpg\",\"datePublished\":\"2024-09-22T23:06:32+00:00\",\"dateModified\":\"2025-11-27T04:19:51+00:00\",\"description\":\"Prepare-se para trabalhar no exterior com aulas pr\u00e1ticas, simula\u00e7\u00f5es de entrevista e est\u00e1gio real em hotel e caf\u00e9 nas Filipinas. Programa ideal para Working Holiday.\",\"breadcrumb\":{\"@id\":\"https:\/\/cebu-english-school.com\/pt-br\/working_holiday_preparation#breadcrumb\"},\"inLanguage\":\"ja\",\"potentialAction\":[{\"@type\":\"ReadAction\",\"target\":[\"https:\/\/cebu-english-school.com\/pt-br\/working_holiday_preparation\"]}]},{\"@type\":\"ImageObject\",\"inLanguage\":\"ja\",\"@id\":\"https:\/\/cebu-english-school.com\/pt-br\/working_holiday_preparation#primaryimage\",\"url\":\"https:\/\/cebu-english-school.com\/pt-br\/wp-content\/uploads\/2024\/09\/IMG_0106.jpg\",\"contentUrl\":\"https:\/\/cebu-english-school.com\/pt-br\/wp-content\/uploads\/2024\/09\/IMG_0106.jpg\",\"width\":1920,\"height\":1280},{\"@type\":\"BreadcrumbList\",\"@id\":\"https:\/\/cebu-english-school.com\/pt-br\/working_holiday_preparation#breadcrumb\",\"itemListElement\":[{\"@type\":\"ListItem\",\"position\":1,\"name\":\"\u30db\u30fc\u30e0\",\"item\":\"https:\/\/cebu-english-school.com\/pt-br\/\"},{\"@type\":\"ListItem\",\"position\":2,\"name\":\"\u3010\u30dd\u30eb\u30c8\u30ac\u30eb\u8a9e\u3011\u6d77\u5916\u8ee2\u8077\u30fb\u30ef\u30fc\u30db\u30ea\u6e96\u5099\u30b3\u30fc\u30b9\"}]},{\"@type\":\"WebSite\",\"@id\":\"https:\/\/cebu-english-school.com\/pt-br\/#website\",\"url\":\"https:\/\/cebu-english-school.com\/pt-br\/\",\"name\":\"\u3010\u516c\u5f0f\u3011\u30bb\u30d6\u30a4\u30f3\u30b0\u30ea\u30c3\u30b7\u30e5\u30b9\u30af\u30fc\u30eb\",\"description\":\"Para Estudar em Cebu, Escolha a Cebu English School\",\"publisher\":{\"@id\":\"https:\/\/cebu-english-school.com\/pt-br\/#organization\"},\"potentialAction\":[{\"@type\":\"SearchAction\",\"target\":{\"@type\":\"EntryPoint\",\"urlTemplate\":\"https:\/\/cebu-english-school.com\/pt-br\/?s={search_term_string}\"},\"query-input\":{\"@type\":\"PropertyValueSpecification\",\"valueRequired\":true,\"valueName\":\"search_term_string\"}}],\"inLanguage\":\"ja\"},{\"@type\":\"Organization\",\"@id\":\"https:\/\/cebu-english-school.com\/pt-br\/#organization\",\"name\":\"\u3010\u516c\u5f0f\u3011\u30bb\u30d6\u30a4\u30f3\u30b0\u30ea\u30c3\u30b7\u30e5\u30b9\u30af\u30fc\u30eb\",\"url\":\"https:\/\/cebu-english-school.com\/pt-br\/\",\"logo\":{\"@type\":\"ImageObject\",\"inLanguage\":\"ja\",\"@id\":\"https:\/\/cebu-english-school.com\/pt-br\/#\/schema\/logo\/image\/\",\"url\":\"https:\/\/cebu-english-school.com\/pt-br\/wp-content\/uploads\/2023\/02\/logo.jpg\",\"contentUrl\":\"https:\/\/cebu-english-school.com\/pt-br\/wp-content\/uploads\/2023\/02\/logo.jpg\",\"width\":491,\"height\":297,\"caption\":\"\u3010\u516c\u5f0f\u3011\u30bb\u30d6\u30a4\u30f3\u30b0\u30ea\u30c3\u30b7\u30e5\u30b9\u30af\u30fc\u30eb\"},\"image\":{\"@id\":\"https:\/\/cebu-english-school.com\/pt-br\/#\/schema\/logo\/image\/\"}}]}<\/script>\n<!-- \/ Yoast SEO plugin. -->","yoast_head_json":{"title":"Prepara\u00e7\u00e3o para Trabalho no Exterior | Curso de Working Holiday em Cebu","description":"Prepare-se para trabalhar no exterior com aulas pr\u00e1ticas, simula\u00e7\u00f5es de entrevista e est\u00e1gio real em hotel e caf\u00e9 nas Filipinas. Programa ideal para Working Holiday.","robots":{"index":"index","follow":"follow","max-snippet":"max-snippet:-1","max-image-preview":"max-image-preview:large","max-video-preview":"max-video-preview:-1"},"canonical":"https:\/\/cebu-english-school.com\/pt-br\/working_holiday_preparation","og_locale":"ja_JP","og_type":"article","og_title":"Prepara\u00e7\u00e3o para Trabalho no Exterior | Curso de Working Holiday em Cebu","og_description":"Prepare-se para trabalhar no exterior com aulas pr\u00e1ticas, simula\u00e7\u00f5es de entrevista e est\u00e1gio real em hotel e caf\u00e9 nas Filipinas. Programa ideal para Working Holiday.","og_url":"https:\/\/cebu-english-school.com\/pt-br\/working_holiday_preparation","og_site_name":"Cebu English School \u2013 Site Oficial","article_modified_time":"2025-11-27T04:19:51+00:00","og_image":[{"url":"https:\/\/cebu-english-school.com\/pt-br\/wp-content\/uploads\/2024\/09\/IMG_0106.jpg","type":"","width":"","height":""}],"twitter_card":"summary_large_image","twitter_misc":{"\u63a8\u5b9a\u8aad\u307f\u53d6\u308a\u6642\u9593":"11\u5206"},"schema":{"@context":"https:\/\/schema.org","@graph":[{"@type":"WebPage","@id":"https:\/\/cebu-english-school.com\/pt-br\/working_holiday_preparation","url":"https:\/\/cebu-english-school.com\/pt-br\/working_holiday_preparation","name":"Prepara\u00e7\u00e3o para Trabalho no Exterior | Curso de Working Holiday em Cebu","isPartOf":{"@id":"https:\/\/cebu-english-school.com\/pt-br\/#website"},"primaryImageOfPage":{"@id":"https:\/\/cebu-english-school.com\/pt-br\/working_holiday_preparation#primaryimage"},"image":{"@id":"https:\/\/cebu-english-school.com\/pt-br\/working_holiday_preparation#primaryimage"},"thumbnailUrl":"https:\/\/cebu-english-school.com\/pt-br\/wp-content\/uploads\/2024\/09\/IMG_0106.jpg","datePublished":"2024-09-22T23:06:32+00:00","dateModified":"2025-11-27T04:19:51+00:00","description":"Prepare-se para trabalhar no exterior com aulas pr\u00e1ticas, simula\u00e7\u00f5es de entrevista e est\u00e1gio real em hotel e caf\u00e9 nas Filipinas. Programa ideal para Working Holiday.","breadcrumb":{"@id":"https:\/\/cebu-english-school.com\/pt-br\/working_holiday_preparation#breadcrumb"},"inLanguage":"ja","potentialAction":[{"@type":"ReadAction","target":["https:\/\/cebu-english-school.com\/pt-br\/working_holiday_preparation"]}]},{"@type":"ImageObject","inLanguage":"ja","@id":"https:\/\/cebu-english-school.com\/pt-br\/working_holiday_preparation#primaryimage","url":"https:\/\/cebu-english-school.com\/pt-br\/wp-content\/uploads\/2024\/09\/IMG_0106.jpg","contentUrl":"https:\/\/cebu-english-school.com\/pt-br\/wp-content\/uploads\/2024\/09\/IMG_0106.jpg","width":1920,"height":1280},{"@type":"BreadcrumbList","@id":"https:\/\/cebu-english-school.com\/pt-br\/working_holiday_preparation#breadcrumb","itemListElement":[{"@type":"ListItem","position":1,"name":"\u30db\u30fc\u30e0","item":"https:\/\/cebu-english-school.com\/pt-br\/"},{"@type":"ListItem","position":2,"name":"\u3010\u30dd\u30eb\u30c8\u30ac\u30eb\u8a9e\u3011\u6d77\u5916\u8ee2\u8077\u30fb\u30ef\u30fc\u30db\u30ea\u6e96\u5099\u30b3\u30fc\u30b9"}]},{"@type":"WebSite","@id":"https:\/\/cebu-english-school.com\/pt-br\/#website","url":"https:\/\/cebu-english-school.com\/pt-br\/","name":"\u3010\u516c\u5f0f\u3011\u30bb\u30d6\u30a4\u30f3\u30b0\u30ea\u30c3\u30b7\u30e5\u30b9\u30af\u30fc\u30eb","description":"Para Estudar em Cebu, Escolha a Cebu English School","publisher":{"@id":"https:\/\/cebu-english-school.com\/pt-br\/#organization"},"potentialAction":[{"@type":"SearchAction","target":{"@type":"EntryPoint","urlTemplate":"https:\/\/cebu-english-school.com\/pt-br\/?s={search_term_string}"},"query-input":{"@type":"PropertyValueSpecification","valueRequired":true,"valueName":"search_term_string"}}],"inLanguage":"ja"},{"@type":"Organization","@id":"https:\/\/cebu-english-school.com\/pt-br\/#organization","name":"\u3010\u516c\u5f0f\u3011\u30bb\u30d6\u30a4\u30f3\u30b0\u30ea\u30c3\u30b7\u30e5\u30b9\u30af\u30fc\u30eb","url":"https:\/\/cebu-english-school.com\/pt-br\/","logo":{"@type":"ImageObject","inLanguage":"ja","@id":"https:\/\/cebu-english-school.com\/pt-br\/#\/schema\/logo\/image\/","url":"https:\/\/cebu-english-school.com\/pt-br\/wp-content\/uploads\/2023\/02\/logo.jpg","contentUrl":"https:\/\/cebu-english-school.com\/pt-br\/wp-content\/uploads\/2023\/02\/logo.jpg","width":491,"height":297,"caption":"\u3010\u516c\u5f0f\u3011\u30bb\u30d6\u30a4\u30f3\u30b0\u30ea\u30c3\u30b7\u30e5\u30b9\u30af\u30fc\u30eb"},"image":{"@id":"https:\/\/cebu-english-school.com\/pt-br\/#\/schema\/logo\/image\/"}}]}},"_links":{"self":[{"href":"https:\/\/cebu-english-school.com\/pt-br\/wp-json\/wp\/v2\/pages\/1905","targetHints":{"allow":["GET"]}}],"collection":[{"href":"https:\/\/cebu-english-school.com\/pt-br\/wp-json\/wp\/v2\/pages"}],"about":[{"href":"https:\/\/cebu-english-school.com\/pt-br\/wp-json\/wp\/v2\/types\/page"}],"author":[{"embeddable":true,"href":"https:\/\/cebu-english-school.com\/pt-br\/wp-json\/wp\/v2\/users\/1"}],"replies":[{"embeddable":true,"href":"https:\/\/cebu-english-school.com\/pt-br\/wp-json\/wp\/v2\/comments?post=1905"}],"version-history":[{"count":12,"href":"https:\/\/cebu-english-school.com\/pt-br\/wp-json\/wp\/v2\/pages\/1905\/revisions"}],"predecessor-version":[{"id":3839,"href":"https:\/\/cebu-english-school.com\/pt-br\/wp-json\/wp\/v2\/pages\/1905\/revisions\/3839"}],"wp:attachment":[{"href":"https:\/\/cebu-english-school.com\/pt-br\/wp-json\/wp\/v2\/media?parent=1905"}],"curies":[{"name":"wp","href":"https:\/\/api.w.org\/{rel}","templated":true}]}}