{"id":327,"date":"2023-04-06T08:18:21","date_gmt":"2023-04-05T23:18:21","guid":{"rendered":"https:\/\/cebu-english-school.com\/pt-br\/?page_id=327"},"modified":"2025-11-26T16:26:57","modified_gmt":"2025-11-26T07:26:57","slug":"inquiry","status":"publish","type":"page","link":"https:\/\/cebu-english-school.com\/pt-br\/inquiry","title":{"rendered":"\u3010\u30dd\u30eb\u30c8\u30ac\u30eb\u8a9e\u3011\u304a\u554f\u3044\u5408\u308f\u305b"},"content":{"rendered":"\n<h2 class=\"wp-block-heading\" id=\"i-0\">Contato<\/h2>\n\n\n\n\n<div class=\"wpcf7 no-js\" id=\"wpcf7-f326-o1\" lang=\"ja\" dir=\"ltr\">\n<div class=\"screen-reader-response\"><p role=\"status\" aria-live=\"polite\" aria-atomic=\"true\"><\/p> <ul><\/ul><\/div>\n<form action=\"\/pt-br\/wp-json\/wp\/v2\/pages\/327#wpcf7-f326-o1\" method=\"post\" class=\"wpcf7-form init\" aria-label=\"\u30b3\u30f3\u30bf\u30af\u30c8\u30d5\u30a9\u30fc\u30e0\" novalidate=\"novalidate\" data-status=\"init\">\n<div style=\"display: none;\">\n<input type=\"hidden\" name=\"_wpcf7\" value=\"326\">\n<input type=\"hidden\" name=\"_wpcf7_version\" value=\"5.8\">\n<input type=\"hidden\" name=\"_wpcf7_locale\" value=\"ja\">\n<input type=\"hidden\" name=\"_wpcf7_unit_tag\" value=\"wpcf7-f326-o1\">\n<input type=\"hidden\" name=\"_wpcf7_container_post\" value=\"0\">\n<input type=\"hidden\" name=\"_wpcf7_posted_data_hash\" value=\"\">\n<\/div>\n<table class=\"CF7_table\">\n\t<tr>\n\t\t<th>\n\t\t\t<p><span class=\"CF7_req\">Obrigat\u00f3rio<\/span> Conte\u00fado da consulta\n\t\t\t<\/p>\n\t\t<\/th>\n\t\t<td>\n\t\t\t<p><span class=\"wpcf7-form-control-wrap\" data-name=\"checkbox-inq\"><span class=\"wpcf7-form-control wpcf7-checkbox wpcf7-validates-as-required\"><span class=\"wpcf7-list-item first\"><input type=\"checkbox\" name=\"checkbox-inq[]\" value=\"Consulta\"><span class=\"wpcf7-list-item-label\">Consulta<\/span><\/span><span class=\"wpcf7-list-item\"><input type=\"checkbox\" name=\"checkbox-inq[]\" value=\"Solicita\u00e7\u00e3o de or\u00e7amento\"><span class=\"wpcf7-list-item-label\">Solicita\u00e7\u00e3o de or\u00e7amento<\/span><\/span><span class=\"wpcf7-list-item\"><input type=\"checkbox\" name=\"checkbox-inq[]\" value=\"Contato\"><span class=\"wpcf7-list-item-label\">Contato<\/span><\/span><span class=\"wpcf7-list-item last\"><input type=\"checkbox\" name=\"checkbox-inq[]\" value=\"Outros\"><span class=\"wpcf7-list-item-label\">Outros<\/span><\/span><\/span><\/span>\n\t\t\t<\/p>\n\t\t<\/td>\n\t<\/tr>\n\t<tr>\n\t\t<th>\n\t\t\t<p><span class=\"CF7_req\">Obrigat\u00f3rio<\/span> Nome\n\t\t\t<\/p>\n\t\t<\/th>\n\t\t<td>\n\t\t\t<p><span class=\"wpcf7-form-control-wrap\" data-name=\"your-name\"><input size=\"40\" class=\"wpcf7-form-control wpcf7-text wpcf7-validates-as-required\" aria-required=\"true\" aria-invalid=\"false\" placeholder=\"Ex.: Seu nome\" value=\"\" type=\"text\" name=\"your-name\"><\/span>\n\t\t\t<\/p>\n\t\t<\/td>\n\t<\/tr>\n\t<tr>\n\t\t<th>\n\t\t\t<p><span class=\"CF7_req\">Obrigat\u00f3rio<\/span> Sexo\n\t\t\t<\/p>\n\t\t<\/th>\n\t\t<td>\n\t\t\t<p><span class=\"wpcf7-form-control-wrap\" data-name=\"radio-109\"><span class=\"wpcf7-form-control wpcf7-radio\"><span class=\"wpcf7-list-item first\"><label><input type=\"radio\" name=\"radio-109\" value=\"Masculino\"><span class=\"wpcf7-list-item-label\">Masculino<\/span><\/label><\/span><span class=\"wpcf7-list-item last\"><label><input type=\"radio\" name=\"radio-109\" value=\"Feminino\"><span class=\"wpcf7-list-item-label\">Feminino<\/span><\/label><\/span><\/span><\/span>\n\t\t\t<\/p>\n\t\t<\/td>\n\t<\/tr>\n\t<tr>\n\t\t<th>\n\t\t\t<p><span class=\"CF7_req\">Obrigat\u00f3rio<\/span> Data de nascimento\n\t\t\t<\/p>\n\t\t<\/th>\n\t\t<td>\n\t\t\t<p><span class=\"wpcf7-form-control-wrap\" data-name=\"text-birth\"><input size=\"40\" class=\"wpcf7-form-control wpcf7-text wpcf7-validates-as-required\" aria-required=\"true\" aria-invalid=\"false\" placeholder=\"Ex.: 1979\/03\/15\" value=\"\" type=\"text\" name=\"text-birth\"><\/span>\n\t\t\t<\/p>\n\t\t<\/td>\n\t<\/tr>\n\t<tr>\n\t\t<th>\n\t\t\t<p><span class=\"CF7_req\">Obrigat\u00f3rio<\/span> Endere\u00e7o de e-mail\n\t\t\t<\/p>\n\t\t<\/th>\n\t\t<td>\n\t\t\t<p><span class=\"wpcf7-form-control-wrap\" data-name=\"your-email\"><input size=\"40\" class=\"wpcf7-form-control wpcf7-email wpcf7-validates-as-required wpcf7-text wpcf7-validates-as-email\" aria-required=\"true\" aria-invalid=\"false\" placeholder=\"Ex.: xxx@xxx.com\" value=\"\" type=\"email\" name=\"your-email\"><\/span>\n\t\t\t<\/p>\n\t\t<\/td>\n\t<\/tr>\n\t<tr>\n\t\t<th>\n\t\t\t<p><span class=\"CF7_req\">Obrigat\u00f3rio<\/span> Endere\u00e7o de e-mail (confirma\u00e7\u00e3o)\n\t\t\t<\/p>\n\t\t<\/th>\n\t\t<td>\n\t\t\t<p><span class=\"wpcf7-form-control-wrap\" data-name=\"your-email\"><input size=\"40\" class=\"wpcf7-form-control wpcf7-email wpcf7-validates-as-required wpcf7-text wpcf7-validates-as-email\" aria-required=\"true\" aria-invalid=\"false\" placeholder=\"Ex.: xxx@xxx.com\" value=\"\" type=\"email\" name=\"your-email\"><\/span>\n\t\t\t<\/p>\n\t\t<\/td>\n\t<\/tr>\n\t<tr>\n\t\t<th>\n\t\t\t<p><span class=\"CF7_req\">Obrigat\u00f3rio<\/span> N\u00famero de telefone\n\t\t\t<\/p>\n\t\t<\/th>\n\t\t<td>\n\t\t\t<p><span class=\"wpcf7-form-control-wrap\" data-name=\"your-tel\"><input size=\"40\" class=\"wpcf7-form-control wpcf7-text wpcf7-validates-as-required\" aria-required=\"true\" aria-invalid=\"false\" placeholder=\"Ex.: 03-1234-5678\" value=\"\" type=\"text\" name=\"your-tel\"><\/span>\n\t\t\t<\/p>\n\t\t<\/td>\n\t<\/tr>\n\t<tr>\n\t\t<th>\n\t\t\t<p><span class=\"CF7_req\">Obrigat\u00f3rio<\/span> Data prevista de in\u00edcio do interc\u00e2mbio\n\t\t\t<\/p>\n\t\t<\/th>\n\t\t<td>\n\t\t\t<p><span class=\"wpcf7-form-control-wrap\" data-name=\"start\"><input class=\"wpcf7-form-control wpcf7-date wpcf7-validates-as-date\" aria-invalid=\"false\" value=\"\" type=\"date\" name=\"start\"><\/span>\n\t\t\t<\/p>\n\t\t<\/td>\n\t<\/tr>\n\t<tr>\n\t\t<th>\n\t\t\t<p><span class=\"CF7_req\">Opcional<\/span> Dura\u00e7\u00e3o prevista do interc\u00e2mbio\n\t\t\t<\/p>\n\t\t<\/th>\n\t\t<td>\n\t\t\t<p><span class=\"wpcf7-form-control-wrap\" data-name=\"menu-term\"><select class=\"wpcf7-form-control wpcf7-select\" aria-invalid=\"false\" name=\"menu-term\"><option value=\"\u25bcSelecione a dura\u00e7\u00e3o desejada do interc\u00e2mbio.\">\u25bcSelecione a dura\u00e7\u00e3o desejada do interc\u00e2mbio.<\/option><option value=\"1 semana\">1 semana<\/option><option value=\"2 semanas\">2 semanas<\/option><option value=\"3 semanas\">3 semanas<\/option><option value=\"4 semanas\">4 semanas<\/option><option value=\"5 semanas\">5 semanas<\/option><option value=\"6 semanas\">6 semanas<\/option><option value=\"7 semanas\">7 semanas<\/option><option value=\"8 semanas\">8 semanas<\/option><option value=\"9 semanas\">9 semanas<\/option><option value=\"10 semanas\">10 semanas<\/option><option value=\"11 semanas\">11 semanas<\/option><option value=\"12 semanas\">12 semanas<\/option><option value=\"13 semanas\">13 semanas<\/option><option value=\"14 semanas\">14 semanas<\/option><option value=\"15 semanas\">15 semanas<\/option><option value=\"16 semanas\">16 semanas<\/option><option value=\"17 semanas\">17 semanas<\/option><option value=\"18 semanas\">18 semanas<\/option><option value=\"19 semanas\">19 semanas<\/option><option value=\"20 semanas\">20 semanas<\/option><option value=\"21 semanas\">21 semanas<\/option><option value=\"22 semanas\">22 semanas<\/option><option value=\"23 semanas\">23 semanas<\/option><option value=\"24 semanas\">24 semanas<\/option><\/select><\/span>\n\t\t\t<\/p>\n\t\t<\/td>\n\t<\/tr>\n\t<tr>\n\t\t<th>\n\t\t\t<p><span class=\"CF7_req\">Opcional<\/span> Mensagem\n\t\t\t<\/p>\n\t\t<\/th>\n\t\t<td class=\"message-100\">\n\t\t\t<p><span class=\"wpcf7-form-control-wrap\" data-name=\"your-message\"><textarea cols=\"40\" rows=\"10\" class=\"wpcf7-form-control wpcf7-textarea wpcf7-validates-as-required\" aria-required=\"true\" aria-invalid=\"false\" placeholder=\"Por favor, descreva o conte\u00fado da sua consulta. \nCaso esteja considerando interc\u00e2mbio para mais de uma pessoa (como interc\u00e2mbio em fam\u00edlia), inclua a composi\u00e7\u00e3o familiar, idades e quaisquer solicita\u00e7\u00f5es de forma detalhada.\" name=\"your-message\"><\/textarea><\/span>\n\t\t\t<\/p>\n\t\t<\/td>\n\t<\/tr>\n<\/table>\n<p class=\"CF7_btn\" style=\"margin-top:50px;\"><input class=\"wpcf7-form-control wpcf7-submit has-spinner\" type=\"submit\" value=\"Enviar\">\n<\/p>\n<p><script>\ndocument.addEventListener('wpcf7mailsent', function(event) {\n\tlocation = 'https:\/\/cebu-english-school.com\/pt-br\/thanks1';\n}, false);\n<\/script>\n<\/p><div class=\"wpcf7-response-output\" aria-hidden=\"true\"><\/div>\n<\/form>\n<\/div>\n\n\n\n\n<p><\/p>\n","protected":false},"excerpt":{"rendered":"<p>Contato<\/p>\n","protected":false},"author":1,"featured_media":0,"parent":0,"menu_order":0,"comment_status":"closed","ping_status":"closed","template":"page-forfront.php","meta":{"footnotes":""},"class_list":{"0":"post-327","1":"page","2":"type-page","3":"status-publish","5":"nothumb"},"yoast_head":"<!-- This site is optimized with the Yoast SEO plugin v26.2 - https:\/\/yoast.com\/wordpress\/plugins\/seo\/ -->\n<title>Fale Conosco\uff5cCebu Englsih School<\/title>\n<meta name=\"description\" content=\"Entre em contato com a Cebu English School e envie suas d\u00favidas sobre interc\u00e2mbio em Cebu. Atendimento r\u00e1pido e simp\u00e1tico, suporte completo antes da viagem, e orienta\u00e7\u00e3o clara sobre cursos e acomoda\u00e7\u00e3o.\" \/>\n<meta name=\"robots\" content=\"index, follow, max-snippet:-1, max-image-preview:large, max-video-preview:-1\" \/>\n<link rel=\"canonical\" href=\"https:\/\/cebu-english-school.com\/pt-br\/inquiry\" \/>\n<meta property=\"og:locale\" content=\"ja_JP\" \/>\n<meta property=\"og:type\" content=\"article\" \/>\n<meta property=\"og:title\" content=\"Fale Conosco\uff5cCebu Englsih School\" \/>\n<meta property=\"og:description\" content=\"Entre em contato com a Cebu English School e envie suas d\u00favidas sobre interc\u00e2mbio em Cebu. Atendimento r\u00e1pido e simp\u00e1tico, suporte completo antes da viagem, e orienta\u00e7\u00e3o clara sobre cursos e acomoda\u00e7\u00e3o.\" \/>\n<meta property=\"og:url\" content=\"https:\/\/cebu-english-school.com\/pt-br\/inquiry\" \/>\n<meta property=\"og:site_name\" content=\"Cebu English School \u2013 Site Oficial\" \/>\n<meta property=\"article:modified_time\" content=\"2025-11-26T07:26:57+00:00\" \/>\n<meta name=\"twitter:card\" content=\"summary_large_image\" \/>\n<meta name=\"twitter:label1\" content=\"\u63a8\u5b9a\u8aad\u307f\u53d6\u308a\u6642\u9593\" \/>\n\t<meta name=\"twitter:data1\" content=\"1\u5206\" \/>\n<script type=\"application\/ld+json\" class=\"yoast-schema-graph\">{\"@context\":\"https:\/\/schema.org\",\"@graph\":[{\"@type\":\"WebPage\",\"@id\":\"https:\/\/cebu-english-school.com\/pt-br\/inquiry\",\"url\":\"https:\/\/cebu-english-school.com\/pt-br\/inquiry\",\"name\":\"Fale Conosco\uff5cCebu Englsih School\",\"isPartOf\":{\"@id\":\"https:\/\/cebu-english-school.com\/pt-br\/#website\"},\"datePublished\":\"2023-04-05T23:18:21+00:00\",\"dateModified\":\"2025-11-26T07:26:57+00:00\",\"description\":\"Entre em contato com a Cebu English School e envie suas d\u00favidas sobre interc\u00e2mbio em Cebu. Atendimento r\u00e1pido e simp\u00e1tico, suporte completo antes da viagem, e orienta\u00e7\u00e3o clara sobre cursos e acomoda\u00e7\u00e3o.\",\"breadcrumb\":{\"@id\":\"https:\/\/cebu-english-school.com\/pt-br\/inquiry#breadcrumb\"},\"inLanguage\":\"ja\",\"potentialAction\":[{\"@type\":\"ReadAction\",\"target\":[\"https:\/\/cebu-english-school.com\/pt-br\/inquiry\"]}]},{\"@type\":\"BreadcrumbList\",\"@id\":\"https:\/\/cebu-english-school.com\/pt-br\/inquiry#breadcrumb\",\"itemListElement\":[{\"@type\":\"ListItem\",\"position\":1,\"name\":\"\u30db\u30fc\u30e0\",\"item\":\"https:\/\/cebu-english-school.com\/pt-br\/\"},{\"@type\":\"ListItem\",\"position\":2,\"name\":\"\u3010\u30dd\u30eb\u30c8\u30ac\u30eb\u8a9e\u3011\u304a\u554f\u3044\u5408\u308f\u305b\"}]},{\"@type\":\"WebSite\",\"@id\":\"https:\/\/cebu-english-school.com\/pt-br\/#website\",\"url\":\"https:\/\/cebu-english-school.com\/pt-br\/\",\"name\":\"\u3010\u516c\u5f0f\u3011\u30bb\u30d6\u30a4\u30f3\u30b0\u30ea\u30c3\u30b7\u30e5\u30b9\u30af\u30fc\u30eb\",\"description\":\"Para Estudar em Cebu, Escolha a Cebu English School\",\"publisher\":{\"@id\":\"https:\/\/cebu-english-school.com\/pt-br\/#organization\"},\"potentialAction\":[{\"@type\":\"SearchAction\",\"target\":{\"@type\":\"EntryPoint\",\"urlTemplate\":\"https:\/\/cebu-english-school.com\/pt-br\/?s={search_term_string}\"},\"query-input\":{\"@type\":\"PropertyValueSpecification\",\"valueRequired\":true,\"valueName\":\"search_term_string\"}}],\"inLanguage\":\"ja\"},{\"@type\":\"Organization\",\"@id\":\"https:\/\/cebu-english-school.com\/pt-br\/#organization\",\"name\":\"\u3010\u516c\u5f0f\u3011\u30bb\u30d6\u30a4\u30f3\u30b0\u30ea\u30c3\u30b7\u30e5\u30b9\u30af\u30fc\u30eb\",\"url\":\"https:\/\/cebu-english-school.com\/pt-br\/\",\"logo\":{\"@type\":\"ImageObject\",\"inLanguage\":\"ja\",\"@id\":\"https:\/\/cebu-english-school.com\/pt-br\/#\/schema\/logo\/image\/\",\"url\":\"https:\/\/cebu-english-school.com\/pt-br\/wp-content\/uploads\/2023\/02\/logo.jpg\",\"contentUrl\":\"https:\/\/cebu-english-school.com\/pt-br\/wp-content\/uploads\/2023\/02\/logo.jpg\",\"width\":491,\"height\":297,\"caption\":\"\u3010\u516c\u5f0f\u3011\u30bb\u30d6\u30a4\u30f3\u30b0\u30ea\u30c3\u30b7\u30e5\u30b9\u30af\u30fc\u30eb\"},\"image\":{\"@id\":\"https:\/\/cebu-english-school.com\/pt-br\/#\/schema\/logo\/image\/\"}}]}<\/script>\n<!-- \/ Yoast SEO plugin. -->","yoast_head_json":{"title":"Fale Conosco\uff5cCebu Englsih School","description":"Entre em contato com a Cebu English School e envie suas d\u00favidas sobre interc\u00e2mbio em Cebu. Atendimento r\u00e1pido e simp\u00e1tico, suporte completo antes da viagem, e orienta\u00e7\u00e3o clara sobre cursos e acomoda\u00e7\u00e3o.","robots":{"index":"index","follow":"follow","max-snippet":"max-snippet:-1","max-image-preview":"max-image-preview:large","max-video-preview":"max-video-preview:-1"},"canonical":"https:\/\/cebu-english-school.com\/pt-br\/inquiry","og_locale":"ja_JP","og_type":"article","og_title":"Fale Conosco\uff5cCebu Englsih School","og_description":"Entre em contato com a Cebu English School e envie suas d\u00favidas sobre interc\u00e2mbio em Cebu. Atendimento r\u00e1pido e simp\u00e1tico, suporte completo antes da viagem, e orienta\u00e7\u00e3o clara sobre cursos e acomoda\u00e7\u00e3o.","og_url":"https:\/\/cebu-english-school.com\/pt-br\/inquiry","og_site_name":"Cebu English School \u2013 Site Oficial","article_modified_time":"2025-11-26T07:26:57+00:00","twitter_card":"summary_large_image","twitter_misc":{"\u63a8\u5b9a\u8aad\u307f\u53d6\u308a\u6642\u9593":"1\u5206"},"schema":{"@context":"https:\/\/schema.org","@graph":[{"@type":"WebPage","@id":"https:\/\/cebu-english-school.com\/pt-br\/inquiry","url":"https:\/\/cebu-english-school.com\/pt-br\/inquiry","name":"Fale Conosco\uff5cCebu Englsih School","isPartOf":{"@id":"https:\/\/cebu-english-school.com\/pt-br\/#website"},"datePublished":"2023-04-05T23:18:21+00:00","dateModified":"2025-11-26T07:26:57+00:00","description":"Entre em contato com a Cebu English School e envie suas d\u00favidas sobre interc\u00e2mbio em Cebu. Atendimento r\u00e1pido e simp\u00e1tico, suporte completo antes da viagem, e orienta\u00e7\u00e3o clara sobre cursos e acomoda\u00e7\u00e3o.","breadcrumb":{"@id":"https:\/\/cebu-english-school.com\/pt-br\/inquiry#breadcrumb"},"inLanguage":"ja","potentialAction":[{"@type":"ReadAction","target":["https:\/\/cebu-english-school.com\/pt-br\/inquiry"]}]},{"@type":"BreadcrumbList","@id":"https:\/\/cebu-english-school.com\/pt-br\/inquiry#breadcrumb","itemListElement":[{"@type":"ListItem","position":1,"name":"\u30db\u30fc\u30e0","item":"https:\/\/cebu-english-school.com\/pt-br\/"},{"@type":"ListItem","position":2,"name":"\u3010\u30dd\u30eb\u30c8\u30ac\u30eb\u8a9e\u3011\u304a\u554f\u3044\u5408\u308f\u305b"}]},{"@type":"WebSite","@id":"https:\/\/cebu-english-school.com\/pt-br\/#website","url":"https:\/\/cebu-english-school.com\/pt-br\/","name":"\u3010\u516c\u5f0f\u3011\u30bb\u30d6\u30a4\u30f3\u30b0\u30ea\u30c3\u30b7\u30e5\u30b9\u30af\u30fc\u30eb","description":"Para Estudar em Cebu, Escolha a Cebu English School","publisher":{"@id":"https:\/\/cebu-english-school.com\/pt-br\/#organization"},"potentialAction":[{"@type":"SearchAction","target":{"@type":"EntryPoint","urlTemplate":"https:\/\/cebu-english-school.com\/pt-br\/?s={search_term_string}"},"query-input":{"@type":"PropertyValueSpecification","valueRequired":true,"valueName":"search_term_string"}}],"inLanguage":"ja"},{"@type":"Organization","@id":"https:\/\/cebu-english-school.com\/pt-br\/#organization","name":"\u3010\u516c\u5f0f\u3011\u30bb\u30d6\u30a4\u30f3\u30b0\u30ea\u30c3\u30b7\u30e5\u30b9\u30af\u30fc\u30eb","url":"https:\/\/cebu-english-school.com\/pt-br\/","logo":{"@type":"ImageObject","inLanguage":"ja","@id":"https:\/\/cebu-english-school.com\/pt-br\/#\/schema\/logo\/image\/","url":"https:\/\/cebu-english-school.com\/pt-br\/wp-content\/uploads\/2023\/02\/logo.jpg","contentUrl":"https:\/\/cebu-english-school.com\/pt-br\/wp-content\/uploads\/2023\/02\/logo.jpg","width":491,"height":297,"caption":"\u3010\u516c\u5f0f\u3011\u30bb\u30d6\u30a4\u30f3\u30b0\u30ea\u30c3\u30b7\u30e5\u30b9\u30af\u30fc\u30eb"},"image":{"@id":"https:\/\/cebu-english-school.com\/pt-br\/#\/schema\/logo\/image\/"}}]}},"_links":{"self":[{"href":"https:\/\/cebu-english-school.com\/pt-br\/wp-json\/wp\/v2\/pages\/327","targetHints":{"allow":["GET"]}}],"collection":[{"href":"https:\/\/cebu-english-school.com\/pt-br\/wp-json\/wp\/v2\/pages"}],"about":[{"href":"https:\/\/cebu-english-school.com\/pt-br\/wp-json\/wp\/v2\/types\/page"}],"author":[{"embeddable":true,"href":"https:\/\/cebu-english-school.com\/pt-br\/wp-json\/wp\/v2\/users\/1"}],"replies":[{"embeddable":true,"href":"https:\/\/cebu-english-school.com\/pt-br\/wp-json\/wp\/v2\/comments?post=327"}],"version-history":[{"count":10,"href":"https:\/\/cebu-english-school.com\/pt-br\/wp-json\/wp\/v2\/pages\/327\/revisions"}],"predecessor-version":[{"id":3821,"href":"https:\/\/cebu-english-school.com\/pt-br\/wp-json\/wp\/v2\/pages\/327\/revisions\/3821"}],"wp:attachment":[{"href":"https:\/\/cebu-english-school.com\/pt-br\/wp-json\/wp\/v2\/media?parent=327"}],"curies":[{"name":"wp","href":"https:\/\/api.w.org\/{rel}","templated":true}]}}