{"id":3763,"date":"2025-11-18T07:31:17","date_gmt":"2025-11-17T22:31:17","guid":{"rendered":"https:\/\/cebu-english-school.com\/pt-br\/?page_id=3763"},"modified":"2025-11-27T15:54:08","modified_gmt":"2025-11-27T06:54:08","slug":"company","status":"publish","type":"page","link":"https:\/\/cebu-english-school.com\/pt-br\/company","title":{"rendered":"\u3010\u30dd\u30eb\u30c8\u30ac\u30eb\u8a9e\u3011\u904b\u55b6\u4f1a\u793e"},"content":{"rendered":"<div id=\"sgb-css-id-2\">\n<div class=\"wp-block-sgb-hero alignfull\"><div class=\"header-image\" style=\"background-image:url(https:\/\/cebu-english-school.com\/pt-br\/wp-content\/uploads\/2025\/11\/company1.jpg)\"><div class=\"header-image__shade\" style=\"background-color:rgba(0, 0, 0, 0.4)\"><\/div><div class=\"header-image__text\"><p class=\"header-image__headline\">Empresa Operadora<\/p><div class=\"header-image__btn\"><div id=\"sgb-btn-group-id1\">\n<div class=\"wp-block-sgb-btn-group\"><\/div>\n<\/div><\/div><\/div><\/div><\/div>\n<\/div>\n\n\n<p>Este site (vers\u00e3o oficial em portugu\u00eas do Cebu English School) \u00e9 operado pela <strong>SRD Co., Ltd.<\/strong>,<br>empresa japonesa respons\u00e1vel pela administra\u00e7\u00e3o do site e pelo atendimento das matr\u00edculas,<br>sob solicita\u00e7\u00e3o da empresa filipina <strong>PRO CREATIVE ENGLISH SCHOOL INC. (nome da escola: Cebu English School)<\/strong>.<\/p>\n\n\n\n<table class=\"company-table\">\n  <thead>\n    <tr>\n      <th colspan=\"2\">Empresa Operadora \u2014 SRD Co., Ltd.<\/th>\n    <\/tr>\n  <\/thead>\n\n  <tbody>\n    <tr>\n      <th>Nome da Escola<\/th>\n      <td>Cebu English School<\/td>\n    <\/tr>\n\n    <tr>\n      <th>Endere\u00e7o<\/th>\n      <td>Ace Building 3C, 2-5-14 Ichiba Nishi, Izumisano-shi, Osaka, Jap\u00e3o<\/td>\n    <\/tr>\n\n    <tr>\n      <th>Funda\u00e7\u00e3o<\/th>\n      <td>Mar\u00e7o de 2008<\/td>\n    <\/tr>\n\n    <tr>\n      <th>Capital Social<\/th>\n      <td>\u00a59.400.000<\/td>\n    <\/tr>\n\n    <tr>\n      <th>Diretor Executivo<\/th>\n      <td>Toshiki Miyagawa<\/td>\n    <\/tr>\n\n    <tr>\n      <th>Atividades da Empresa<\/th>\n      <td>\n        1. Apresenta\u00e7\u00e3o da escola e suporte ao processo de matr\u00edcula na Cebu English School<br>\n        2. Orienta\u00e7\u00e3o sobre documentos necess\u00e1rios, suporte pr\u00e9-viagem e fornecimento de informa\u00e7\u00f5es de vida local<br>\n        3. Realiza\u00e7\u00e3o de sess\u00f5es informativas on-line e consultas individuais para estudantes<br>\n        4. Suporte e orienta\u00e7\u00e3o sobre dormit\u00f3rios estudantis e hot\u00e9is parceiros<br>\n        5. Atendimento geral para consultas relacionadas \u00e0 vida do estudante no exterior\n      <\/td>\n    <\/tr>\n  <\/tbody>\n<\/table>\n\n\n\n\n<p><\/p>\n","protected":false},"excerpt":{"rendered":"<p>Este site (vers\u00e3o oficial em portugu\u00eas do Cebu English School) \u00e9 operado pela SRD Co., Ltd.,empresa japonesa r &#8230; <\/p>\n","protected":false},"author":1,"featured_media":0,"parent":0,"menu_order":0,"comment_status":"closed","ping_status":"closed","template":"page-forfront.php","meta":{"footnotes":""},"class_list":{"0":"post-3763","1":"page","2":"type-page","3":"status-publish","5":"nothumb"},"yoast_head":"<!-- This site is optimized with the Yoast SEO plugin v26.2 - https:\/\/yoast.com\/wordpress\/plugins\/seo\/ -->\n<title>Informa\u00e7\u00f5es da Empresa | Cebu English School<\/title>\n<meta name=\"description\" content=\"O site oficial em portugu\u00eas do Cebu English School \u00e9 operado pela SRD Co., Ltd., respons\u00e1vel pelo atendimento, matr\u00edculas, orienta\u00e7\u00e3o pr\u00e9-viagem e suporte completo aos estudantes que desejam estudar ingl\u00eas em Cebu.\" \/>\n<meta name=\"robots\" content=\"index, follow, max-snippet:-1, max-image-preview:large, max-video-preview:-1\" \/>\n<link rel=\"canonical\" href=\"https:\/\/cebu-english-school.com\/pt-br\/company\" \/>\n<meta property=\"og:locale\" content=\"ja_JP\" \/>\n<meta property=\"og:type\" content=\"article\" \/>\n<meta property=\"og:title\" content=\"Informa\u00e7\u00f5es da Empresa | Cebu English School\" \/>\n<meta property=\"og:description\" content=\"O site oficial em portugu\u00eas do Cebu English School \u00e9 operado pela SRD Co., Ltd., respons\u00e1vel pelo atendimento, matr\u00edculas, orienta\u00e7\u00e3o pr\u00e9-viagem e suporte completo aos estudantes que desejam estudar ingl\u00eas em Cebu.\" \/>\n<meta property=\"og:url\" content=\"https:\/\/cebu-english-school.com\/pt-br\/company\" \/>\n<meta property=\"og:site_name\" content=\"Cebu English School \u2013 Site Oficial\" \/>\n<meta property=\"article:modified_time\" content=\"2025-11-27T06:54:08+00:00\" \/>\n<meta name=\"twitter:card\" content=\"summary_large_image\" \/>\n<meta name=\"twitter:label1\" content=\"\u63a8\u5b9a\u8aad\u307f\u53d6\u308a\u6642\u9593\" \/>\n\t<meta name=\"twitter:data1\" content=\"3\u5206\" \/>\n<script type=\"application\/ld+json\" class=\"yoast-schema-graph\">{\"@context\":\"https:\/\/schema.org\",\"@graph\":[{\"@type\":\"WebPage\",\"@id\":\"https:\/\/cebu-english-school.com\/pt-br\/company\",\"url\":\"https:\/\/cebu-english-school.com\/pt-br\/company\",\"name\":\"Informa\u00e7\u00f5es da Empresa | Cebu English School\",\"isPartOf\":{\"@id\":\"https:\/\/cebu-english-school.com\/pt-br\/#website\"},\"datePublished\":\"2025-11-17T22:31:17+00:00\",\"dateModified\":\"2025-11-27T06:54:08+00:00\",\"description\":\"O site oficial em portugu\u00eas do Cebu English School \u00e9 operado pela SRD Co., Ltd., respons\u00e1vel pelo atendimento, matr\u00edculas, orienta\u00e7\u00e3o pr\u00e9-viagem e suporte completo aos estudantes que desejam estudar ingl\u00eas em Cebu.\",\"breadcrumb\":{\"@id\":\"https:\/\/cebu-english-school.com\/pt-br\/company#breadcrumb\"},\"inLanguage\":\"ja\",\"potentialAction\":[{\"@type\":\"ReadAction\",\"target\":[\"https:\/\/cebu-english-school.com\/pt-br\/company\"]}]},{\"@type\":\"BreadcrumbList\",\"@id\":\"https:\/\/cebu-english-school.com\/pt-br\/company#breadcrumb\",\"itemListElement\":[{\"@type\":\"ListItem\",\"position\":1,\"name\":\"\u30db\u30fc\u30e0\",\"item\":\"https:\/\/cebu-english-school.com\/pt-br\/\"},{\"@type\":\"ListItem\",\"position\":2,\"name\":\"\u3010\u30dd\u30eb\u30c8\u30ac\u30eb\u8a9e\u3011\u904b\u55b6\u4f1a\u793e\"}]},{\"@type\":\"WebSite\",\"@id\":\"https:\/\/cebu-english-school.com\/pt-br\/#website\",\"url\":\"https:\/\/cebu-english-school.com\/pt-br\/\",\"name\":\"\u3010\u516c\u5f0f\u3011\u30bb\u30d6\u30a4\u30f3\u30b0\u30ea\u30c3\u30b7\u30e5\u30b9\u30af\u30fc\u30eb\",\"description\":\"Para Estudar em Cebu, Escolha a Cebu English School\",\"publisher\":{\"@id\":\"https:\/\/cebu-english-school.com\/pt-br\/#organization\"},\"potentialAction\":[{\"@type\":\"SearchAction\",\"target\":{\"@type\":\"EntryPoint\",\"urlTemplate\":\"https:\/\/cebu-english-school.com\/pt-br\/?s={search_term_string}\"},\"query-input\":{\"@type\":\"PropertyValueSpecification\",\"valueRequired\":true,\"valueName\":\"search_term_string\"}}],\"inLanguage\":\"ja\"},{\"@type\":\"Organization\",\"@id\":\"https:\/\/cebu-english-school.com\/pt-br\/#organization\",\"name\":\"\u3010\u516c\u5f0f\u3011\u30bb\u30d6\u30a4\u30f3\u30b0\u30ea\u30c3\u30b7\u30e5\u30b9\u30af\u30fc\u30eb\",\"url\":\"https:\/\/cebu-english-school.com\/pt-br\/\",\"logo\":{\"@type\":\"ImageObject\",\"inLanguage\":\"ja\",\"@id\":\"https:\/\/cebu-english-school.com\/pt-br\/#\/schema\/logo\/image\/\",\"url\":\"https:\/\/cebu-english-school.com\/pt-br\/wp-content\/uploads\/2023\/02\/logo.jpg\",\"contentUrl\":\"https:\/\/cebu-english-school.com\/pt-br\/wp-content\/uploads\/2023\/02\/logo.jpg\",\"width\":491,\"height\":297,\"caption\":\"\u3010\u516c\u5f0f\u3011\u30bb\u30d6\u30a4\u30f3\u30b0\u30ea\u30c3\u30b7\u30e5\u30b9\u30af\u30fc\u30eb\"},\"image\":{\"@id\":\"https:\/\/cebu-english-school.com\/pt-br\/#\/schema\/logo\/image\/\"}}]}<\/script>\n<!-- \/ Yoast SEO plugin. -->","yoast_head_json":{"title":"Informa\u00e7\u00f5es da Empresa | Cebu English School","description":"O site oficial em portugu\u00eas do Cebu English School \u00e9 operado pela SRD Co., Ltd., respons\u00e1vel pelo atendimento, matr\u00edculas, orienta\u00e7\u00e3o pr\u00e9-viagem e suporte completo aos estudantes que desejam estudar ingl\u00eas em Cebu.","robots":{"index":"index","follow":"follow","max-snippet":"max-snippet:-1","max-image-preview":"max-image-preview:large","max-video-preview":"max-video-preview:-1"},"canonical":"https:\/\/cebu-english-school.com\/pt-br\/company","og_locale":"ja_JP","og_type":"article","og_title":"Informa\u00e7\u00f5es da Empresa | Cebu English School","og_description":"O site oficial em portugu\u00eas do Cebu English School \u00e9 operado pela SRD Co., Ltd., respons\u00e1vel pelo atendimento, matr\u00edculas, orienta\u00e7\u00e3o pr\u00e9-viagem e suporte completo aos estudantes que desejam estudar ingl\u00eas em Cebu.","og_url":"https:\/\/cebu-english-school.com\/pt-br\/company","og_site_name":"Cebu English School \u2013 Site Oficial","article_modified_time":"2025-11-27T06:54:08+00:00","twitter_card":"summary_large_image","twitter_misc":{"\u63a8\u5b9a\u8aad\u307f\u53d6\u308a\u6642\u9593":"3\u5206"},"schema":{"@context":"https:\/\/schema.org","@graph":[{"@type":"WebPage","@id":"https:\/\/cebu-english-school.com\/pt-br\/company","url":"https:\/\/cebu-english-school.com\/pt-br\/company","name":"Informa\u00e7\u00f5es da Empresa | Cebu English School","isPartOf":{"@id":"https:\/\/cebu-english-school.com\/pt-br\/#website"},"datePublished":"2025-11-17T22:31:17+00:00","dateModified":"2025-11-27T06:54:08+00:00","description":"O site oficial em portugu\u00eas do Cebu English School \u00e9 operado pela SRD Co., Ltd., respons\u00e1vel pelo atendimento, matr\u00edculas, orienta\u00e7\u00e3o pr\u00e9-viagem e suporte completo aos estudantes que desejam estudar ingl\u00eas em Cebu.","breadcrumb":{"@id":"https:\/\/cebu-english-school.com\/pt-br\/company#breadcrumb"},"inLanguage":"ja","potentialAction":[{"@type":"ReadAction","target":["https:\/\/cebu-english-school.com\/pt-br\/company"]}]},{"@type":"BreadcrumbList","@id":"https:\/\/cebu-english-school.com\/pt-br\/company#breadcrumb","itemListElement":[{"@type":"ListItem","position":1,"name":"\u30db\u30fc\u30e0","item":"https:\/\/cebu-english-school.com\/pt-br\/"},{"@type":"ListItem","position":2,"name":"\u3010\u30dd\u30eb\u30c8\u30ac\u30eb\u8a9e\u3011\u904b\u55b6\u4f1a\u793e"}]},{"@type":"WebSite","@id":"https:\/\/cebu-english-school.com\/pt-br\/#website","url":"https:\/\/cebu-english-school.com\/pt-br\/","name":"\u3010\u516c\u5f0f\u3011\u30bb\u30d6\u30a4\u30f3\u30b0\u30ea\u30c3\u30b7\u30e5\u30b9\u30af\u30fc\u30eb","description":"Para Estudar em Cebu, Escolha a Cebu English School","publisher":{"@id":"https:\/\/cebu-english-school.com\/pt-br\/#organization"},"potentialAction":[{"@type":"SearchAction","target":{"@type":"EntryPoint","urlTemplate":"https:\/\/cebu-english-school.com\/pt-br\/?s={search_term_string}"},"query-input":{"@type":"PropertyValueSpecification","valueRequired":true,"valueName":"search_term_string"}}],"inLanguage":"ja"},{"@type":"Organization","@id":"https:\/\/cebu-english-school.com\/pt-br\/#organization","name":"\u3010\u516c\u5f0f\u3011\u30bb\u30d6\u30a4\u30f3\u30b0\u30ea\u30c3\u30b7\u30e5\u30b9\u30af\u30fc\u30eb","url":"https:\/\/cebu-english-school.com\/pt-br\/","logo":{"@type":"ImageObject","inLanguage":"ja","@id":"https:\/\/cebu-english-school.com\/pt-br\/#\/schema\/logo\/image\/","url":"https:\/\/cebu-english-school.com\/pt-br\/wp-content\/uploads\/2023\/02\/logo.jpg","contentUrl":"https:\/\/cebu-english-school.com\/pt-br\/wp-content\/uploads\/2023\/02\/logo.jpg","width":491,"height":297,"caption":"\u3010\u516c\u5f0f\u3011\u30bb\u30d6\u30a4\u30f3\u30b0\u30ea\u30c3\u30b7\u30e5\u30b9\u30af\u30fc\u30eb"},"image":{"@id":"https:\/\/cebu-english-school.com\/pt-br\/#\/schema\/logo\/image\/"}}]}},"_links":{"self":[{"href":"https:\/\/cebu-english-school.com\/pt-br\/wp-json\/wp\/v2\/pages\/3763","targetHints":{"allow":["GET"]}}],"collection":[{"href":"https:\/\/cebu-english-school.com\/pt-br\/wp-json\/wp\/v2\/pages"}],"about":[{"href":"https:\/\/cebu-english-school.com\/pt-br\/wp-json\/wp\/v2\/types\/page"}],"author":[{"embeddable":true,"href":"https:\/\/cebu-english-school.com\/pt-br\/wp-json\/wp\/v2\/users\/1"}],"replies":[{"embeddable":true,"href":"https:\/\/cebu-english-school.com\/pt-br\/wp-json\/wp\/v2\/comments?post=3763"}],"version-history":[{"count":4,"href":"https:\/\/cebu-english-school.com\/pt-br\/wp-json\/wp\/v2\/pages\/3763\/revisions"}],"predecessor-version":[{"id":3860,"href":"https:\/\/cebu-english-school.com\/pt-br\/wp-json\/wp\/v2\/pages\/3763\/revisions\/3860"}],"wp:attachment":[{"href":"https:\/\/cebu-english-school.com\/pt-br\/wp-json\/wp\/v2\/media?parent=3763"}],"curies":[{"name":"wp","href":"https:\/\/api.w.org\/{rel}","templated":true}]}}