{"id":89,"date":"2023-02-22T11:04:35","date_gmt":"2023-02-22T02:04:35","guid":{"rendered":"https:\/\/cebu-english-school.com\/pt-br\/?page_id=89"},"modified":"2025-11-26T18:34:29","modified_gmt":"2025-11-26T09:34:29","slug":"school-facility","status":"publish","type":"page","link":"https:\/\/cebu-english-school.com\/pt-br\/school-facility","title":{"rendered":"\u3010\u30dd\u30eb\u30c8\u30ac\u30eb\u8a9e\u3011\u5b66\u6821\u65bd\u8a2d\u306b\u3064\u3044\u3066"},"content":{"rendered":"<div id=\"sgb-css-id-3\">\n<div class=\"wp-block-sgb-hero alignfull\"><div class=\"header-image\" style=\"background-image:url(https:\/\/cebu-english-school.com\/pt-br\/wp-content\/uploads\/2025\/11\/IMG_3304-scaled.jpg)\"><div class=\"header-image__shade\" style=\"background-color:rgba(0, 0, 0, 0.4)\"><\/div><div class=\"header-image__text\"><p class=\"header-image__headline\">Instala\u00e7\u00f5es da Escola<\/p><div class=\"header-image__btn\"><div id=\"sgb-btn-group-id2\"><div id=\"sgb-css-id-1\">\n<div class=\"wp-block-sgb-btn-group\">\n<p class=\"wp-block-sgb-btn sng-align-left\"><a style=\"background-color:var(--wp--preset--color--sango-main)\" class=\"btn normal raised\" href=\"\"><\/a><\/p>\n<\/div>\n<\/div><\/div><\/div><\/div><\/div><\/div>\n<\/div>\n\n\n<p>A Cebu English School est\u00e1 localizada no centro seguro da cidade de Cebu, a apenas 3 minutos a p\u00e9 do Ayala Mall, uma \u00e1rea extremamente conveniente.<br>Dentro da escola, h\u00e1 salas de aula individuais (one-on-one), salas de aula em grupo, piscina e escrit\u00f3rio administrativo. Al\u00e9m disso, dentro do complexo h\u00e1 uma loja 24 horas e uma lavanderia, garantindo uma vida estudantil confort\u00e1vel e sem inconvenientes.<\/p>\n\n\n\n<!-- \u25bc\u25bc\u30de\u30f3\u30c4\u30fc\u30de\u30f3\u25bc\u25bc -->\n\n\n<p><\/p>\n\n\n\n<div class=\"wp-block-columns is-layout-flex wp-container-core-columns-is-layout-28f84493 wp-block-columns-is-layout-flex\">\n<div class=\"wp-block-column is-layout-flow wp-block-column-is-layout-flow\">\n<!-- \u30b0\u30eb\u30fc\u30d7\u30af\u30e9\u30b9\u30b9\u30e9\u30a4\u30c0\u30fc -->\n\n\n\n<p><\/p>\n\n\n\n<!-- \u30ad\u30c3\u30ba\u30eb\u30fc\u30e0 -->\n\n\n\n<p><\/p>\n\n\n\n<!-- \u25bc\u25bc\u305d\u306e\u4ed6\u65bd\u8a2d\u25bc\u25bc -->\n\n\n\n<p><\/p>\n<\/div>\n<\/div>\n\n\n\n<h2 class=\"wp-block-heading\" id=\"i-0\">Ambiente ao Redor<\/h2>\n\n\n\n<p>A escola est\u00e1 a 40\u201350 minutos do aeroporto e a apenas 3 minutos a p\u00e9 do Ayala Mall.<br>Na regi\u00e3o h\u00e1 conveni\u00eancias como lojas, Starbucks, restaurantes e spas\/massagens \u2014 uma \u00e1rea extremamente pr\u00e1tica para estudantes.<\/p>\n\n\n<div id=\"sgb-css-id-4\">\n<div class=\"wp-block-sgb-box-menu\"><div class=\"sgb-box-menu sgb-box-menu--notitle\"><div class=\"sgb-box-menu__list sgb-box-menu__list--4column\"><a class=\"sgb-box-menu__item\"><img decoding=\"async\" src=\"https:\/\/cebu-english-school.com\/pt-br\/wp-content\/uploads\/2025\/11\/IMG_3304-2.jpg\" class=\"sgb-box-menu__image\" width=\"402\" height=\"302\"><p class=\"sgb-box-menu__item-title\">Fachada da Escola<\/p><\/a><a class=\"sgb-box-menu__item\"><img decoding=\"async\" src=\"https:\/\/cebu-english-school.com\/pt-br\/wp-content\/uploads\/2025\/11\/IMG_2567.jpg\" class=\"sgb-box-menu__image\" width=\"401\" height=\"301\"><p class=\"sgb-box-menu__item-title\">Caf\u00e9<\/p><\/a><a class=\"sgb-box-menu__item\"><img decoding=\"async\" src=\"https:\/\/cebu-english-school.com\/pt-br\/wp-content\/uploads\/2025\/11\/IMG_3273.jpg\" class=\"sgb-box-menu__image\" width=\"400\" height=\"300\"><p class=\"sgb-box-menu__item-title\">Casa de C\u00e2mbio<\/p><\/a><a class=\"sgb-box-menu__item\"><img decoding=\"async\" src=\"https:\/\/cebu-english-school.com\/pt-br\/wp-content\/uploads\/2025\/11\/IMG_3487.jpg\" class=\"sgb-box-menu__image\" width=\"408\" height=\"306\"><p class=\"sgb-box-menu__item-title\">Restaurantes Locais<\/p><\/a><\/div><\/div><\/div>\n<\/div>\n\n<div id=\"sgb-css-id-5\">\n<div class=\"wp-block-sgb-box-menu\"><div class=\"sgb-box-menu sgb-box-menu--notitle\"><div class=\"sgb-box-menu__list sgb-box-menu__list--4column\"><a class=\"sgb-box-menu__item\"><img decoding=\"async\" src=\"https:\/\/cebu-english-school.com\/pt-br\/wp-content\/uploads\/2025\/11\/IMG_9698.jpg\" class=\"sgb-box-menu__image\" width=\"620\" height=\"465\"><p class=\"sgb-box-menu__item-title\">Lavanderia<\/p><\/a><a class=\"sgb-box-menu__item\"><img decoding=\"async\" src=\"https:\/\/cebu-english-school.com\/pt-br\/wp-content\/uploads\/2025\/11\/IMG_1992.jpg\" class=\"sgb-box-menu__image\" width=\"409\" height=\"307\"><p class=\"sgb-box-menu__item-title\">Massagem<\/p><\/a><a class=\"sgb-box-menu__item\"><img decoding=\"async\" src=\"https:\/\/cebu-english-school.com\/pt-br\/wp-content\/uploads\/2025\/11\/IMG_3327.jpg\" class=\"sgb-box-menu__image\" width=\"410\" height=\"307\"><p class=\"sgb-box-menu__item-title\">Samgyeopsal<\/p><\/a><a class=\"sgb-box-menu__item\"><img decoding=\"async\" src=\"https:\/\/cebu-english-school.com\/pt-br\/wp-content\/uploads\/2025\/11\/IMG_1989.jpg\" class=\"sgb-box-menu__image\" width=\"403\" height=\"303\"><p class=\"sgb-box-menu__item-title\">Starbucks<\/p><\/a><\/div><\/div><\/div>\n<\/div>\n\n\n<p><\/p>\n","protected":false},"excerpt":{"rendered":"<p>A Cebu English School est\u00e1 localizada no centro seguro da cidade de Cebu, a apenas 3 minutos a p\u00e9 do Ayala Mal &#8230; <\/p>\n","protected":false},"author":1,"featured_media":0,"parent":0,"menu_order":0,"comment_status":"closed","ping_status":"closed","template":"page-forfront.php","meta":{"footnotes":""},"class_list":{"0":"post-89","1":"page","2":"type-page","3":"status-publish","5":"nothumb"},"yoast_head":"<!-- This site is optimized with the Yoast SEO plugin v26.2 - https:\/\/yoast.com\/wordpress\/plugins\/seo\/ -->\n<title>Estrutura Completa e Ambiente de Estudo\uff5cCebu English School<\/title>\n<meta name=\"description\" content=\"A CES combina aulas individuais e grupos reduzidos para maximizar o aprendizado. Estrutura completa e localiza\u00e7\u00e3o pr\u00e1tica garantem um estudo tranquilo.\" \/>\n<meta name=\"robots\" content=\"index, follow, max-snippet:-1, max-image-preview:large, max-video-preview:-1\" \/>\n<link rel=\"canonical\" href=\"https:\/\/cebu-english-school.com\/pt-br\/school-facility\" \/>\n<meta property=\"og:locale\" content=\"ja_JP\" \/>\n<meta property=\"og:type\" content=\"article\" \/>\n<meta property=\"og:title\" content=\"Estrutura Completa e Ambiente de Estudo\uff5cCebu English School\" \/>\n<meta property=\"og:description\" content=\"A CES combina aulas individuais e grupos reduzidos para maximizar o aprendizado. Estrutura completa e localiza\u00e7\u00e3o pr\u00e1tica garantem um estudo tranquilo.\" \/>\n<meta property=\"og:url\" content=\"https:\/\/cebu-english-school.com\/pt-br\/school-facility\" \/>\n<meta property=\"og:site_name\" content=\"Cebu English School \u2013 Site Oficial\" \/>\n<meta property=\"article:modified_time\" content=\"2025-11-26T09:34:29+00:00\" \/>\n<meta property=\"og:image\" content=\"https:\/\/cebu-english-school.com\/pt-br\/wp-content\/uploads\/2025\/11\/IMG_3304-2.jpg\" \/>\n<meta name=\"twitter:card\" content=\"summary_large_image\" \/>\n<meta name=\"twitter:label1\" content=\"\u63a8\u5b9a\u8aad\u307f\u53d6\u308a\u6642\u9593\" \/>\n\t<meta name=\"twitter:data1\" content=\"4\u5206\" \/>\n<script type=\"application\/ld+json\" class=\"yoast-schema-graph\">{\"@context\":\"https:\/\/schema.org\",\"@graph\":[{\"@type\":\"WebPage\",\"@id\":\"https:\/\/cebu-english-school.com\/pt-br\/school-facility\",\"url\":\"https:\/\/cebu-english-school.com\/pt-br\/school-facility\",\"name\":\"Estrutura Completa e Ambiente de Estudo\uff5cCebu English School\",\"isPartOf\":{\"@id\":\"https:\/\/cebu-english-school.com\/pt-br\/#website\"},\"primaryImageOfPage\":{\"@id\":\"https:\/\/cebu-english-school.com\/pt-br\/school-facility#primaryimage\"},\"image\":{\"@id\":\"https:\/\/cebu-english-school.com\/pt-br\/school-facility#primaryimage\"},\"thumbnailUrl\":\"https:\/\/cebu-english-school.com\/pt-br\/wp-content\/uploads\/2025\/11\/IMG_3304-2.jpg\",\"datePublished\":\"2023-02-22T02:04:35+00:00\",\"dateModified\":\"2025-11-26T09:34:29+00:00\",\"description\":\"A CES combina aulas individuais e grupos reduzidos para maximizar o aprendizado. Estrutura completa e localiza\u00e7\u00e3o pr\u00e1tica garantem um estudo tranquilo.\",\"breadcrumb\":{\"@id\":\"https:\/\/cebu-english-school.com\/pt-br\/school-facility#breadcrumb\"},\"inLanguage\":\"ja\",\"potentialAction\":[{\"@type\":\"ReadAction\",\"target\":[\"https:\/\/cebu-english-school.com\/pt-br\/school-facility\"]}]},{\"@type\":\"ImageObject\",\"inLanguage\":\"ja\",\"@id\":\"https:\/\/cebu-english-school.com\/pt-br\/school-facility#primaryimage\",\"url\":\"https:\/\/cebu-english-school.com\/pt-br\/wp-content\/uploads\/2025\/11\/IMG_3304-2.jpg\",\"contentUrl\":\"https:\/\/cebu-english-school.com\/pt-br\/wp-content\/uploads\/2025\/11\/IMG_3304-2.jpg\"},{\"@type\":\"BreadcrumbList\",\"@id\":\"https:\/\/cebu-english-school.com\/pt-br\/school-facility#breadcrumb\",\"itemListElement\":[{\"@type\":\"ListItem\",\"position\":1,\"name\":\"\u30db\u30fc\u30e0\",\"item\":\"https:\/\/cebu-english-school.com\/pt-br\/\"},{\"@type\":\"ListItem\",\"position\":2,\"name\":\"\u3010\u30dd\u30eb\u30c8\u30ac\u30eb\u8a9e\u3011\u5b66\u6821\u65bd\u8a2d\u306b\u3064\u3044\u3066\"}]},{\"@type\":\"WebSite\",\"@id\":\"https:\/\/cebu-english-school.com\/pt-br\/#website\",\"url\":\"https:\/\/cebu-english-school.com\/pt-br\/\",\"name\":\"\u3010\u516c\u5f0f\u3011\u30bb\u30d6\u30a4\u30f3\u30b0\u30ea\u30c3\u30b7\u30e5\u30b9\u30af\u30fc\u30eb\",\"description\":\"Para Estudar em Cebu, Escolha a Cebu English School\",\"publisher\":{\"@id\":\"https:\/\/cebu-english-school.com\/pt-br\/#organization\"},\"potentialAction\":[{\"@type\":\"SearchAction\",\"target\":{\"@type\":\"EntryPoint\",\"urlTemplate\":\"https:\/\/cebu-english-school.com\/pt-br\/?s={search_term_string}\"},\"query-input\":{\"@type\":\"PropertyValueSpecification\",\"valueRequired\":true,\"valueName\":\"search_term_string\"}}],\"inLanguage\":\"ja\"},{\"@type\":\"Organization\",\"@id\":\"https:\/\/cebu-english-school.com\/pt-br\/#organization\",\"name\":\"\u3010\u516c\u5f0f\u3011\u30bb\u30d6\u30a4\u30f3\u30b0\u30ea\u30c3\u30b7\u30e5\u30b9\u30af\u30fc\u30eb\",\"url\":\"https:\/\/cebu-english-school.com\/pt-br\/\",\"logo\":{\"@type\":\"ImageObject\",\"inLanguage\":\"ja\",\"@id\":\"https:\/\/cebu-english-school.com\/pt-br\/#\/schema\/logo\/image\/\",\"url\":\"https:\/\/cebu-english-school.com\/pt-br\/wp-content\/uploads\/2023\/02\/logo.jpg\",\"contentUrl\":\"https:\/\/cebu-english-school.com\/pt-br\/wp-content\/uploads\/2023\/02\/logo.jpg\",\"width\":491,\"height\":297,\"caption\":\"\u3010\u516c\u5f0f\u3011\u30bb\u30d6\u30a4\u30f3\u30b0\u30ea\u30c3\u30b7\u30e5\u30b9\u30af\u30fc\u30eb\"},\"image\":{\"@id\":\"https:\/\/cebu-english-school.com\/pt-br\/#\/schema\/logo\/image\/\"}}]}<\/script>\n<!-- \/ Yoast SEO plugin. -->","yoast_head_json":{"title":"Estrutura Completa e Ambiente de Estudo\uff5cCebu English School","description":"A CES combina aulas individuais e grupos reduzidos para maximizar o aprendizado. Estrutura completa e localiza\u00e7\u00e3o pr\u00e1tica garantem um estudo tranquilo.","robots":{"index":"index","follow":"follow","max-snippet":"max-snippet:-1","max-image-preview":"max-image-preview:large","max-video-preview":"max-video-preview:-1"},"canonical":"https:\/\/cebu-english-school.com\/pt-br\/school-facility","og_locale":"ja_JP","og_type":"article","og_title":"Estrutura Completa e Ambiente de Estudo\uff5cCebu English School","og_description":"A CES combina aulas individuais e grupos reduzidos para maximizar o aprendizado. Estrutura completa e localiza\u00e7\u00e3o pr\u00e1tica garantem um estudo tranquilo.","og_url":"https:\/\/cebu-english-school.com\/pt-br\/school-facility","og_site_name":"Cebu English School \u2013 Site Oficial","article_modified_time":"2025-11-26T09:34:29+00:00","og_image":[{"url":"https:\/\/cebu-english-school.com\/pt-br\/wp-content\/uploads\/2025\/11\/IMG_3304-2.jpg","type":"","width":"","height":""}],"twitter_card":"summary_large_image","twitter_misc":{"\u63a8\u5b9a\u8aad\u307f\u53d6\u308a\u6642\u9593":"4\u5206"},"schema":{"@context":"https:\/\/schema.org","@graph":[{"@type":"WebPage","@id":"https:\/\/cebu-english-school.com\/pt-br\/school-facility","url":"https:\/\/cebu-english-school.com\/pt-br\/school-facility","name":"Estrutura Completa e Ambiente de Estudo\uff5cCebu English School","isPartOf":{"@id":"https:\/\/cebu-english-school.com\/pt-br\/#website"},"primaryImageOfPage":{"@id":"https:\/\/cebu-english-school.com\/pt-br\/school-facility#primaryimage"},"image":{"@id":"https:\/\/cebu-english-school.com\/pt-br\/school-facility#primaryimage"},"thumbnailUrl":"https:\/\/cebu-english-school.com\/pt-br\/wp-content\/uploads\/2025\/11\/IMG_3304-2.jpg","datePublished":"2023-02-22T02:04:35+00:00","dateModified":"2025-11-26T09:34:29+00:00","description":"A CES combina aulas individuais e grupos reduzidos para maximizar o aprendizado. Estrutura completa e localiza\u00e7\u00e3o pr\u00e1tica garantem um estudo tranquilo.","breadcrumb":{"@id":"https:\/\/cebu-english-school.com\/pt-br\/school-facility#breadcrumb"},"inLanguage":"ja","potentialAction":[{"@type":"ReadAction","target":["https:\/\/cebu-english-school.com\/pt-br\/school-facility"]}]},{"@type":"ImageObject","inLanguage":"ja","@id":"https:\/\/cebu-english-school.com\/pt-br\/school-facility#primaryimage","url":"https:\/\/cebu-english-school.com\/pt-br\/wp-content\/uploads\/2025\/11\/IMG_3304-2.jpg","contentUrl":"https:\/\/cebu-english-school.com\/pt-br\/wp-content\/uploads\/2025\/11\/IMG_3304-2.jpg"},{"@type":"BreadcrumbList","@id":"https:\/\/cebu-english-school.com\/pt-br\/school-facility#breadcrumb","itemListElement":[{"@type":"ListItem","position":1,"name":"\u30db\u30fc\u30e0","item":"https:\/\/cebu-english-school.com\/pt-br\/"},{"@type":"ListItem","position":2,"name":"\u3010\u30dd\u30eb\u30c8\u30ac\u30eb\u8a9e\u3011\u5b66\u6821\u65bd\u8a2d\u306b\u3064\u3044\u3066"}]},{"@type":"WebSite","@id":"https:\/\/cebu-english-school.com\/pt-br\/#website","url":"https:\/\/cebu-english-school.com\/pt-br\/","name":"\u3010\u516c\u5f0f\u3011\u30bb\u30d6\u30a4\u30f3\u30b0\u30ea\u30c3\u30b7\u30e5\u30b9\u30af\u30fc\u30eb","description":"Para Estudar em Cebu, Escolha a Cebu English School","publisher":{"@id":"https:\/\/cebu-english-school.com\/pt-br\/#organization"},"potentialAction":[{"@type":"SearchAction","target":{"@type":"EntryPoint","urlTemplate":"https:\/\/cebu-english-school.com\/pt-br\/?s={search_term_string}"},"query-input":{"@type":"PropertyValueSpecification","valueRequired":true,"valueName":"search_term_string"}}],"inLanguage":"ja"},{"@type":"Organization","@id":"https:\/\/cebu-english-school.com\/pt-br\/#organization","name":"\u3010\u516c\u5f0f\u3011\u30bb\u30d6\u30a4\u30f3\u30b0\u30ea\u30c3\u30b7\u30e5\u30b9\u30af\u30fc\u30eb","url":"https:\/\/cebu-english-school.com\/pt-br\/","logo":{"@type":"ImageObject","inLanguage":"ja","@id":"https:\/\/cebu-english-school.com\/pt-br\/#\/schema\/logo\/image\/","url":"https:\/\/cebu-english-school.com\/pt-br\/wp-content\/uploads\/2023\/02\/logo.jpg","contentUrl":"https:\/\/cebu-english-school.com\/pt-br\/wp-content\/uploads\/2023\/02\/logo.jpg","width":491,"height":297,"caption":"\u3010\u516c\u5f0f\u3011\u30bb\u30d6\u30a4\u30f3\u30b0\u30ea\u30c3\u30b7\u30e5\u30b9\u30af\u30fc\u30eb"},"image":{"@id":"https:\/\/cebu-english-school.com\/pt-br\/#\/schema\/logo\/image\/"}}]}},"_links":{"self":[{"href":"https:\/\/cebu-english-school.com\/pt-br\/wp-json\/wp\/v2\/pages\/89","targetHints":{"allow":["GET"]}}],"collection":[{"href":"https:\/\/cebu-english-school.com\/pt-br\/wp-json\/wp\/v2\/pages"}],"about":[{"href":"https:\/\/cebu-english-school.com\/pt-br\/wp-json\/wp\/v2\/types\/page"}],"author":[{"embeddable":true,"href":"https:\/\/cebu-english-school.com\/pt-br\/wp-json\/wp\/v2\/users\/1"}],"replies":[{"embeddable":true,"href":"https:\/\/cebu-english-school.com\/pt-br\/wp-json\/wp\/v2\/comments?post=89"}],"version-history":[{"count":56,"href":"https:\/\/cebu-english-school.com\/pt-br\/wp-json\/wp\/v2\/pages\/89\/revisions"}],"predecessor-version":[{"id":3827,"href":"https:\/\/cebu-english-school.com\/pt-br\/wp-json\/wp\/v2\/pages\/89\/revisions\/3827"}],"wp:attachment":[{"href":"https:\/\/cebu-english-school.com\/pt-br\/wp-json\/wp\/v2\/media?parent=89"}],"curies":[{"name":"wp","href":"https:\/\/api.w.org\/{rel}","templated":true}]}}