{"id":95,"date":"2023-02-22T11:21:11","date_gmt":"2023-02-22T02:21:11","guid":{"rendered":"https:\/\/cebu-english-school.com\/pt-br\/?page_id=95"},"modified":"2025-11-26T18:18:57","modified_gmt":"2025-11-26T09:18:57","slug":"process","status":"publish","type":"page","link":"https:\/\/cebu-english-school.com\/pt-br\/process","title":{"rendered":"\u3010\u30dd\u30eb\u30c8\u30ac\u30eb\u8a9e\u3011\u5165\u5b66\u307e\u3067\u306e\u6d41\u308c"},"content":{"rendered":"\n<h2 class=\"wp-block-heading\" id=\"i-0\">Fluxo at\u00e9 a matr\u00edcula<\/h2>\n\n\n\n<ul class=\"stepflow\">\n<li>\n<div class=\"stepflow-white\"><\/div>\n<div class=\"stepflow_label\">STEP1<\/div>\n<h2 class=\"stepflow_title\" id=\"i-1\">Solicita\u00e7\u00e3o de informa\u00e7\u00f5es e consulta com a equipe da escola (Recomendado: de 6 a 3 meses antes)<\/h2>\n\n<div style=\"text-align:center; margin-bottom:30px\">\n<img decoding=\"async\" src=\"https:\/\/cebu-english-school.com\/en\/wp-content\/uploads\/2023\/04\/consult.jpg\" width=\"600\" alt=\"Consultar com a equipe da escola\">\n<\/div>\n\n<div class=\"flex-container-point\">\n<div class=\"box_2column7\">\n<div class=\"stepflow_content\">\n<p>A Cebu English School oferece diversos cursos conforme o objetivo e o n\u00edvel de ingl\u00eas do aluno. Caso prefira decidir ap\u00f3s uma conversa, realizamos aconselhamento via ZOOM a qualquer momento. Entre em contato quando desejar.<\/p>\n<p>Tamb\u00e9m atendemos por e-mail e atrav\u00e9s de diversas redes sociais.<\/p>\n<\/div>\n<\/div>\n<div class=\"box_7column3\">\n<\/div><\/div><\/li>\n\n\n<li>\n<div class=\"stepflow-white\"><\/div>\n<div class=\"stepflow_label\">STEP2<\/div>\n<h2 class=\"stepflow_title\" id=\"i-2\">Inscri\u00e7\u00e3o oficial<\/h2>\n\n<div style=\"text-align:center; margin-bottom:30px\">\n<img decoding=\"async\" src=\"https:\/\/cebu-english-school.com\/en\/wp-content\/uploads\/2023\/04\/application.jpg\" width=\"600\" alt=\"Inscri\u00e7\u00e3o na escola\">\n<\/div>\n\n<div class=\"flex-container-point\">\n<div class=\"box_2column7\">\n<div class=\"stepflow_content\">\n<p>Realize sua inscri\u00e7\u00e3o atrav\u00e9s da p\u00e1gina de solicita\u00e7\u00e3o de interc\u00e2mbio em nosso site.<\/p>\n<p>Caso ainda n\u00e3o tenha passaporte, solicitamos que fa\u00e7a o pedido o quanto antes. Para a maioria das nacionalidades, \u00e9 poss\u00edvel entrar nas Filipinas com visto de turista (isen\u00e7\u00e3o de visto) por at\u00e9 30 dias. No entanto, confirme as informa\u00e7\u00f5es diretamente com a Embaixada ou Consulado das Filipinas em seu pa\u00eds.<\/p>\n<p>Para estadias superiores a 30 dias, nossa escola oferecer\u00e1 suporte para a extens\u00e3o de visto ap\u00f3s sua chegada.<\/p>\n<\/div>\n<\/div>\n<div class=\"box_7column3\">\n<\/div><\/div><\/li>\n\n\n<li>\n<div class=\"stepflow-white\"><\/div>\n<div class=\"stepflow_label\">STEP3<\/div>\n<h2 class=\"stepflow_title\" id=\"i-3\">Passagem a\u00e9rea e seguro de viagem<\/h2>\n\n<div style=\"text-align:center; margin-bottom:30px\">\n<img decoding=\"async\" src=\"https:\/\/cebu-english-school.com\/en\/wp-content\/uploads\/2023\/04\/airticket.jpg\" width=\"600\" alt=\"Compra de passagem a\u00e9rea\">\n<\/div>\n\n<div class=\"flex-container-point\">\n<div class=\"box_2column7\">\n<div class=\"stepflow_content\">\n<p>Paralelamente \u00e0 organiza\u00e7\u00e3o da sua viagem de estudos, providencie a compra da passagem a\u00e9rea e do seguro de viagem.<br>\nEspecialmente durante per\u00edodos de alta temporada, como f\u00e9rias de ver\u00e3o e Ano Novo, os pre\u00e7os das passagens costumam subir com mais de seis meses de anteced\u00eancia. Caso seu cronograma j\u00e1 esteja definido, recomendamos comprar a passagem de 6 meses a 1 ano antes.<\/p>\n\n<p>A contrata\u00e7\u00e3o de um seguro de viagem internacional \u00e9 obrigat\u00f3ria para ingresso na Cebu English School.<\/p>\n\n<p>Voc\u00ea tamb\u00e9m pode utilizar o seguro incluso no seu cart\u00e3o de cr\u00e9dito, mas confirme com sua administradora se a cobertura atende \u00e0s exig\u00eancias necess\u00e1rias.<\/p>\n<\/div>\n<\/div>\n<div class=\"box_7column3\">\n<\/div><\/div><\/li>\n\n\n<li>\n<div class=\"stepflow-white\"><\/div>\n<div class=\"stepflow_label\">STEP4<\/div>\n<h2 class=\"stepflow_title\" id=\"i-4\">Pagamento (1 m\u00eas antes), emiss\u00e3o da carta de aceita\u00e7\u00e3o e envio de documentos<\/h2>\n\n<div style=\"text-align:center; margin-bottom:30px\">\n<img decoding=\"async\" src=\"https:\/\/cebu-english-school.com\/en\/wp-content\/uploads\/2023\/05\/payment_01.jpg\" width=\"600\" alt=\"Procedimento de pagamento\">\n<\/div>\n\n<div class=\"flex-container-point\">\n<div class=\"box_2column7\">\n<div class=\"stepflow_content\">\n<p>Efetue o pagamento do curso at\u00e9 1 m\u00eas antes da data prevista de in\u00edcio.<\/p>\n<p>Ap\u00f3s a confirma\u00e7\u00e3o do pagamento, emitiremos sua carta de aceita\u00e7\u00e3o.<\/p>\n<\/div>\n<\/div>\n<div class=\"box_7column3\">\n<\/div><\/div><\/li>\n\n\n<li>\n<div class=\"stepflow-white\"><\/div>\n<div class=\"stepflow_label\">STEP5<\/div>\n<h2 class=\"stepflow_title\" id=\"i-5\">Verifica\u00e7\u00e3o final e viagem!<\/h2>\n\n<div style=\"text-align:center; margin-bottom:30px\">\n<img decoding=\"async\" src=\"https:\/\/cebu-english-school.com\/en\/wp-content\/uploads\/2023\/05\/departure_01.jpg\" width=\"600\" alt=\"Partida para o interc\u00e2mbio\">\n<\/div>\n\n<div class=\"flex-container-point\">\n<div class=\"box_2column7\">\n<div class=\"stepflow_content\">\n<p>Duas a tr\u00eas semanas antes da partida, enviaremos o \u201cDocumento de Confirma\u00e7\u00e3o de Viagem\u201d.  \nAp\u00f3s a verifica\u00e7\u00e3o final, voc\u00ea estar\u00e1 pronto para iniciar sua jornada de interc\u00e2mbio!<\/p>\n<p>Vamos desafiar novas possibilidades junto\n\n<\/p><\/div><\/div><\/div><\/li><\/ul>","protected":false},"excerpt":{"rendered":"<p>Fluxo at\u00e9 a matr\u00edcula STEP1 Solicita\u00e7\u00e3o de informa\u00e7\u00f5es e consulta com a equipe da escola (Recomendado: de 6 a  &#8230; <\/p>\n","protected":false},"author":1,"featured_media":0,"parent":0,"menu_order":0,"comment_status":"closed","ping_status":"closed","template":"page-forfront.php","meta":{"footnotes":""},"class_list":{"0":"post-95","1":"page","2":"type-page","3":"status-publish","5":"nothumb"},"yoast_head":"<!-- This site is optimized with the Yoast SEO plugin v26.2 - https:\/\/yoast.com\/wordpress\/plugins\/seo\/ -->\n<title>Guia Completo de Matr\u00edcula e Preparativos\uff5cCebu English School<\/title>\n<meta name=\"description\" content=\"Descubra como fazer sua matr\u00edcula na Cebu English School. Veja cada etapa: consulta, inscri\u00e7\u00e3o, documentos, seguro, pagamento e orienta\u00e7\u00f5es antes da viagem.\" \/>\n<meta name=\"robots\" content=\"index, follow, max-snippet:-1, max-image-preview:large, max-video-preview:-1\" \/>\n<link rel=\"canonical\" href=\"https:\/\/cebu-english-school.com\/pt-br\/process\" \/>\n<meta property=\"og:locale\" content=\"ja_JP\" \/>\n<meta property=\"og:type\" content=\"article\" \/>\n<meta property=\"og:title\" content=\"Guia Completo de Matr\u00edcula e Preparativos\uff5cCebu English School\" \/>\n<meta property=\"og:description\" content=\"Descubra como fazer sua matr\u00edcula na Cebu English School. Veja cada etapa: consulta, inscri\u00e7\u00e3o, documentos, seguro, pagamento e orienta\u00e7\u00f5es antes da viagem.\" \/>\n<meta property=\"og:url\" content=\"https:\/\/cebu-english-school.com\/pt-br\/process\" \/>\n<meta property=\"og:site_name\" content=\"Cebu English School \u2013 Site Oficial\" \/>\n<meta property=\"article:modified_time\" content=\"2025-11-26T09:18:57+00:00\" \/>\n<meta property=\"og:image\" content=\"https:\/\/cebu-english-school.com\/en\/wp-content\/uploads\/2023\/04\/consult.jpg\" \/>\n<meta name=\"twitter:card\" content=\"summary_large_image\" \/>\n<meta name=\"twitter:label1\" content=\"\u63a8\u5b9a\u8aad\u307f\u53d6\u308a\u6642\u9593\" \/>\n\t<meta name=\"twitter:data1\" content=\"6\u5206\" \/>\n<script type=\"application\/ld+json\" class=\"yoast-schema-graph\">{\"@context\":\"https:\/\/schema.org\",\"@graph\":[{\"@type\":\"WebPage\",\"@id\":\"https:\/\/cebu-english-school.com\/pt-br\/process\",\"url\":\"https:\/\/cebu-english-school.com\/pt-br\/process\",\"name\":\"Guia Completo de Matr\u00edcula e Preparativos\uff5cCebu English School\",\"isPartOf\":{\"@id\":\"https:\/\/cebu-english-school.com\/pt-br\/#website\"},\"primaryImageOfPage\":{\"@id\":\"https:\/\/cebu-english-school.com\/pt-br\/process#primaryimage\"},\"image\":{\"@id\":\"https:\/\/cebu-english-school.com\/pt-br\/process#primaryimage\"},\"thumbnailUrl\":\"https:\/\/cebu-english-school.com\/en\/wp-content\/uploads\/2023\/04\/consult.jpg\",\"datePublished\":\"2023-02-22T02:21:11+00:00\",\"dateModified\":\"2025-11-26T09:18:57+00:00\",\"description\":\"Descubra como fazer sua matr\u00edcula na Cebu English School. Veja cada etapa: consulta, inscri\u00e7\u00e3o, documentos, seguro, pagamento e orienta\u00e7\u00f5es antes da viagem.\",\"breadcrumb\":{\"@id\":\"https:\/\/cebu-english-school.com\/pt-br\/process#breadcrumb\"},\"inLanguage\":\"ja\",\"potentialAction\":[{\"@type\":\"ReadAction\",\"target\":[\"https:\/\/cebu-english-school.com\/pt-br\/process\"]}]},{\"@type\":\"ImageObject\",\"inLanguage\":\"ja\",\"@id\":\"https:\/\/cebu-english-school.com\/pt-br\/process#primaryimage\",\"url\":\"https:\/\/cebu-english-school.com\/en\/wp-content\/uploads\/2023\/04\/consult.jpg\",\"contentUrl\":\"https:\/\/cebu-english-school.com\/en\/wp-content\/uploads\/2023\/04\/consult.jpg\"},{\"@type\":\"BreadcrumbList\",\"@id\":\"https:\/\/cebu-english-school.com\/pt-br\/process#breadcrumb\",\"itemListElement\":[{\"@type\":\"ListItem\",\"position\":1,\"name\":\"\u30db\u30fc\u30e0\",\"item\":\"https:\/\/cebu-english-school.com\/pt-br\/\"},{\"@type\":\"ListItem\",\"position\":2,\"name\":\"\u3010\u30dd\u30eb\u30c8\u30ac\u30eb\u8a9e\u3011\u5165\u5b66\u307e\u3067\u306e\u6d41\u308c\"}]},{\"@type\":\"WebSite\",\"@id\":\"https:\/\/cebu-english-school.com\/pt-br\/#website\",\"url\":\"https:\/\/cebu-english-school.com\/pt-br\/\",\"name\":\"\u3010\u516c\u5f0f\u3011\u30bb\u30d6\u30a4\u30f3\u30b0\u30ea\u30c3\u30b7\u30e5\u30b9\u30af\u30fc\u30eb\",\"description\":\"Para Estudar em Cebu, Escolha a Cebu English School\",\"publisher\":{\"@id\":\"https:\/\/cebu-english-school.com\/pt-br\/#organization\"},\"potentialAction\":[{\"@type\":\"SearchAction\",\"target\":{\"@type\":\"EntryPoint\",\"urlTemplate\":\"https:\/\/cebu-english-school.com\/pt-br\/?s={search_term_string}\"},\"query-input\":{\"@type\":\"PropertyValueSpecification\",\"valueRequired\":true,\"valueName\":\"search_term_string\"}}],\"inLanguage\":\"ja\"},{\"@type\":\"Organization\",\"@id\":\"https:\/\/cebu-english-school.com\/pt-br\/#organization\",\"name\":\"\u3010\u516c\u5f0f\u3011\u30bb\u30d6\u30a4\u30f3\u30b0\u30ea\u30c3\u30b7\u30e5\u30b9\u30af\u30fc\u30eb\",\"url\":\"https:\/\/cebu-english-school.com\/pt-br\/\",\"logo\":{\"@type\":\"ImageObject\",\"inLanguage\":\"ja\",\"@id\":\"https:\/\/cebu-english-school.com\/pt-br\/#\/schema\/logo\/image\/\",\"url\":\"https:\/\/cebu-english-school.com\/pt-br\/wp-content\/uploads\/2023\/02\/logo.jpg\",\"contentUrl\":\"https:\/\/cebu-english-school.com\/pt-br\/wp-content\/uploads\/2023\/02\/logo.jpg\",\"width\":491,\"height\":297,\"caption\":\"\u3010\u516c\u5f0f\u3011\u30bb\u30d6\u30a4\u30f3\u30b0\u30ea\u30c3\u30b7\u30e5\u30b9\u30af\u30fc\u30eb\"},\"image\":{\"@id\":\"https:\/\/cebu-english-school.com\/pt-br\/#\/schema\/logo\/image\/\"}}]}<\/script>\n<!-- \/ Yoast SEO plugin. -->","yoast_head_json":{"title":"Guia Completo de Matr\u00edcula e Preparativos\uff5cCebu English School","description":"Descubra como fazer sua matr\u00edcula na Cebu English School. Veja cada etapa: consulta, inscri\u00e7\u00e3o, documentos, seguro, pagamento e orienta\u00e7\u00f5es antes da viagem.","robots":{"index":"index","follow":"follow","max-snippet":"max-snippet:-1","max-image-preview":"max-image-preview:large","max-video-preview":"max-video-preview:-1"},"canonical":"https:\/\/cebu-english-school.com\/pt-br\/process","og_locale":"ja_JP","og_type":"article","og_title":"Guia Completo de Matr\u00edcula e Preparativos\uff5cCebu English School","og_description":"Descubra como fazer sua matr\u00edcula na Cebu English School. Veja cada etapa: consulta, inscri\u00e7\u00e3o, documentos, seguro, pagamento e orienta\u00e7\u00f5es antes da viagem.","og_url":"https:\/\/cebu-english-school.com\/pt-br\/process","og_site_name":"Cebu English School \u2013 Site Oficial","article_modified_time":"2025-11-26T09:18:57+00:00","og_image":[{"url":"https:\/\/cebu-english-school.com\/en\/wp-content\/uploads\/2023\/04\/consult.jpg","type":"","width":"","height":""}],"twitter_card":"summary_large_image","twitter_misc":{"\u63a8\u5b9a\u8aad\u307f\u53d6\u308a\u6642\u9593":"6\u5206"},"schema":{"@context":"https:\/\/schema.org","@graph":[{"@type":"WebPage","@id":"https:\/\/cebu-english-school.com\/pt-br\/process","url":"https:\/\/cebu-english-school.com\/pt-br\/process","name":"Guia Completo de Matr\u00edcula e Preparativos\uff5cCebu English School","isPartOf":{"@id":"https:\/\/cebu-english-school.com\/pt-br\/#website"},"primaryImageOfPage":{"@id":"https:\/\/cebu-english-school.com\/pt-br\/process#primaryimage"},"image":{"@id":"https:\/\/cebu-english-school.com\/pt-br\/process#primaryimage"},"thumbnailUrl":"https:\/\/cebu-english-school.com\/en\/wp-content\/uploads\/2023\/04\/consult.jpg","datePublished":"2023-02-22T02:21:11+00:00","dateModified":"2025-11-26T09:18:57+00:00","description":"Descubra como fazer sua matr\u00edcula na Cebu English School. Veja cada etapa: consulta, inscri\u00e7\u00e3o, documentos, seguro, pagamento e orienta\u00e7\u00f5es antes da viagem.","breadcrumb":{"@id":"https:\/\/cebu-english-school.com\/pt-br\/process#breadcrumb"},"inLanguage":"ja","potentialAction":[{"@type":"ReadAction","target":["https:\/\/cebu-english-school.com\/pt-br\/process"]}]},{"@type":"ImageObject","inLanguage":"ja","@id":"https:\/\/cebu-english-school.com\/pt-br\/process#primaryimage","url":"https:\/\/cebu-english-school.com\/en\/wp-content\/uploads\/2023\/04\/consult.jpg","contentUrl":"https:\/\/cebu-english-school.com\/en\/wp-content\/uploads\/2023\/04\/consult.jpg"},{"@type":"BreadcrumbList","@id":"https:\/\/cebu-english-school.com\/pt-br\/process#breadcrumb","itemListElement":[{"@type":"ListItem","position":1,"name":"\u30db\u30fc\u30e0","item":"https:\/\/cebu-english-school.com\/pt-br\/"},{"@type":"ListItem","position":2,"name":"\u3010\u30dd\u30eb\u30c8\u30ac\u30eb\u8a9e\u3011\u5165\u5b66\u307e\u3067\u306e\u6d41\u308c"}]},{"@type":"WebSite","@id":"https:\/\/cebu-english-school.com\/pt-br\/#website","url":"https:\/\/cebu-english-school.com\/pt-br\/","name":"\u3010\u516c\u5f0f\u3011\u30bb\u30d6\u30a4\u30f3\u30b0\u30ea\u30c3\u30b7\u30e5\u30b9\u30af\u30fc\u30eb","description":"Para Estudar em Cebu, Escolha a Cebu English School","publisher":{"@id":"https:\/\/cebu-english-school.com\/pt-br\/#organization"},"potentialAction":[{"@type":"SearchAction","target":{"@type":"EntryPoint","urlTemplate":"https:\/\/cebu-english-school.com\/pt-br\/?s={search_term_string}"},"query-input":{"@type":"PropertyValueSpecification","valueRequired":true,"valueName":"search_term_string"}}],"inLanguage":"ja"},{"@type":"Organization","@id":"https:\/\/cebu-english-school.com\/pt-br\/#organization","name":"\u3010\u516c\u5f0f\u3011\u30bb\u30d6\u30a4\u30f3\u30b0\u30ea\u30c3\u30b7\u30e5\u30b9\u30af\u30fc\u30eb","url":"https:\/\/cebu-english-school.com\/pt-br\/","logo":{"@type":"ImageObject","inLanguage":"ja","@id":"https:\/\/cebu-english-school.com\/pt-br\/#\/schema\/logo\/image\/","url":"https:\/\/cebu-english-school.com\/pt-br\/wp-content\/uploads\/2023\/02\/logo.jpg","contentUrl":"https:\/\/cebu-english-school.com\/pt-br\/wp-content\/uploads\/2023\/02\/logo.jpg","width":491,"height":297,"caption":"\u3010\u516c\u5f0f\u3011\u30bb\u30d6\u30a4\u30f3\u30b0\u30ea\u30c3\u30b7\u30e5\u30b9\u30af\u30fc\u30eb"},"image":{"@id":"https:\/\/cebu-english-school.com\/pt-br\/#\/schema\/logo\/image\/"}}]}},"_links":{"self":[{"href":"https:\/\/cebu-english-school.com\/pt-br\/wp-json\/wp\/v2\/pages\/95","targetHints":{"allow":["GET"]}}],"collection":[{"href":"https:\/\/cebu-english-school.com\/pt-br\/wp-json\/wp\/v2\/pages"}],"about":[{"href":"https:\/\/cebu-english-school.com\/pt-br\/wp-json\/wp\/v2\/types\/page"}],"author":[{"embeddable":true,"href":"https:\/\/cebu-english-school.com\/pt-br\/wp-json\/wp\/v2\/users\/1"}],"replies":[{"embeddable":true,"href":"https:\/\/cebu-english-school.com\/pt-br\/wp-json\/wp\/v2\/comments?post=95"}],"version-history":[{"count":6,"href":"https:\/\/cebu-english-school.com\/pt-br\/wp-json\/wp\/v2\/pages\/95\/revisions"}],"predecessor-version":[{"id":3825,"href":"https:\/\/cebu-english-school.com\/pt-br\/wp-json\/wp\/v2\/pages\/95\/revisions\/3825"}],"wp:attachment":[{"href":"https:\/\/cebu-english-school.com\/pt-br\/wp-json\/wp\/v2\/media?parent=95"}],"curies":[{"name":"wp","href":"https:\/\/api.w.org\/{rel}","templated":true}]}}