{"id":327,"date":"2023-04-06T08:18:21","date_gmt":"2023-04-05T23:18:21","guid":{"rendered":"https:\/\/cebu-english-school.com\/vn\/?page_id=327"},"modified":"2025-11-27T12:46:01","modified_gmt":"2025-11-27T03:46:01","slug":"inquiry","status":"publish","type":"page","link":"https:\/\/cebu-english-school.com\/vn\/inquiry","title":{"rendered":"\u304a\u554f\u3044\u5408\u308f\u305b"},"content":{"rendered":"\n<h2 class=\"wp-block-heading\" id=\"i-0\">Li\u00ean h\u1ec7 v\u1ec1 du h\u1ecdc<\/h2>\n\n\n<div id=\"sgb-css-id-1\">\n<div class=\"wp-block-sgb-message\"><div class=\"memo sng-shadow-0\" style=\"border-radius:6px;background-color:#eaf7ff;color:#0099dd\"><div class=\"memo_ttl dfont\"><span class=\"sng-box-msg__icon\" style=\"background:#0099dd\"><i class=\"fas fa-bullhorn\"><\/i><\/span><div class=\"sng-box-msg__title\"><\/div><\/div><div class=\"sng-box-msg__contents\">\n<p>N\u1ebfu b\u1ea1n bi\u1ebft \u0111\u1ebfn tr\u01b0\u1eddng th\u00f4ng qua m\u1ed9t c\u00f4ng ty t\u01b0 v\u1ea5n du h\u1ecdc, ch\u00fang t\u00f4i xin ph\u00e9p \u0111\u1ec1 ngh\u1ecb b\u1ea1n th\u1ef1c hi\u1ec7n m\u1ecdi trao \u0111\u1ed5i v\u00e0 li\u00ean h\u1ec7&nbsp;<strong>th\u00f4ng qua \u0111\u01a1n v\u1ecb t\u01b0 v\u1ea5n<\/strong>&nbsp;\u0111\u00f3.<br>\u0110i\u1ec1u n\u00e0y nh\u1eb1m tr\u00e1nh vi\u1ec7c tr\u00f9ng l\u1eb7p th\u00f4ng tin v\u00e0 gi\u1ea3m b\u1edbt g\u00e1nh n\u1eb7ng cho c\u1ea3 hai b\u00ean. Mong qu\u00fd kh\u00e1ch th\u00f4ng c\u1ea3m v\u00e0 ph\u1ed1i h\u1ee3p.<\/p>\n<\/div><\/div><\/div>\n<\/div>\n\n\n\n<div class=\"wpcf7 no-js\" id=\"wpcf7-f2875-o1\" lang=\"ja\" dir=\"ltr\">\n<div class=\"screen-reader-response\"><p role=\"status\" aria-live=\"polite\" aria-atomic=\"true\"><\/p> <ul><\/ul><\/div>\n<form action=\"\/vn\/wp-json\/wp\/v2\/pages\/327#wpcf7-f2875-o1\" method=\"post\" class=\"wpcf7-form init\" aria-label=\"\u30b3\u30f3\u30bf\u30af\u30c8\u30d5\u30a9\u30fc\u30e0\" novalidate=\"novalidate\" data-status=\"init\">\n<div style=\"display: none;\">\n<input type=\"hidden\" name=\"_wpcf7\" value=\"2875\">\n<input type=\"hidden\" name=\"_wpcf7_version\" value=\"5.8\">\n<input type=\"hidden\" name=\"_wpcf7_locale\" value=\"ja\">\n<input type=\"hidden\" name=\"_wpcf7_unit_tag\" value=\"wpcf7-f2875-o1\">\n<input type=\"hidden\" name=\"_wpcf7_container_post\" value=\"0\">\n<input type=\"hidden\" name=\"_wpcf7_posted_data_hash\" value=\"\">\n<\/div>\n<table class=\"CF7_table\">\n\t<tr>\n\t\t<th>\n\t\t\t<p><span class=\"CF7_req\">B\u1eaft bu\u1ed9c<\/span> N\u1ed9i dung t\u01b0 v\u1ea5n\n\t\t\t<\/p>\n\t\t<\/th>\n\t\t<td>\n\t\t\t<p><span class=\"wpcf7-form-control-wrap\" data-name=\"checkbox-inq\"><span class=\"wpcf7-form-control wpcf7-checkbox wpcf7-validates-as-required\"><span class=\"wpcf7-list-item first\"><input type=\"checkbox\" name=\"checkbox-inq[]\" value=\"T\u01b0 v\u1ea5n\"><span class=\"wpcf7-list-item-label\">T\u01b0 v\u1ea5n<\/span><\/span><span class=\"wpcf7-list-item\"><input type=\"checkbox\" name=\"checkbox-inq[]\" value=\"B\u00e1o gi\u00e1\"><span class=\"wpcf7-list-item-label\">B\u00e1o gi\u00e1<\/span><\/span><span class=\"wpcf7-list-item\"><input type=\"checkbox\" name=\"checkbox-inq[]\" value=\"Li\u00ean h\u1ec7\"><span class=\"wpcf7-list-item-label\">Li\u00ean h\u1ec7<\/span><\/span><span class=\"wpcf7-list-item last\"><input type=\"checkbox\" name=\"checkbox-inq[]\" value=\"Kh\u00e1c\"><span class=\"wpcf7-list-item-label\">Kh\u00e1c<\/span><\/span><\/span><\/span>\n\t\t\t<\/p>\n\t\t<\/td>\n\t<\/tr>\n\t<tr>\n\t\t<th>\n\t\t\t<p><span class=\"CF7_req\">B\u1eaft bu\u1ed9c<\/span> T\u00ean c\u1ee7a b\u1ea1n\n\t\t\t<\/p>\n\t\t<\/th>\n\t\t<td>\n\t\t\t<p><span class=\"wpcf7-form-control-wrap\" data-name=\"your-name\"><input size=\"40\" class=\"wpcf7-form-control wpcf7-text wpcf7-validates-as-required\" aria-required=\"true\" aria-invalid=\"false\" placeholder=\"V\u00ed d\u1ee5: T\u00ean c\u1ee7a b\u1ea1n\" value=\"\" type=\"text\" name=\"your-name\"><\/span>\n\t\t\t<\/p>\n\t\t<\/td>\n\t<\/tr>\n\t<tr>\n\t\t<th>\n\t\t\t<p><span class=\"CF7_req\">B\u1eaft bu\u1ed9c<\/span> Gi\u1edbi t\u00ednh\n\t\t\t<\/p>\n\t\t<\/th>\n\t\t<td>\n\t\t\t<p><span class=\"wpcf7-form-control-wrap\" data-name=\"radio-109\"><span class=\"wpcf7-form-control wpcf7-radio\"><span class=\"wpcf7-list-item first\"><label><input type=\"radio\" name=\"radio-109\" value=\"Nam\"><span class=\"wpcf7-list-item-label\">Nam<\/span><\/label><\/span><span class=\"wpcf7-list-item last\"><label><input type=\"radio\" name=\"radio-109\" value=\"N\u1eef\"><span class=\"wpcf7-list-item-label\">N\u1eef<\/span><\/label><\/span><\/span><\/span>\n\t\t\t<\/p>\n\t\t<\/td>\n\t<\/tr>\n\t<tr>\n\t\t<th>\n\t\t\t<p><span class=\"CF7_req\">B\u1eaft bu\u1ed9c<\/span> Ng\u00e0y sinh\n\t\t\t<\/p>\n\t\t<\/th>\n\t\t<td>\n\t\t\t<p><span class=\"wpcf7-form-control-wrap\" data-name=\"text-birth\"><input size=\"40\" class=\"wpcf7-form-control wpcf7-text wpcf7-validates-as-required\" aria-required=\"true\" aria-invalid=\"false\" placeholder=\"V\u00ed d\u1ee5: 1979\/03\/15\" value=\"\" type=\"text\" name=\"text-birth\"><\/span>\n\t\t\t<\/p>\n\t\t<\/td>\n\t<\/tr>\n\t<tr>\n\t\t<th>\n\t\t\t<p><span class=\"CF7_req\">B\u1eaft bu\u1ed9c<\/span> \u0110\u1ecba ch\u1ec9 email\n\t\t\t<\/p>\n\t\t<\/th>\n\t\t<td>\n\t\t\t<p><span class=\"wpcf7-form-control-wrap\" data-name=\"your-email\"><input size=\"40\" class=\"wpcf7-form-control wpcf7-email wpcf7-validates-as-required wpcf7-text wpcf7-validates-as-email\" aria-required=\"true\" aria-invalid=\"false\" placeholder=\"V\u00ed d\u1ee5: xxx@xxx.com\" value=\"\" type=\"email\" name=\"your-email\"><\/span>\n\t\t\t<\/p>\n\t\t<\/td>\n\t<\/tr>\n\t<tr>\n\t\t<th>\n\t\t\t<p><span class=\"CF7_req\">B\u1eaft bu\u1ed9c<\/span> X\u00e1c nh\u1eadn \u0111\u1ecba ch\u1ec9 email\n\t\t\t<\/p>\n\t\t<\/th>\n\t\t<td>\n\t\t\t<p><span class=\"wpcf7-form-control-wrap\" data-name=\"your-email\"><input size=\"40\" class=\"wpcf7-form-control wpcf7-email wpcf7-validates-as-required wpcf7-text wpcf7-validates-as-email\" aria-required=\"true\" aria-invalid=\"false\" placeholder=\"V\u00ed d\u1ee5: xxx@xxx.com\" value=\"\" type=\"email\" name=\"your-email\"><\/span>\n\t\t\t<\/p>\n\t\t<\/td>\n\t<\/tr>\n\t<tr>\n\t\t<th>\n\t\t\t<p><span class=\"CF7_req\">B\u1eaft bu\u1ed9c<\/span> S\u1ed1 \u0111i\u1ec7n tho\u1ea1i\n\t\t\t<\/p>\n\t\t<\/th>\n\t\t<td>\n\t\t\t<p><span class=\"wpcf7-form-control-wrap\" data-name=\"your-tel\"><input size=\"40\" class=\"wpcf7-form-control wpcf7-text wpcf7-validates-as-required\" aria-required=\"true\" aria-invalid=\"false\" placeholder=\"V\u00ed d\u1ee5: 03-1234-5678\" value=\"\" type=\"text\" name=\"your-tel\"><\/span>\n\t\t\t<\/p>\n\t\t<\/td>\n\t<\/tr>\n\t<tr>\n\t\t<th>\n\t\t\t<p><span class=\"CF7_req\">B\u1eaft bu\u1ed9c<\/span> Ng\u00e0y b\u1eaft \u0111\u1ea7u d\u1ef1 ki\u1ebfn du h\u1ecdc\n\t\t\t<\/p>\n\t\t<\/th>\n\t\t<td>\n\t\t\t<p><span class=\"wpcf7-form-control-wrap\" data-name=\"start\"><input class=\"wpcf7-form-control wpcf7-date wpcf7-validates-as-date\" aria-invalid=\"false\" value=\"\" type=\"date\" name=\"start\"><\/span>\n\t\t\t<\/p>\n\t\t<\/td>\n\t<\/tr>\n\t<tr>\n\t\t<th>\n\t\t\t<p><span class=\"CF7_req\">T\u00f9y ch\u1ecdn<\/span> Th\u1eddi gian d\u1ef1 ki\u1ebfn du h\u1ecdc\n\t\t\t<\/p>\n\t\t<\/th>\n\t\t<td>\n\t\t\t<p><span class=\"wpcf7-form-control-wrap\" data-name=\"menu-term\"><select class=\"wpcf7-form-control wpcf7-select\" aria-invalid=\"false\" name=\"menu-term\"><option value=\"\u25bcVui l\u00f2ng ch\u1ecdn th\u1eddi gian du h\u1ecdc mong mu\u1ed1n.\">\u25bcVui l\u00f2ng ch\u1ecdn th\u1eddi gian du h\u1ecdc mong mu\u1ed1n.<\/option><option value=\"1 tu\u1ea7n\">1 tu\u1ea7n<\/option><option value=\"2 tu\u1ea7n\">2 tu\u1ea7n<\/option><option value=\"3 tu\u1ea7n\">3 tu\u1ea7n<\/option><option value=\"4 tu\u1ea7n\">4 tu\u1ea7n<\/option><option value=\"5 tu\u1ea7n\">5 tu\u1ea7n<\/option><option value=\"6 tu\u1ea7n\">6 tu\u1ea7n<\/option><option value=\"7 tu\u1ea7n\">7 tu\u1ea7n<\/option><option value=\"8 tu\u1ea7n\">8 tu\u1ea7n<\/option><option value=\"9 tu\u1ea7n\">9 tu\u1ea7n<\/option><option value=\"10 tu\u1ea7n\">10 tu\u1ea7n<\/option><option value=\"11 tu\u1ea7n\">11 tu\u1ea7n<\/option><option value=\"12 tu\u1ea7n\">12 tu\u1ea7n<\/option><option value=\"13 tu\u1ea7n\">13 tu\u1ea7n<\/option><option value=\"14 tu\u1ea7n\">14 tu\u1ea7n<\/option><option value=\"15 tu\u1ea7n\">15 tu\u1ea7n<\/option><option value=\"16 tu\u1ea7n\">16 tu\u1ea7n<\/option><option value=\"17 tu\u1ea7n\">17 tu\u1ea7n<\/option><option value=\"18 tu\u1ea7n\">18 tu\u1ea7n<\/option><option value=\"19 tu\u1ea7n\">19 tu\u1ea7n<\/option><option value=\"20 tu\u1ea7n\">20 tu\u1ea7n<\/option><option value=\"21 tu\u1ea7n\">21 tu\u1ea7n<\/option><option value=\"22 tu\u1ea7n\">22 tu\u1ea7n<\/option><option value=\"23 tu\u1ea7n\">23 tu\u1ea7n<\/option><option value=\"24 tu\u1ea7n\">24 tu\u1ea7n<\/option><\/select><\/span>\n\t\t\t<\/p>\n\t\t<\/td>\n\t<\/tr>\n\t<tr>\n\t\t<th>\n\t\t\t<p><span class=\"CF7_req\">T\u00f9y ch\u1ecdn<\/span> N\u1ed9i dung tin nh\u1eafn\n\t\t\t<\/p>\n\t\t<\/th>\n\t\t<td class=\"message-100\">\n\t\t\t<p><span class=\"wpcf7-form-control-wrap\" data-name=\"your-message\"><textarea cols=\"40\" rows=\"10\" class=\"wpcf7-form-control wpcf7-textarea wpcf7-validates-as-required\" aria-required=\"true\" aria-invalid=\"false\" placeholder=\"Vui l\u00f2ng nh\u1eadp n\u1ed9i dung li\u00ean h\u1ec7 c\u1ee7a b\u1ea1n. N\u1ebfu b\u1ea1n \u0111ang xem x\u00e9t du h\u1ecdc v\u1edbi nhi\u1ec1u ng\u01b0\u1eddi (du h\u1ecdc gia \u0111\u00ecnh), vui l\u00f2ng ghi r\u00f5 c\u1ea5u tr\u00fac gia \u0111\u00ecnh, \u0111\u1ed9 tu\u1ed5i v\u00e0 y\u00eau c\u1ea7u c\u1ee7a b\u1ea1n c\u00e0ng chi ti\u1ebft c\u00e0ng t\u1ed1t.\" name=\"your-message\"><\/textarea><\/span>\n\t\t\t<\/p>\n\t\t<\/td>\n\t<\/tr>\n<\/table>\n<p class=\"CF7_btn\" style=\"margin-top:50px;\"><input class=\"wpcf7-form-control wpcf7-submit has-spinner\" type=\"submit\" value=\"G\u1eedi \u0111i\">\n<\/p>\n<p><script>\ndocument.addEventListener( 'wpcf7mailsent', function( event ) {\nlocation = 'https:\/\/cebu-english-school.com\/vn\/thanks1';\n}, false );\n<\/script>\n<\/p><div class=\"wpcf7-response-output\" aria-hidden=\"true\"><\/div>\n<\/form>\n<\/div>\n\n\n\n\n<p><\/p>\n","protected":false},"excerpt":{"rendered":"<p>Li\u00ean h\u1ec7 v\u1ec1 du h\u1ecdc<\/p>\n","protected":false},"author":1,"featured_media":0,"parent":0,"menu_order":0,"comment_status":"closed","ping_status":"closed","template":"page-forfront.php","meta":{"footnotes":""},"class_list":{"0":"post-327","1":"page","2":"type-page","3":"status-publish","5":"nothumb"},"yoast_head":"<!-- This site is optimized with the Yoast SEO plugin v26.2 - https:\/\/yoast.com\/wordpress\/plugins\/seo\/ -->\n<title>Li\u00ean H\u1ec7 T\u01b0 V\u1ea5n Du H\u1ecdc CES Cebu<\/title>\n<meta name=\"description\" content=\"Li\u00ean h\u1ec7 CES Cebu \u0111\u1ec3 \u0111\u01b0\u1ee3c t\u01b0 v\u1ea5n du h\u1ecdc nhanh ch\u00f3ng. N\u1ebfu b\u1ea1n \u0111\u01b0\u1ee3c gi\u1edbi thi\u1ec7u qua c\u00f4ng ty t\u01b0 v\u1ea5n, vui l\u00f2ng li\u00ean h\u1ec7 th\u00f4ng qua \u0111\u01a1n v\u1ecb \u0111\u00f3.\" \/>\n<meta name=\"robots\" content=\"index, follow, max-snippet:-1, max-image-preview:large, max-video-preview:-1\" \/>\n<link rel=\"canonical\" href=\"https:\/\/cebu-english-school.com\/vn\/inquiry\" \/>\n<meta property=\"og:locale\" content=\"ja_JP\" \/>\n<meta property=\"og:type\" content=\"article\" \/>\n<meta property=\"og:title\" content=\"Li\u00ean H\u1ec7 T\u01b0 V\u1ea5n Du H\u1ecdc CES Cebu\" \/>\n<meta property=\"og:description\" content=\"Li\u00ean h\u1ec7 CES Cebu \u0111\u1ec3 \u0111\u01b0\u1ee3c t\u01b0 v\u1ea5n du h\u1ecdc nhanh ch\u00f3ng. N\u1ebfu b\u1ea1n \u0111\u01b0\u1ee3c gi\u1edbi thi\u1ec7u qua c\u00f4ng ty t\u01b0 v\u1ea5n, vui l\u00f2ng li\u00ean h\u1ec7 th\u00f4ng qua \u0111\u01a1n v\u1ecb \u0111\u00f3.\" \/>\n<meta property=\"og:url\" content=\"https:\/\/cebu-english-school.com\/vn\/inquiry\" \/>\n<meta property=\"og:site_name\" content=\"\u3010\u516c\u5f0f\u3011\u30bb\u30d6\u30a4\u30f3\u30b0\u30ea\u30c3\u30b7\u30e5\u30b9\u30af\u30fc\u30eb\" \/>\n<meta property=\"article:modified_time\" content=\"2025-11-27T03:46:01+00:00\" \/>\n<meta name=\"twitter:card\" content=\"summary_large_image\" \/>\n<meta name=\"twitter:label1\" content=\"\u63a8\u5b9a\u8aad\u307f\u53d6\u308a\u6642\u9593\" \/>\n\t<meta name=\"twitter:data1\" content=\"1\u5206\" \/>\n<script type=\"application\/ld+json\" class=\"yoast-schema-graph\">{\"@context\":\"https:\/\/schema.org\",\"@graph\":[{\"@type\":\"WebPage\",\"@id\":\"https:\/\/cebu-english-school.com\/vn\/inquiry\",\"url\":\"https:\/\/cebu-english-school.com\/vn\/inquiry\",\"name\":\"Li\u00ean H\u1ec7 T\u01b0 V\u1ea5n Du H\u1ecdc CES Cebu\",\"isPartOf\":{\"@id\":\"https:\/\/cebu-english-school.com\/vn\/#website\"},\"datePublished\":\"2023-04-05T23:18:21+00:00\",\"dateModified\":\"2025-11-27T03:46:01+00:00\",\"description\":\"Li\u00ean h\u1ec7 CES Cebu \u0111\u1ec3 \u0111\u01b0\u1ee3c t\u01b0 v\u1ea5n du h\u1ecdc nhanh ch\u00f3ng. N\u1ebfu b\u1ea1n \u0111\u01b0\u1ee3c gi\u1edbi thi\u1ec7u qua c\u00f4ng ty t\u01b0 v\u1ea5n, vui l\u00f2ng li\u00ean h\u1ec7 th\u00f4ng qua \u0111\u01a1n v\u1ecb \u0111\u00f3.\",\"breadcrumb\":{\"@id\":\"https:\/\/cebu-english-school.com\/vn\/inquiry#breadcrumb\"},\"inLanguage\":\"ja\",\"potentialAction\":[{\"@type\":\"ReadAction\",\"target\":[\"https:\/\/cebu-english-school.com\/vn\/inquiry\"]}]},{\"@type\":\"BreadcrumbList\",\"@id\":\"https:\/\/cebu-english-school.com\/vn\/inquiry#breadcrumb\",\"itemListElement\":[{\"@type\":\"ListItem\",\"position\":1,\"name\":\"\u30db\u30fc\u30e0\",\"item\":\"https:\/\/cebu-english-school.com\/vn\/\"},{\"@type\":\"ListItem\",\"position\":2,\"name\":\"\u304a\u554f\u3044\u5408\u308f\u305b\"}]},{\"@type\":\"WebSite\",\"@id\":\"https:\/\/cebu-english-school.com\/vn\/#website\",\"url\":\"https:\/\/cebu-english-school.com\/vn\/\",\"name\":\"\u3010\u516c\u5f0f\u3011\u30bb\u30d6\u30a4\u30f3\u30b0\u30ea\u30c3\u30b7\u30e5\u30b9\u30af\u30fc\u30eb\",\"description\":\"Du h\u1ecdc Cebu? H\u00e3y \u0111\u1ebfn v\u1edbi Cebu English School\",\"publisher\":{\"@id\":\"https:\/\/cebu-english-school.com\/vn\/#organization\"},\"potentialAction\":[{\"@type\":\"SearchAction\",\"target\":{\"@type\":\"EntryPoint\",\"urlTemplate\":\"https:\/\/cebu-english-school.com\/vn\/?s={search_term_string}\"},\"query-input\":{\"@type\":\"PropertyValueSpecification\",\"valueRequired\":true,\"valueName\":\"search_term_string\"}}],\"inLanguage\":\"ja\"},{\"@type\":\"Organization\",\"@id\":\"https:\/\/cebu-english-school.com\/vn\/#organization\",\"name\":\"\u3010\u516c\u5f0f\u3011\u30bb\u30d6\u30a4\u30f3\u30b0\u30ea\u30c3\u30b7\u30e5\u30b9\u30af\u30fc\u30eb\",\"url\":\"https:\/\/cebu-english-school.com\/vn\/\",\"logo\":{\"@type\":\"ImageObject\",\"inLanguage\":\"ja\",\"@id\":\"https:\/\/cebu-english-school.com\/vn\/#\/schema\/logo\/image\/\",\"url\":\"https:\/\/cebu-english-school.com\/vn\/wp-content\/uploads\/2023\/02\/logo.jpg\",\"contentUrl\":\"https:\/\/cebu-english-school.com\/vn\/wp-content\/uploads\/2023\/02\/logo.jpg\",\"width\":491,\"height\":297,\"caption\":\"\u3010\u516c\u5f0f\u3011\u30bb\u30d6\u30a4\u30f3\u30b0\u30ea\u30c3\u30b7\u30e5\u30b9\u30af\u30fc\u30eb\"},\"image\":{\"@id\":\"https:\/\/cebu-english-school.com\/vn\/#\/schema\/logo\/image\/\"}}]}<\/script>\n<!-- \/ Yoast SEO plugin. -->","yoast_head_json":{"title":"Li\u00ean H\u1ec7 T\u01b0 V\u1ea5n Du H\u1ecdc CES Cebu","description":"Li\u00ean h\u1ec7 CES Cebu \u0111\u1ec3 \u0111\u01b0\u1ee3c t\u01b0 v\u1ea5n du h\u1ecdc nhanh ch\u00f3ng. N\u1ebfu b\u1ea1n \u0111\u01b0\u1ee3c gi\u1edbi thi\u1ec7u qua c\u00f4ng ty t\u01b0 v\u1ea5n, vui l\u00f2ng li\u00ean h\u1ec7 th\u00f4ng qua \u0111\u01a1n v\u1ecb \u0111\u00f3.","robots":{"index":"index","follow":"follow","max-snippet":"max-snippet:-1","max-image-preview":"max-image-preview:large","max-video-preview":"max-video-preview:-1"},"canonical":"https:\/\/cebu-english-school.com\/vn\/inquiry","og_locale":"ja_JP","og_type":"article","og_title":"Li\u00ean H\u1ec7 T\u01b0 V\u1ea5n Du H\u1ecdc CES Cebu","og_description":"Li\u00ean h\u1ec7 CES Cebu \u0111\u1ec3 \u0111\u01b0\u1ee3c t\u01b0 v\u1ea5n du h\u1ecdc nhanh ch\u00f3ng. N\u1ebfu b\u1ea1n \u0111\u01b0\u1ee3c gi\u1edbi thi\u1ec7u qua c\u00f4ng ty t\u01b0 v\u1ea5n, vui l\u00f2ng li\u00ean h\u1ec7 th\u00f4ng qua \u0111\u01a1n v\u1ecb \u0111\u00f3.","og_url":"https:\/\/cebu-english-school.com\/vn\/inquiry","og_site_name":"\u3010\u516c\u5f0f\u3011\u30bb\u30d6\u30a4\u30f3\u30b0\u30ea\u30c3\u30b7\u30e5\u30b9\u30af\u30fc\u30eb","article_modified_time":"2025-11-27T03:46:01+00:00","twitter_card":"summary_large_image","twitter_misc":{"\u63a8\u5b9a\u8aad\u307f\u53d6\u308a\u6642\u9593":"1\u5206"},"schema":{"@context":"https:\/\/schema.org","@graph":[{"@type":"WebPage","@id":"https:\/\/cebu-english-school.com\/vn\/inquiry","url":"https:\/\/cebu-english-school.com\/vn\/inquiry","name":"Li\u00ean H\u1ec7 T\u01b0 V\u1ea5n Du H\u1ecdc CES Cebu","isPartOf":{"@id":"https:\/\/cebu-english-school.com\/vn\/#website"},"datePublished":"2023-04-05T23:18:21+00:00","dateModified":"2025-11-27T03:46:01+00:00","description":"Li\u00ean h\u1ec7 CES Cebu \u0111\u1ec3 \u0111\u01b0\u1ee3c t\u01b0 v\u1ea5n du h\u1ecdc nhanh ch\u00f3ng. N\u1ebfu b\u1ea1n \u0111\u01b0\u1ee3c gi\u1edbi thi\u1ec7u qua c\u00f4ng ty t\u01b0 v\u1ea5n, vui l\u00f2ng li\u00ean h\u1ec7 th\u00f4ng qua \u0111\u01a1n v\u1ecb \u0111\u00f3.","breadcrumb":{"@id":"https:\/\/cebu-english-school.com\/vn\/inquiry#breadcrumb"},"inLanguage":"ja","potentialAction":[{"@type":"ReadAction","target":["https:\/\/cebu-english-school.com\/vn\/inquiry"]}]},{"@type":"BreadcrumbList","@id":"https:\/\/cebu-english-school.com\/vn\/inquiry#breadcrumb","itemListElement":[{"@type":"ListItem","position":1,"name":"\u30db\u30fc\u30e0","item":"https:\/\/cebu-english-school.com\/vn\/"},{"@type":"ListItem","position":2,"name":"\u304a\u554f\u3044\u5408\u308f\u305b"}]},{"@type":"WebSite","@id":"https:\/\/cebu-english-school.com\/vn\/#website","url":"https:\/\/cebu-english-school.com\/vn\/","name":"\u3010\u516c\u5f0f\u3011\u30bb\u30d6\u30a4\u30f3\u30b0\u30ea\u30c3\u30b7\u30e5\u30b9\u30af\u30fc\u30eb","description":"Du h\u1ecdc Cebu? H\u00e3y \u0111\u1ebfn v\u1edbi Cebu English School","publisher":{"@id":"https:\/\/cebu-english-school.com\/vn\/#organization"},"potentialAction":[{"@type":"SearchAction","target":{"@type":"EntryPoint","urlTemplate":"https:\/\/cebu-english-school.com\/vn\/?s={search_term_string}"},"query-input":{"@type":"PropertyValueSpecification","valueRequired":true,"valueName":"search_term_string"}}],"inLanguage":"ja"},{"@type":"Organization","@id":"https:\/\/cebu-english-school.com\/vn\/#organization","name":"\u3010\u516c\u5f0f\u3011\u30bb\u30d6\u30a4\u30f3\u30b0\u30ea\u30c3\u30b7\u30e5\u30b9\u30af\u30fc\u30eb","url":"https:\/\/cebu-english-school.com\/vn\/","logo":{"@type":"ImageObject","inLanguage":"ja","@id":"https:\/\/cebu-english-school.com\/vn\/#\/schema\/logo\/image\/","url":"https:\/\/cebu-english-school.com\/vn\/wp-content\/uploads\/2023\/02\/logo.jpg","contentUrl":"https:\/\/cebu-english-school.com\/vn\/wp-content\/uploads\/2023\/02\/logo.jpg","width":491,"height":297,"caption":"\u3010\u516c\u5f0f\u3011\u30bb\u30d6\u30a4\u30f3\u30b0\u30ea\u30c3\u30b7\u30e5\u30b9\u30af\u30fc\u30eb"},"image":{"@id":"https:\/\/cebu-english-school.com\/vn\/#\/schema\/logo\/image\/"}}]}},"_links":{"self":[{"href":"https:\/\/cebu-english-school.com\/vn\/wp-json\/wp\/v2\/pages\/327","targetHints":{"allow":["GET"]}}],"collection":[{"href":"https:\/\/cebu-english-school.com\/vn\/wp-json\/wp\/v2\/pages"}],"about":[{"href":"https:\/\/cebu-english-school.com\/vn\/wp-json\/wp\/v2\/types\/page"}],"author":[{"embeddable":true,"href":"https:\/\/cebu-english-school.com\/vn\/wp-json\/wp\/v2\/users\/1"}],"replies":[{"embeddable":true,"href":"https:\/\/cebu-english-school.com\/vn\/wp-json\/wp\/v2\/comments?post=327"}],"version-history":[{"count":10,"href":"https:\/\/cebu-english-school.com\/vn\/wp-json\/wp\/v2\/pages\/327\/revisions"}],"predecessor-version":[{"id":3884,"href":"https:\/\/cebu-english-school.com\/vn\/wp-json\/wp\/v2\/pages\/327\/revisions\/3884"}],"wp:attachment":[{"href":"https:\/\/cebu-english-school.com\/vn\/wp-json\/wp\/v2\/media?parent=327"}],"curies":[{"name":"wp","href":"https:\/\/api.w.org\/{rel}","templated":true}]}}