{"id":3763,"date":"2025-11-18T07:31:17","date_gmt":"2025-11-17T22:31:17","guid":{"rendered":"https:\/\/cebu-english-school.com\/vn\/?page_id=3763"},"modified":"2025-11-27T13:26:57","modified_gmt":"2025-11-27T04:26:57","slug":"company","status":"publish","type":"page","link":"https:\/\/cebu-english-school.com\/vn\/company","title":{"rendered":"\u904b\u55b6\u4f1a\u793e"},"content":{"rendered":"<div id=\"sgb-css-id-2\">\n<div class=\"wp-block-sgb-hero alignfull\"><div class=\"header-image\" style=\"background-image:url(https:\/\/cebu-english-school.com\/vn\/wp-content\/uploads\/2025\/11\/company1.jpg)\"><div class=\"header-image__shade\" style=\"background-color:rgba(0, 0, 0, 0.4)\"><\/div><div class=\"header-image__text\"><p class=\"header-image__headline\"><strong>C\u00f4ng ty v\u1eadn h\u00e0nh<\/strong><\/p><div class=\"header-image__btn\"><div id=\"sgb-btn-group-id1\">\n<div class=\"wp-block-sgb-btn-group\">\n<p class=\"wp-block-sgb-btn sng-align-left\"><a style=\"background-color:var(--wp--preset--color--sango-main)\" class=\"btn normal raised\" href=\"\"><\/a><\/p>\n<\/div>\n<\/div><\/div><\/div><\/div><\/div>\n<\/div>\n\n\n<p>Trang web n\u00e0y (trang ch\u00ednh th\u1ee9c c\u1ee7a Cebu English School)<br>\u0111\u01b0\u1ee3c v\u1eadn h\u00e0nh v\u00e0 ti\u1ebfp nh\u1eadn h\u1ed3 s\u01a1 nh\u1eadp h\u1ecdc b\u1edfi&nbsp;<strong>SRD Co., Ltd.<\/strong>&nbsp;\u2013 ph\u00e1p nh\u00e2n Nh\u1eadt B\u1ea3n,<br>theo \u1ee7y quy\u1ec1n t\u1eeb&nbsp;<strong>PRO CREATIVE ENGLISH SCHOOL INC.<\/strong>&nbsp;(t\u00ean tr\u01b0\u1eddng: Cebu English School) \u2013 ph\u00e1p nh\u00e2n Philippines.<\/p>\n\n\n\n<table class=\"company-table\">\n  <thead>\n    <tr>\n      <th colspan=\"2\">C\u00f4ng Ty V\u1eadn H\u00e0nh\u3000SRD Co., Ltd.<\/th>\n    <\/tr>\n  <\/thead>\n\n  <tbody>\n    <tr>\n      <th>T\u00ean Tr\u01b0\u1eddng<\/th>\n      <td>Cebu English School<\/td>\n    <\/tr>\n\n    <tr>\n      <th>\u0110\u1ecba Ch\u1ec9<\/th>\n      <td>2-5-14 Ichiba Nishi, Izumisano, Osaka \u2013 T\u00f2a nh\u00e0 Ace, ph\u00f2ng 3C<\/td>\n    <\/tr>\n\n    <tr>\n      <th>N\u0103m Th\u00e0nh L\u1eadp<\/th>\n      <td>Th\u00e1ng 3 n\u0103m 2008<\/td>\n    <\/tr>\n\n    <tr>\n      <th>V\u1ed1n \u0110i\u1ec1u L\u1ec7<\/th>\n      <td>9,400,000 y\u00ean<\/td>\n    <\/tr>\n\n    <tr>\n      <th>Gi\u00e1m \u0110\u1ed1c \u0110i\u1ec1u H\u00e0nh<\/th>\n      <td>Minoki Miyagawa<\/td>\n    <\/tr>\n\n    <tr>\n      <th>N\u1ed9i Dung Ho\u1ea1t \u0110\u1ed9ng<\/th>\n      <td>\n        1. Gi\u1edbi thi\u1ec7u tr\u01b0\u1eddng Cebu English School v\u00e0 h\u1ed7 tr\u1ee3 th\u1ee7 t\u1ee5c nh\u1eadp h\u1ecdc cho h\u1ecdc vi\u00ean c\u00f3 nhu c\u1ea7u<br>\n        2. H\u01b0\u1edbng d\u1eabn h\u1ed3 s\u01a1 c\u1ea7n thi\u1ebft, h\u1ed7 tr\u1ee3 chu\u1ea9n b\u1ecb tr\u01b0\u1edbc khi sang Cebu, cung c\u1ea5p th\u00f4ng tin sinh ho\u1ea1t<br>\n        3. T\u1ed5 ch\u1ee9c h\u1ed9i th\u1ea3o tr\u1ef1c tuy\u1ebfn &amp; t\u01b0 v\u1ea5n c\u00e1 nh\u00e2n cho du h\u1ecdc sinh<br>\n        4. H\u01b0\u1edbng d\u1eabn v\u00e0 h\u1ed7 tr\u1ee3 v\u1ec1 k\u00fd t\u00fac x\u00e1 v\u00e0 c\u00e1c kh\u00e1ch s\u1ea1n li\u00ean k\u1ebft<br>\n        5. Ti\u1ebfp nh\u1eadn v\u00e0 h\u1ed7 tr\u1ee3 c\u00e1c th\u1eafc m\u1eafc li\u00ean quan \u0111\u1ebfn \u0111\u1eddi s\u1ed1ng du h\u1ecdc\n      <\/td>\n    <\/tr>\n  <\/tbody>\n<\/table>\n\n\n\n\n<p><\/p>\n","protected":false},"excerpt":{"rendered":"<p>Trang web n\u00e0y (trang ch\u00ednh th\u1ee9c c\u1ee7a Cebu English School)\u0111\u01b0\u1ee3c v\u1eadn h\u00e0nh v\u00e0 ti\u1ebfp nh\u1eadn h\u1ed3 s\u01a1 nh\u1eadp h\u1ecdc b\u1edfi&nbsp;SRD &#8230; <\/p>\n","protected":false},"author":1,"featured_media":0,"parent":0,"menu_order":0,"comment_status":"closed","ping_status":"closed","template":"page-forfront.php","meta":{"footnotes":""},"class_list":{"0":"post-3763","1":"page","2":"type-page","3":"status-publish","5":"nothumb"},"yoast_head":"<!-- This site is optimized with the Yoast SEO plugin v26.2 - https:\/\/yoast.com\/wordpress\/plugins\/seo\/ -->\n<title>C\u00f4ng Ty V\u1eadn H\u00e0nh CES Cebu | Th\u00f4ng Tin Ch\u00ednh Th\u1ee9c<\/title>\n<meta name=\"description\" content=\"Trang web ch\u00ednh th\u1ee9c c\u1ee7a CES do SRD Co., Ltd. v\u1eadn h\u00e0nh theo \u1ee7y quy\u1ec1n t\u1eeb PRO CREATIVE ENGLISH SCHOOL INC.\" \/>\n<meta name=\"robots\" content=\"index, follow, max-snippet:-1, max-image-preview:large, max-video-preview:-1\" \/>\n<link rel=\"canonical\" href=\"https:\/\/cebu-english-school.com\/vn\/company\" \/>\n<meta property=\"og:locale\" content=\"ja_JP\" \/>\n<meta property=\"og:type\" content=\"article\" \/>\n<meta property=\"og:title\" content=\"C\u00f4ng Ty V\u1eadn H\u00e0nh CES Cebu | Th\u00f4ng Tin Ch\u00ednh Th\u1ee9c\" \/>\n<meta property=\"og:description\" content=\"Trang web ch\u00ednh th\u1ee9c c\u1ee7a CES do SRD Co., Ltd. v\u1eadn h\u00e0nh theo \u1ee7y quy\u1ec1n t\u1eeb PRO CREATIVE ENGLISH SCHOOL INC.\" \/>\n<meta property=\"og:url\" content=\"https:\/\/cebu-english-school.com\/vn\/company\" \/>\n<meta property=\"og:site_name\" content=\"\u3010\u516c\u5f0f\u3011\u30bb\u30d6\u30a4\u30f3\u30b0\u30ea\u30c3\u30b7\u30e5\u30b9\u30af\u30fc\u30eb\" \/>\n<meta property=\"article:modified_time\" content=\"2025-11-27T04:26:57+00:00\" \/>\n<meta name=\"twitter:card\" content=\"summary_large_image\" \/>\n<meta name=\"twitter:label1\" content=\"\u63a8\u5b9a\u8aad\u307f\u53d6\u308a\u6642\u9593\" \/>\n\t<meta name=\"twitter:data1\" content=\"2\u5206\" \/>\n<script type=\"application\/ld+json\" class=\"yoast-schema-graph\">{\"@context\":\"https:\/\/schema.org\",\"@graph\":[{\"@type\":\"WebPage\",\"@id\":\"https:\/\/cebu-english-school.com\/vn\/company\",\"url\":\"https:\/\/cebu-english-school.com\/vn\/company\",\"name\":\"C\u00f4ng Ty V\u1eadn H\u00e0nh CES Cebu | Th\u00f4ng Tin Ch\u00ednh Th\u1ee9c\",\"isPartOf\":{\"@id\":\"https:\/\/cebu-english-school.com\/vn\/#website\"},\"datePublished\":\"2025-11-17T22:31:17+00:00\",\"dateModified\":\"2025-11-27T04:26:57+00:00\",\"description\":\"Trang web ch\u00ednh th\u1ee9c c\u1ee7a CES do SRD Co., Ltd. v\u1eadn h\u00e0nh theo \u1ee7y quy\u1ec1n t\u1eeb PRO CREATIVE ENGLISH SCHOOL INC.\",\"breadcrumb\":{\"@id\":\"https:\/\/cebu-english-school.com\/vn\/company#breadcrumb\"},\"inLanguage\":\"ja\",\"potentialAction\":[{\"@type\":\"ReadAction\",\"target\":[\"https:\/\/cebu-english-school.com\/vn\/company\"]}]},{\"@type\":\"BreadcrumbList\",\"@id\":\"https:\/\/cebu-english-school.com\/vn\/company#breadcrumb\",\"itemListElement\":[{\"@type\":\"ListItem\",\"position\":1,\"name\":\"\u30db\u30fc\u30e0\",\"item\":\"https:\/\/cebu-english-school.com\/vn\/\"},{\"@type\":\"ListItem\",\"position\":2,\"name\":\"\u904b\u55b6\u4f1a\u793e\"}]},{\"@type\":\"WebSite\",\"@id\":\"https:\/\/cebu-english-school.com\/vn\/#website\",\"url\":\"https:\/\/cebu-english-school.com\/vn\/\",\"name\":\"\u3010\u516c\u5f0f\u3011\u30bb\u30d6\u30a4\u30f3\u30b0\u30ea\u30c3\u30b7\u30e5\u30b9\u30af\u30fc\u30eb\",\"description\":\"Du h\u1ecdc Cebu? H\u00e3y \u0111\u1ebfn v\u1edbi Cebu English School\",\"publisher\":{\"@id\":\"https:\/\/cebu-english-school.com\/vn\/#organization\"},\"potentialAction\":[{\"@type\":\"SearchAction\",\"target\":{\"@type\":\"EntryPoint\",\"urlTemplate\":\"https:\/\/cebu-english-school.com\/vn\/?s={search_term_string}\"},\"query-input\":{\"@type\":\"PropertyValueSpecification\",\"valueRequired\":true,\"valueName\":\"search_term_string\"}}],\"inLanguage\":\"ja\"},{\"@type\":\"Organization\",\"@id\":\"https:\/\/cebu-english-school.com\/vn\/#organization\",\"name\":\"\u3010\u516c\u5f0f\u3011\u30bb\u30d6\u30a4\u30f3\u30b0\u30ea\u30c3\u30b7\u30e5\u30b9\u30af\u30fc\u30eb\",\"url\":\"https:\/\/cebu-english-school.com\/vn\/\",\"logo\":{\"@type\":\"ImageObject\",\"inLanguage\":\"ja\",\"@id\":\"https:\/\/cebu-english-school.com\/vn\/#\/schema\/logo\/image\/\",\"url\":\"https:\/\/cebu-english-school.com\/vn\/wp-content\/uploads\/2023\/02\/logo.jpg\",\"contentUrl\":\"https:\/\/cebu-english-school.com\/vn\/wp-content\/uploads\/2023\/02\/logo.jpg\",\"width\":491,\"height\":297,\"caption\":\"\u3010\u516c\u5f0f\u3011\u30bb\u30d6\u30a4\u30f3\u30b0\u30ea\u30c3\u30b7\u30e5\u30b9\u30af\u30fc\u30eb\"},\"image\":{\"@id\":\"https:\/\/cebu-english-school.com\/vn\/#\/schema\/logo\/image\/\"}}]}<\/script>\n<!-- \/ Yoast SEO plugin. -->","yoast_head_json":{"title":"C\u00f4ng Ty V\u1eadn H\u00e0nh CES Cebu | Th\u00f4ng Tin Ch\u00ednh Th\u1ee9c","description":"Trang web ch\u00ednh th\u1ee9c c\u1ee7a CES do SRD Co., Ltd. v\u1eadn h\u00e0nh theo \u1ee7y quy\u1ec1n t\u1eeb PRO CREATIVE ENGLISH SCHOOL INC.","robots":{"index":"index","follow":"follow","max-snippet":"max-snippet:-1","max-image-preview":"max-image-preview:large","max-video-preview":"max-video-preview:-1"},"canonical":"https:\/\/cebu-english-school.com\/vn\/company","og_locale":"ja_JP","og_type":"article","og_title":"C\u00f4ng Ty V\u1eadn H\u00e0nh CES Cebu | Th\u00f4ng Tin Ch\u00ednh Th\u1ee9c","og_description":"Trang web ch\u00ednh th\u1ee9c c\u1ee7a CES do SRD Co., Ltd. v\u1eadn h\u00e0nh theo \u1ee7y quy\u1ec1n t\u1eeb PRO CREATIVE ENGLISH SCHOOL INC.","og_url":"https:\/\/cebu-english-school.com\/vn\/company","og_site_name":"\u3010\u516c\u5f0f\u3011\u30bb\u30d6\u30a4\u30f3\u30b0\u30ea\u30c3\u30b7\u30e5\u30b9\u30af\u30fc\u30eb","article_modified_time":"2025-11-27T04:26:57+00:00","twitter_card":"summary_large_image","twitter_misc":{"\u63a8\u5b9a\u8aad\u307f\u53d6\u308a\u6642\u9593":"2\u5206"},"schema":{"@context":"https:\/\/schema.org","@graph":[{"@type":"WebPage","@id":"https:\/\/cebu-english-school.com\/vn\/company","url":"https:\/\/cebu-english-school.com\/vn\/company","name":"C\u00f4ng Ty V\u1eadn H\u00e0nh CES Cebu | Th\u00f4ng Tin Ch\u00ednh Th\u1ee9c","isPartOf":{"@id":"https:\/\/cebu-english-school.com\/vn\/#website"},"datePublished":"2025-11-17T22:31:17+00:00","dateModified":"2025-11-27T04:26:57+00:00","description":"Trang web ch\u00ednh th\u1ee9c c\u1ee7a CES do SRD Co., Ltd. v\u1eadn h\u00e0nh theo \u1ee7y quy\u1ec1n t\u1eeb PRO CREATIVE ENGLISH SCHOOL INC.","breadcrumb":{"@id":"https:\/\/cebu-english-school.com\/vn\/company#breadcrumb"},"inLanguage":"ja","potentialAction":[{"@type":"ReadAction","target":["https:\/\/cebu-english-school.com\/vn\/company"]}]},{"@type":"BreadcrumbList","@id":"https:\/\/cebu-english-school.com\/vn\/company#breadcrumb","itemListElement":[{"@type":"ListItem","position":1,"name":"\u30db\u30fc\u30e0","item":"https:\/\/cebu-english-school.com\/vn\/"},{"@type":"ListItem","position":2,"name":"\u904b\u55b6\u4f1a\u793e"}]},{"@type":"WebSite","@id":"https:\/\/cebu-english-school.com\/vn\/#website","url":"https:\/\/cebu-english-school.com\/vn\/","name":"\u3010\u516c\u5f0f\u3011\u30bb\u30d6\u30a4\u30f3\u30b0\u30ea\u30c3\u30b7\u30e5\u30b9\u30af\u30fc\u30eb","description":"Du h\u1ecdc Cebu? H\u00e3y \u0111\u1ebfn v\u1edbi Cebu English School","publisher":{"@id":"https:\/\/cebu-english-school.com\/vn\/#organization"},"potentialAction":[{"@type":"SearchAction","target":{"@type":"EntryPoint","urlTemplate":"https:\/\/cebu-english-school.com\/vn\/?s={search_term_string}"},"query-input":{"@type":"PropertyValueSpecification","valueRequired":true,"valueName":"search_term_string"}}],"inLanguage":"ja"},{"@type":"Organization","@id":"https:\/\/cebu-english-school.com\/vn\/#organization","name":"\u3010\u516c\u5f0f\u3011\u30bb\u30d6\u30a4\u30f3\u30b0\u30ea\u30c3\u30b7\u30e5\u30b9\u30af\u30fc\u30eb","url":"https:\/\/cebu-english-school.com\/vn\/","logo":{"@type":"ImageObject","inLanguage":"ja","@id":"https:\/\/cebu-english-school.com\/vn\/#\/schema\/logo\/image\/","url":"https:\/\/cebu-english-school.com\/vn\/wp-content\/uploads\/2023\/02\/logo.jpg","contentUrl":"https:\/\/cebu-english-school.com\/vn\/wp-content\/uploads\/2023\/02\/logo.jpg","width":491,"height":297,"caption":"\u3010\u516c\u5f0f\u3011\u30bb\u30d6\u30a4\u30f3\u30b0\u30ea\u30c3\u30b7\u30e5\u30b9\u30af\u30fc\u30eb"},"image":{"@id":"https:\/\/cebu-english-school.com\/vn\/#\/schema\/logo\/image\/"}}]}},"_links":{"self":[{"href":"https:\/\/cebu-english-school.com\/vn\/wp-json\/wp\/v2\/pages\/3763","targetHints":{"allow":["GET"]}}],"collection":[{"href":"https:\/\/cebu-english-school.com\/vn\/wp-json\/wp\/v2\/pages"}],"about":[{"href":"https:\/\/cebu-english-school.com\/vn\/wp-json\/wp\/v2\/types\/page"}],"author":[{"embeddable":true,"href":"https:\/\/cebu-english-school.com\/vn\/wp-json\/wp\/v2\/users\/1"}],"replies":[{"embeddable":true,"href":"https:\/\/cebu-english-school.com\/vn\/wp-json\/wp\/v2\/comments?post=3763"}],"version-history":[{"count":5,"href":"https:\/\/cebu-english-school.com\/vn\/wp-json\/wp\/v2\/pages\/3763\/revisions"}],"predecessor-version":[{"id":3888,"href":"https:\/\/cebu-english-school.com\/vn\/wp-json\/wp\/v2\/pages\/3763\/revisions\/3888"}],"wp:attachment":[{"href":"https:\/\/cebu-english-school.com\/vn\/wp-json\/wp\/v2\/media?parent=3763"}],"curies":[{"name":"wp","href":"https:\/\/api.w.org\/{rel}","templated":true}]}}