{"id":82,"date":"2023-02-22T10:46:20","date_gmt":"2023-02-22T01:46:20","guid":{"rendered":"https:\/\/cebu-english-school.com\/vn\/?page_id=82"},"modified":"2025-11-26T10:22:14","modified_gmt":"2025-11-26T01:22:14","slug":"about","status":"publish","type":"page","link":"https:\/\/cebu-english-school.com\/vn\/about","title":{"rendered":"CES\u306b\u3064\u3044\u3066"},"content":{"rendered":"<div id=\"sgb-css-id-1\">\n<p><\/p>\n<\/div>\n\n<div id=\"sgb-css-id-2\" style=\"--sgb--custom--sub-title: 'Our Mission';--sgb--custom--sub-title-color: var(--sgb-main-color);--sgb--custom--sub-title-size: 0.6;\">\n<h2 class=\"wp-block-sgb-headings sgb-heading\" id=\"i-0\"><span class=\"sgb-heading__inner hh hh1 sgb-heading__inner--center\" style=\"font-size:1.5em;text-align:center\"><span class=\"sgb-heading__text\" style=\"color:var(--sgb-main-color)\">Gi\u00fap b\u1ea1n y\u00eau th\u00edch ti\u1ebfng Anh<\/span><\/span><\/h2>\n<\/div>\n\n\n<p><strong>\u0110\u1eb7c \u0111i\u1ec3m v\u00e0 \u01b0u \u0111i\u1ec3m c\u1ee7a Cebu English School (CES)<\/strong><\/p>\n\n\n\n<p>Nh\u1eefng n\u0103m g\u1ea7n \u0111\u00e2y, Philippines ng\u00e0y c\u00e0ng \u0111\u01b0\u1ee3c \u0111\u00e1nh gi\u00e1 cao tr\u00ean th\u1ebf gi\u1edbi nh\u01b0 m\u1ed9t \u201cqu\u1ed1c gia l\u00fd t\u01b0\u1edfng \u0111\u1ec3 h\u1ecdc ti\u1ebfng Anh\u201d.<br>Kh\u00f4ng ch\u1ec9 v\u00ec tr\u00ecnh \u0111\u1ed9 ti\u1ebfng Anh cao, v\u0103n h\u00f3a gi\u00e1o vi\u00ean th\u00e2n thi\u1ec7n v\u00e0 m\u00f4i tr\u01b0\u1eddng s\u1eed d\u1ee5ng ti\u1ebfng Anh phong ph\u00fa,m\u00e0 c\u00f2n v\u00ec h\u1ecdc vi\u00ean c\u00f3 th\u1ec3 nh\u1eadn \u0111\u01b0\u1ee3c c\u00e1c bu\u1ed5i h\u1ecdc 1 k\u00e8m 1 ch\u1ea5t l\u01b0\u1ee3ng cao v\u1edbi chi ph\u00ed h\u1ee3p l\u00fd h\u01a1n nhi\u1ec1u so v\u1edbi c\u00e1c n\u01b0\u1edbc \u00c2u \u2013 M\u1ef9.<\/p>\n\n\n\n<p>S\u1ee9c h\u1ea5p d\u1eabn l\u1edbn nh\u1ea5t c\u1ee7a du h\u1ecdc Philippines ch\u00ednh l\u00e0 c\u00e1c bu\u1ed5i h\u1ecdc&nbsp;<em>1 k\u00e8m 1<\/em>.<br>Gi\u00e1o vi\u00ean c\u00f3 th\u1ec3 gi\u1ea3ng d\u1ea1y theo t\u1ed1c \u0111\u1ed9 v\u00e0 m\u1ee5c ti\u00eau c\u1ee7a t\u1eebng h\u1ecdc vi\u00ean,gi\u00fap c\u1ea3i thi\u1ec7n k\u1ef9 n\u0103ng n\u00f3i nhanh ch\u00f3ng v\u00e0 n\u00e2ng cao n\u0103ng l\u1ef1c ti\u1ebfng Anh m\u1ed9t c\u00e1ch hi\u1ec7u qu\u1ea3 h\u01a1n.<\/p>\n\n\n\n<p>Nh\u1eefng ph\u1ea3n h\u1ed3i chi ti\u1ebft v\u00e0 s\u00e1t sao m\u00e0 l\u1edbp h\u1ecdc \u0111\u00f4ng ng\u01b0\u1eddi kh\u00f4ng th\u1ec3 mang l\u1ea1i ch\u00ednh l\u00e0 \u01b0u \u0111i\u1ec3m l\u1edbn nh\u1ea5t c\u1ee7a du h\u1ecdc Philippines.<\/p>\n\n\n\n<p>Cebu English School (CES) t\u1eadn d\u1ee5ng t\u1ed1i \u0111a nh\u1eefng l\u1ee3i th\u1ebf n\u00e0y c\u1ee7a du h\u1ecdc Philippines,<\/p>\n\n\n\n<p><strong><span class=\"keiko_blue\">kh\u00f4ng ch\u1ec9 gi\u00fap b\u1ea1n n\u00e2ng cao ti\u1ebfng Anh trong th\u1eddi gian h\u1ecdc, m\u00e0 c\u00f2n nu\u00f4i d\u01b0\u1ee1ng \u201cni\u1ec1m vui h\u1ecdc ti\u1ebfng Anh\u201d \u0111\u1ec3 b\u1ea1n ti\u1ebfp t\u1ee5c duy tr\u00ec sau khi tr\u1edf v\u1ec1 n\u01b0\u1edbc.<\/span><\/strong><\/p>\n\n\n\n<p>V\u00ec v\u1eady, t\u1ea1i CES, ngo\u00e0i c\u00e1c bu\u1ed5i h\u1ecdc trong l\u1edbp truy\u1ec1n th\u1ed1ng,ch\u00fang t\u00f4i c\u00f2n \u0111\u01b0a v\u00e0o nhi\u1ec1u ho\u1ea1t \u0111\u1ed9ng h\u1ecdc t\u1eadp \u201cth\u1ef1c ti\u1ec5n\u201d, m\u00f4 ph\u1ecfng cu\u1ed9c s\u1ed1ng t\u1ea1i c\u00e1c qu\u1ed1c gia n\u00f3i ti\u1ebfng Anh.<\/p>\n\n\n\n<p>T\u1eeb mua s\u1eafm, di chuy\u1ec3n, qu\u00e1n \u0103n, \u0111\u1ebfn giao ti\u1ebfp trong c\u00f4ng vi\u1ec7c,h\u1ecdc vi\u00ean s\u1ebd \u0111\u01b0\u1ee3c tr\u1ea3i nghi\u1ec7m s\u1eed d\u1ee5ng ti\u1ebfng Anh th\u1ef1c t\u1ebf c\u00f9ng gi\u00e1o vi\u00ean trong nhi\u1ec1u t\u00ecnh hu\u1ed1ng \u0111\u1eddi s\u1ed1ng,gi\u00fap ti\u1ebfp thu \u201cti\u1ebfng Anh th\u1ef1c d\u1ee5ng\u201d m\u1ed9t c\u00e1ch t\u1ef1 nhi\u00ean.<\/p>\n\n\n\n<p>D\u00f9 m\u00f4i tr\u01b0\u1eddng t\u1ed1t \u0111\u1ebfn \u0111\u00e2u, vi\u1ec7c h\u1ecdc ngo\u1ea1i ng\u1eef c\u0169ng c\u1ea7n s\u1ef1 duy tr\u00ec li\u00ean t\u1ee5c.<br>V\u00ec v\u1eady, ch\u00fang t\u00f4i ch\u00fa tr\u1ecdng t\u1ea1o ra m\u1ed9t m\u00f4i tr\u01b0\u1eddng n\u01a1i b\u1ea1n c\u00f3 th\u1ec3 th\u1eadt s\u1ef1 c\u1ea3m nh\u1eadn r\u1eb1ng \u201cH\u1ecdc ti\u1ebfng Anh th\u1eadt vui!\u201d.<br><br>Khi c\u1ea3m th\u1ea5y h\u1ee9ng th\u00fa, b\u1ea1n s\u1ebd t\u1ef1 nhi\u00ean mu\u1ed1n ti\u1ebfp t\u1ee5c h\u1ecdc.<br><br>CES l\u00e0 m\u1ed9t tr\u01b0\u1eddng Anh ng\u1eef h\u01b0\u1edbng \u0111\u1ebfn vi\u1ec7c mang l\u1ea1i m\u00f4i tr\u01b0\u1eddng h\u1ecdc t\u1eadp th\u1ef1c ti\u1ec5n v\u00e0 hi\u1ec7u qu\u1ea3 nh\u1ea5t,v\u1edbi m\u1ee5c ti\u00eau gi\u00fap h\u1ecdc vi\u00ean tr\u1edf th\u00e0nh nh\u1eefng nh\u00e2n t\u1ed1 c\u00f3 th\u1ec3 ho\u1ea1t \u0111\u1ed9ng trong x\u00e3 h\u1ed9i to\u00e0n c\u1ea7u,v\u00e0 lu\u00f4n \u0111\u1ed3ng h\u00e0nh \u0111\u1ec3 ph\u00e1t huy t\u1ed1i \u0111a ti\u1ec1m n\u0103ng c\u1ee7a m\u1ed7i h\u1ecdc vi\u00ean.<\/p>\n\n\n\n<p><\/p>\n","protected":false},"excerpt":{"rendered":"<p>\u0110\u1eb7c \u0111i\u1ec3m v\u00e0 \u01b0u \u0111i\u1ec3m c\u1ee7a Cebu English School (CES) Nh\u1eefng n\u0103m g\u1ea7n \u0111\u00e2y, Philippines ng\u00e0y c\u00e0ng \u0111\u01b0\u1ee3c \u0111\u00e1nh gi\u00e1 cao t &#8230; <\/p>\n","protected":false},"author":1,"featured_media":0,"parent":0,"menu_order":0,"comment_status":"closed","ping_status":"closed","template":"page-forfront.php","meta":{"footnotes":""},"class_list":{"0":"post-82","1":"page","2":"type-page","3":"status-publish","5":"nothumb"},"yoast_head":"<!-- This site is optimized with the Yoast SEO plugin v26.2 - https:\/\/yoast.com\/wordpress\/plugins\/seo\/ -->\n<title>H\u1ecdc ti\u1ebfng Anh th\u1ef1c t\u1ebf t\u1ea1i CES | L\u1edbp 1 k\u00e8m 1<\/title>\n<meta name=\"description\" content=\"CES mang \u0111\u1ebfn ch\u01b0\u01a1ng tr\u00ecnh h\u1ecdc ti\u1ebfng Anh th\u1ef1c h\u00e0nh v\u00e0 l\u1edbp 1 k\u00e8m 1, gi\u00fap b\u1ea1n y\u00eau th\u00edch ti\u1ebfng Anh v\u00e0 duy tr\u00ec vi\u1ec7c h\u1ecdc sau khi v\u1ec1 n\u01b0\u1edbc.\" \/>\n<meta name=\"robots\" content=\"index, follow, max-snippet:-1, max-image-preview:large, max-video-preview:-1\" \/>\n<link rel=\"canonical\" href=\"https:\/\/cebu-english-school.com\/vn\/about\" \/>\n<meta property=\"og:locale\" content=\"ja_JP\" \/>\n<meta property=\"og:type\" content=\"article\" \/>\n<meta property=\"og:title\" content=\"H\u1ecdc ti\u1ebfng Anh th\u1ef1c t\u1ebf t\u1ea1i CES | L\u1edbp 1 k\u00e8m 1\" \/>\n<meta property=\"og:description\" content=\"CES mang \u0111\u1ebfn ch\u01b0\u01a1ng tr\u00ecnh h\u1ecdc ti\u1ebfng Anh th\u1ef1c h\u00e0nh v\u00e0 l\u1edbp 1 k\u00e8m 1, gi\u00fap b\u1ea1n y\u00eau th\u00edch ti\u1ebfng Anh v\u00e0 duy tr\u00ec vi\u1ec7c h\u1ecdc sau khi v\u1ec1 n\u01b0\u1edbc.\" \/>\n<meta property=\"og:url\" content=\"https:\/\/cebu-english-school.com\/vn\/about\" \/>\n<meta property=\"og:site_name\" content=\"\u3010\u516c\u5f0f\u3011\u30bb\u30d6\u30a4\u30f3\u30b0\u30ea\u30c3\u30b7\u30e5\u30b9\u30af\u30fc\u30eb\" \/>\n<meta property=\"article:modified_time\" content=\"2025-11-26T01:22:14+00:00\" \/>\n<meta name=\"twitter:card\" content=\"summary_large_image\" \/>\n<meta name=\"twitter:label1\" content=\"\u63a8\u5b9a\u8aad\u307f\u53d6\u308a\u6642\u9593\" \/>\n\t<meta name=\"twitter:data1\" content=\"5\u5206\" \/>\n<script type=\"application\/ld+json\" class=\"yoast-schema-graph\">{\"@context\":\"https:\/\/schema.org\",\"@graph\":[{\"@type\":\"WebPage\",\"@id\":\"https:\/\/cebu-english-school.com\/vn\/about\",\"url\":\"https:\/\/cebu-english-school.com\/vn\/about\",\"name\":\"H\u1ecdc ti\u1ebfng Anh th\u1ef1c t\u1ebf t\u1ea1i CES | L\u1edbp 1 k\u00e8m 1\",\"isPartOf\":{\"@id\":\"https:\/\/cebu-english-school.com\/vn\/#website\"},\"datePublished\":\"2023-02-22T01:46:20+00:00\",\"dateModified\":\"2025-11-26T01:22:14+00:00\",\"description\":\"CES mang \u0111\u1ebfn ch\u01b0\u01a1ng tr\u00ecnh h\u1ecdc ti\u1ebfng Anh th\u1ef1c h\u00e0nh v\u00e0 l\u1edbp 1 k\u00e8m 1, gi\u00fap b\u1ea1n y\u00eau th\u00edch ti\u1ebfng Anh v\u00e0 duy tr\u00ec vi\u1ec7c h\u1ecdc sau khi v\u1ec1 n\u01b0\u1edbc.\",\"breadcrumb\":{\"@id\":\"https:\/\/cebu-english-school.com\/vn\/about#breadcrumb\"},\"inLanguage\":\"ja\",\"potentialAction\":[{\"@type\":\"ReadAction\",\"target\":[\"https:\/\/cebu-english-school.com\/vn\/about\"]}]},{\"@type\":\"BreadcrumbList\",\"@id\":\"https:\/\/cebu-english-school.com\/vn\/about#breadcrumb\",\"itemListElement\":[{\"@type\":\"ListItem\",\"position\":1,\"name\":\"\u30db\u30fc\u30e0\",\"item\":\"https:\/\/cebu-english-school.com\/vn\/\"},{\"@type\":\"ListItem\",\"position\":2,\"name\":\"CES\u306b\u3064\u3044\u3066\"}]},{\"@type\":\"WebSite\",\"@id\":\"https:\/\/cebu-english-school.com\/vn\/#website\",\"url\":\"https:\/\/cebu-english-school.com\/vn\/\",\"name\":\"\u3010\u516c\u5f0f\u3011\u30bb\u30d6\u30a4\u30f3\u30b0\u30ea\u30c3\u30b7\u30e5\u30b9\u30af\u30fc\u30eb\",\"description\":\"Du h\u1ecdc Cebu? H\u00e3y \u0111\u1ebfn v\u1edbi Cebu English School\",\"publisher\":{\"@id\":\"https:\/\/cebu-english-school.com\/vn\/#organization\"},\"potentialAction\":[{\"@type\":\"SearchAction\",\"target\":{\"@type\":\"EntryPoint\",\"urlTemplate\":\"https:\/\/cebu-english-school.com\/vn\/?s={search_term_string}\"},\"query-input\":{\"@type\":\"PropertyValueSpecification\",\"valueRequired\":true,\"valueName\":\"search_term_string\"}}],\"inLanguage\":\"ja\"},{\"@type\":\"Organization\",\"@id\":\"https:\/\/cebu-english-school.com\/vn\/#organization\",\"name\":\"\u3010\u516c\u5f0f\u3011\u30bb\u30d6\u30a4\u30f3\u30b0\u30ea\u30c3\u30b7\u30e5\u30b9\u30af\u30fc\u30eb\",\"url\":\"https:\/\/cebu-english-school.com\/vn\/\",\"logo\":{\"@type\":\"ImageObject\",\"inLanguage\":\"ja\",\"@id\":\"https:\/\/cebu-english-school.com\/vn\/#\/schema\/logo\/image\/\",\"url\":\"https:\/\/cebu-english-school.com\/vn\/wp-content\/uploads\/2023\/02\/logo.jpg\",\"contentUrl\":\"https:\/\/cebu-english-school.com\/vn\/wp-content\/uploads\/2023\/02\/logo.jpg\",\"width\":491,\"height\":297,\"caption\":\"\u3010\u516c\u5f0f\u3011\u30bb\u30d6\u30a4\u30f3\u30b0\u30ea\u30c3\u30b7\u30e5\u30b9\u30af\u30fc\u30eb\"},\"image\":{\"@id\":\"https:\/\/cebu-english-school.com\/vn\/#\/schema\/logo\/image\/\"}}]}<\/script>\n<!-- \/ Yoast SEO plugin. -->","yoast_head_json":{"title":"H\u1ecdc ti\u1ebfng Anh th\u1ef1c t\u1ebf t\u1ea1i CES | L\u1edbp 1 k\u00e8m 1","description":"CES mang \u0111\u1ebfn ch\u01b0\u01a1ng tr\u00ecnh h\u1ecdc ti\u1ebfng Anh th\u1ef1c h\u00e0nh v\u00e0 l\u1edbp 1 k\u00e8m 1, gi\u00fap b\u1ea1n y\u00eau th\u00edch ti\u1ebfng Anh v\u00e0 duy tr\u00ec vi\u1ec7c h\u1ecdc sau khi v\u1ec1 n\u01b0\u1edbc.","robots":{"index":"index","follow":"follow","max-snippet":"max-snippet:-1","max-image-preview":"max-image-preview:large","max-video-preview":"max-video-preview:-1"},"canonical":"https:\/\/cebu-english-school.com\/vn\/about","og_locale":"ja_JP","og_type":"article","og_title":"H\u1ecdc ti\u1ebfng Anh th\u1ef1c t\u1ebf t\u1ea1i CES | L\u1edbp 1 k\u00e8m 1","og_description":"CES mang \u0111\u1ebfn ch\u01b0\u01a1ng tr\u00ecnh h\u1ecdc ti\u1ebfng Anh th\u1ef1c h\u00e0nh v\u00e0 l\u1edbp 1 k\u00e8m 1, gi\u00fap b\u1ea1n y\u00eau th\u00edch ti\u1ebfng Anh v\u00e0 duy tr\u00ec vi\u1ec7c h\u1ecdc sau khi v\u1ec1 n\u01b0\u1edbc.","og_url":"https:\/\/cebu-english-school.com\/vn\/about","og_site_name":"\u3010\u516c\u5f0f\u3011\u30bb\u30d6\u30a4\u30f3\u30b0\u30ea\u30c3\u30b7\u30e5\u30b9\u30af\u30fc\u30eb","article_modified_time":"2025-11-26T01:22:14+00:00","twitter_card":"summary_large_image","twitter_misc":{"\u63a8\u5b9a\u8aad\u307f\u53d6\u308a\u6642\u9593":"5\u5206"},"schema":{"@context":"https:\/\/schema.org","@graph":[{"@type":"WebPage","@id":"https:\/\/cebu-english-school.com\/vn\/about","url":"https:\/\/cebu-english-school.com\/vn\/about","name":"H\u1ecdc ti\u1ebfng Anh th\u1ef1c t\u1ebf t\u1ea1i CES | L\u1edbp 1 k\u00e8m 1","isPartOf":{"@id":"https:\/\/cebu-english-school.com\/vn\/#website"},"datePublished":"2023-02-22T01:46:20+00:00","dateModified":"2025-11-26T01:22:14+00:00","description":"CES mang \u0111\u1ebfn ch\u01b0\u01a1ng tr\u00ecnh h\u1ecdc ti\u1ebfng Anh th\u1ef1c h\u00e0nh v\u00e0 l\u1edbp 1 k\u00e8m 1, gi\u00fap b\u1ea1n y\u00eau th\u00edch ti\u1ebfng Anh v\u00e0 duy tr\u00ec vi\u1ec7c h\u1ecdc sau khi v\u1ec1 n\u01b0\u1edbc.","breadcrumb":{"@id":"https:\/\/cebu-english-school.com\/vn\/about#breadcrumb"},"inLanguage":"ja","potentialAction":[{"@type":"ReadAction","target":["https:\/\/cebu-english-school.com\/vn\/about"]}]},{"@type":"BreadcrumbList","@id":"https:\/\/cebu-english-school.com\/vn\/about#breadcrumb","itemListElement":[{"@type":"ListItem","position":1,"name":"\u30db\u30fc\u30e0","item":"https:\/\/cebu-english-school.com\/vn\/"},{"@type":"ListItem","position":2,"name":"CES\u306b\u3064\u3044\u3066"}]},{"@type":"WebSite","@id":"https:\/\/cebu-english-school.com\/vn\/#website","url":"https:\/\/cebu-english-school.com\/vn\/","name":"\u3010\u516c\u5f0f\u3011\u30bb\u30d6\u30a4\u30f3\u30b0\u30ea\u30c3\u30b7\u30e5\u30b9\u30af\u30fc\u30eb","description":"Du h\u1ecdc Cebu? H\u00e3y \u0111\u1ebfn v\u1edbi Cebu English School","publisher":{"@id":"https:\/\/cebu-english-school.com\/vn\/#organization"},"potentialAction":[{"@type":"SearchAction","target":{"@type":"EntryPoint","urlTemplate":"https:\/\/cebu-english-school.com\/vn\/?s={search_term_string}"},"query-input":{"@type":"PropertyValueSpecification","valueRequired":true,"valueName":"search_term_string"}}],"inLanguage":"ja"},{"@type":"Organization","@id":"https:\/\/cebu-english-school.com\/vn\/#organization","name":"\u3010\u516c\u5f0f\u3011\u30bb\u30d6\u30a4\u30f3\u30b0\u30ea\u30c3\u30b7\u30e5\u30b9\u30af\u30fc\u30eb","url":"https:\/\/cebu-english-school.com\/vn\/","logo":{"@type":"ImageObject","inLanguage":"ja","@id":"https:\/\/cebu-english-school.com\/vn\/#\/schema\/logo\/image\/","url":"https:\/\/cebu-english-school.com\/vn\/wp-content\/uploads\/2023\/02\/logo.jpg","contentUrl":"https:\/\/cebu-english-school.com\/vn\/wp-content\/uploads\/2023\/02\/logo.jpg","width":491,"height":297,"caption":"\u3010\u516c\u5f0f\u3011\u30bb\u30d6\u30a4\u30f3\u30b0\u30ea\u30c3\u30b7\u30e5\u30b9\u30af\u30fc\u30eb"},"image":{"@id":"https:\/\/cebu-english-school.com\/vn\/#\/schema\/logo\/image\/"}}]}},"_links":{"self":[{"href":"https:\/\/cebu-english-school.com\/vn\/wp-json\/wp\/v2\/pages\/82","targetHints":{"allow":["GET"]}}],"collection":[{"href":"https:\/\/cebu-english-school.com\/vn\/wp-json\/wp\/v2\/pages"}],"about":[{"href":"https:\/\/cebu-english-school.com\/vn\/wp-json\/wp\/v2\/types\/page"}],"author":[{"embeddable":true,"href":"https:\/\/cebu-english-school.com\/vn\/wp-json\/wp\/v2\/users\/1"}],"replies":[{"embeddable":true,"href":"https:\/\/cebu-english-school.com\/vn\/wp-json\/wp\/v2\/comments?post=82"}],"version-history":[{"count":9,"href":"https:\/\/cebu-english-school.com\/vn\/wp-json\/wp\/v2\/pages\/82\/revisions"}],"predecessor-version":[{"id":3811,"href":"https:\/\/cebu-english-school.com\/vn\/wp-json\/wp\/v2\/pages\/82\/revisions\/3811"}],"wp:attachment":[{"href":"https:\/\/cebu-english-school.com\/vn\/wp-json\/wp\/v2\/media?parent=82"}],"curies":[{"name":"wp","href":"https:\/\/api.w.org\/{rel}","templated":true}]}}