{"id":85,"date":"2023-02-22T10:46:48","date_gmt":"2023-02-22T01:46:48","guid":{"rendered":"https:\/\/cebu-english-school.com\/vn\/?page_id=85"},"modified":"2025-11-26T10:41:46","modified_gmt":"2025-11-26T01:41:46","slug":"course","status":"publish","type":"page","link":"https:\/\/cebu-english-school.com\/vn\/course","title":{"rendered":"\u30b3\u30fc\u30b9\u3068\u8cbb\u7528"},"content":{"rendered":"\n<p><\/p>\n\n\n<div id=\"sgb-css-id-1\">\n\n<\/div>","protected":false},"excerpt":{"rendered":"","protected":false},"author":1,"featured_media":0,"parent":0,"menu_order":0,"comment_status":"closed","ping_status":"closed","template":"page-forfront.php","meta":{"footnotes":""},"class_list":{"0":"post-85","1":"page","2":"type-page","3":"status-publish","5":"nothumb"},"yoast_head":"<!-- This site is optimized with the Yoast SEO plugin v26.2 - https:\/\/yoast.com\/wordpress\/plugins\/seo\/ -->\n<title>Ch\u01b0\u01a1ng Tr\u00ecnh Ti\u1ebfng Anh CES | Giao Ti\u1ebfp \u2013 Gia \u0110\u00ecnh \u2013 Luy\u1ec7n Thi<\/title>\n<meta name=\"description\" content=\"CES cung c\u1ea5p ch\u01b0\u01a1ng tr\u00ecnh ti\u1ebfng Anh \u0111a d\u1ea1ng: giao ti\u1ebfp t\u1ed5ng qu\u00e1t, du h\u1ecdc gia \u0111\u00ecnh v\u00e0 luy\u1ec7n thi TOEIC\/TOEFL\/IELTS. Ph\u00f9 h\u1ee3p cho m\u1ecdi \u0111\u1ed9 tu\u1ed5i v\u00e0 tr\u00ecnh \u0111\u1ed9.\" \/>\n<meta name=\"robots\" content=\"index, follow, max-snippet:-1, max-image-preview:large, max-video-preview:-1\" \/>\n<link rel=\"canonical\" href=\"https:\/\/cebu-english-school.com\/vn\/course\" \/>\n<meta property=\"og:locale\" content=\"ja_JP\" \/>\n<meta property=\"og:type\" content=\"article\" \/>\n<meta property=\"og:title\" content=\"Ch\u01b0\u01a1ng Tr\u00ecnh Ti\u1ebfng Anh CES | Giao Ti\u1ebfp \u2013 Gia \u0110\u00ecnh \u2013 Luy\u1ec7n Thi\" \/>\n<meta property=\"og:description\" content=\"CES cung c\u1ea5p ch\u01b0\u01a1ng tr\u00ecnh ti\u1ebfng Anh \u0111a d\u1ea1ng: giao ti\u1ebfp t\u1ed5ng qu\u00e1t, du h\u1ecdc gia \u0111\u00ecnh v\u00e0 luy\u1ec7n thi TOEIC\/TOEFL\/IELTS. Ph\u00f9 h\u1ee3p cho m\u1ecdi \u0111\u1ed9 tu\u1ed5i v\u00e0 tr\u00ecnh \u0111\u1ed9.\" \/>\n<meta property=\"og:url\" content=\"https:\/\/cebu-english-school.com\/vn\/course\" \/>\n<meta property=\"og:site_name\" content=\"\u3010\u516c\u5f0f\u3011\u30bb\u30d6\u30a4\u30f3\u30b0\u30ea\u30c3\u30b7\u30e5\u30b9\u30af\u30fc\u30eb\" \/>\n<meta property=\"article:modified_time\" content=\"2025-11-26T01:41:46+00:00\" \/>\n<meta name=\"twitter:card\" content=\"summary_large_image\" \/>\n<meta name=\"twitter:label1\" content=\"\u63a8\u5b9a\u8aad\u307f\u53d6\u308a\u6642\u9593\" \/>\n\t<meta name=\"twitter:data1\" content=\"1\u5206\" \/>\n<script type=\"application\/ld+json\" class=\"yoast-schema-graph\">{\"@context\":\"https:\/\/schema.org\",\"@graph\":[{\"@type\":\"WebPage\",\"@id\":\"https:\/\/cebu-english-school.com\/vn\/course\",\"url\":\"https:\/\/cebu-english-school.com\/vn\/course\",\"name\":\"Ch\u01b0\u01a1ng Tr\u00ecnh Ti\u1ebfng Anh CES | Giao Ti\u1ebfp \u2013 Gia \u0110\u00ecnh \u2013 Luy\u1ec7n Thi\",\"isPartOf\":{\"@id\":\"https:\/\/cebu-english-school.com\/vn\/#website\"},\"datePublished\":\"2023-02-22T01:46:48+00:00\",\"dateModified\":\"2025-11-26T01:41:46+00:00\",\"description\":\"CES cung c\u1ea5p ch\u01b0\u01a1ng tr\u00ecnh ti\u1ebfng Anh \u0111a d\u1ea1ng: giao ti\u1ebfp t\u1ed5ng qu\u00e1t, du h\u1ecdc gia \u0111\u00ecnh v\u00e0 luy\u1ec7n thi TOEIC\/TOEFL\/IELTS. Ph\u00f9 h\u1ee3p cho m\u1ecdi \u0111\u1ed9 tu\u1ed5i v\u00e0 tr\u00ecnh \u0111\u1ed9.\",\"breadcrumb\":{\"@id\":\"https:\/\/cebu-english-school.com\/vn\/course#breadcrumb\"},\"inLanguage\":\"ja\",\"potentialAction\":[{\"@type\":\"ReadAction\",\"target\":[\"https:\/\/cebu-english-school.com\/vn\/course\"]}]},{\"@type\":\"BreadcrumbList\",\"@id\":\"https:\/\/cebu-english-school.com\/vn\/course#breadcrumb\",\"itemListElement\":[{\"@type\":\"ListItem\",\"position\":1,\"name\":\"\u30db\u30fc\u30e0\",\"item\":\"https:\/\/cebu-english-school.com\/vn\/\"},{\"@type\":\"ListItem\",\"position\":2,\"name\":\"\u30b3\u30fc\u30b9\u3068\u8cbb\u7528\"}]},{\"@type\":\"WebSite\",\"@id\":\"https:\/\/cebu-english-school.com\/vn\/#website\",\"url\":\"https:\/\/cebu-english-school.com\/vn\/\",\"name\":\"\u3010\u516c\u5f0f\u3011\u30bb\u30d6\u30a4\u30f3\u30b0\u30ea\u30c3\u30b7\u30e5\u30b9\u30af\u30fc\u30eb\",\"description\":\"Du h\u1ecdc Cebu? H\u00e3y \u0111\u1ebfn v\u1edbi Cebu English School\",\"publisher\":{\"@id\":\"https:\/\/cebu-english-school.com\/vn\/#organization\"},\"potentialAction\":[{\"@type\":\"SearchAction\",\"target\":{\"@type\":\"EntryPoint\",\"urlTemplate\":\"https:\/\/cebu-english-school.com\/vn\/?s={search_term_string}\"},\"query-input\":{\"@type\":\"PropertyValueSpecification\",\"valueRequired\":true,\"valueName\":\"search_term_string\"}}],\"inLanguage\":\"ja\"},{\"@type\":\"Organization\",\"@id\":\"https:\/\/cebu-english-school.com\/vn\/#organization\",\"name\":\"\u3010\u516c\u5f0f\u3011\u30bb\u30d6\u30a4\u30f3\u30b0\u30ea\u30c3\u30b7\u30e5\u30b9\u30af\u30fc\u30eb\",\"url\":\"https:\/\/cebu-english-school.com\/vn\/\",\"logo\":{\"@type\":\"ImageObject\",\"inLanguage\":\"ja\",\"@id\":\"https:\/\/cebu-english-school.com\/vn\/#\/schema\/logo\/image\/\",\"url\":\"https:\/\/cebu-english-school.com\/vn\/wp-content\/uploads\/2023\/02\/logo.jpg\",\"contentUrl\":\"https:\/\/cebu-english-school.com\/vn\/wp-content\/uploads\/2023\/02\/logo.jpg\",\"width\":491,\"height\":297,\"caption\":\"\u3010\u516c\u5f0f\u3011\u30bb\u30d6\u30a4\u30f3\u30b0\u30ea\u30c3\u30b7\u30e5\u30b9\u30af\u30fc\u30eb\"},\"image\":{\"@id\":\"https:\/\/cebu-english-school.com\/vn\/#\/schema\/logo\/image\/\"}}]}<\/script>\n<!-- \/ Yoast SEO plugin. -->","yoast_head_json":{"title":"Ch\u01b0\u01a1ng Tr\u00ecnh Ti\u1ebfng Anh CES | Giao Ti\u1ebfp \u2013 Gia \u0110\u00ecnh \u2013 Luy\u1ec7n Thi","description":"CES cung c\u1ea5p ch\u01b0\u01a1ng tr\u00ecnh ti\u1ebfng Anh \u0111a d\u1ea1ng: giao ti\u1ebfp t\u1ed5ng qu\u00e1t, du h\u1ecdc gia \u0111\u00ecnh v\u00e0 luy\u1ec7n thi TOEIC\/TOEFL\/IELTS. Ph\u00f9 h\u1ee3p cho m\u1ecdi \u0111\u1ed9 tu\u1ed5i v\u00e0 tr\u00ecnh \u0111\u1ed9.","robots":{"index":"index","follow":"follow","max-snippet":"max-snippet:-1","max-image-preview":"max-image-preview:large","max-video-preview":"max-video-preview:-1"},"canonical":"https:\/\/cebu-english-school.com\/vn\/course","og_locale":"ja_JP","og_type":"article","og_title":"Ch\u01b0\u01a1ng Tr\u00ecnh Ti\u1ebfng Anh CES | Giao Ti\u1ebfp \u2013 Gia \u0110\u00ecnh \u2013 Luy\u1ec7n Thi","og_description":"CES cung c\u1ea5p ch\u01b0\u01a1ng tr\u00ecnh ti\u1ebfng Anh \u0111a d\u1ea1ng: giao ti\u1ebfp t\u1ed5ng qu\u00e1t, du h\u1ecdc gia \u0111\u00ecnh v\u00e0 luy\u1ec7n thi TOEIC\/TOEFL\/IELTS. Ph\u00f9 h\u1ee3p cho m\u1ecdi \u0111\u1ed9 tu\u1ed5i v\u00e0 tr\u00ecnh \u0111\u1ed9.","og_url":"https:\/\/cebu-english-school.com\/vn\/course","og_site_name":"\u3010\u516c\u5f0f\u3011\u30bb\u30d6\u30a4\u30f3\u30b0\u30ea\u30c3\u30b7\u30e5\u30b9\u30af\u30fc\u30eb","article_modified_time":"2025-11-26T01:41:46+00:00","twitter_card":"summary_large_image","twitter_misc":{"\u63a8\u5b9a\u8aad\u307f\u53d6\u308a\u6642\u9593":"1\u5206"},"schema":{"@context":"https:\/\/schema.org","@graph":[{"@type":"WebPage","@id":"https:\/\/cebu-english-school.com\/vn\/course","url":"https:\/\/cebu-english-school.com\/vn\/course","name":"Ch\u01b0\u01a1ng Tr\u00ecnh Ti\u1ebfng Anh CES | Giao Ti\u1ebfp \u2013 Gia \u0110\u00ecnh \u2013 Luy\u1ec7n Thi","isPartOf":{"@id":"https:\/\/cebu-english-school.com\/vn\/#website"},"datePublished":"2023-02-22T01:46:48+00:00","dateModified":"2025-11-26T01:41:46+00:00","description":"CES cung c\u1ea5p ch\u01b0\u01a1ng tr\u00ecnh ti\u1ebfng Anh \u0111a d\u1ea1ng: giao ti\u1ebfp t\u1ed5ng qu\u00e1t, du h\u1ecdc gia \u0111\u00ecnh v\u00e0 luy\u1ec7n thi TOEIC\/TOEFL\/IELTS. Ph\u00f9 h\u1ee3p cho m\u1ecdi \u0111\u1ed9 tu\u1ed5i v\u00e0 tr\u00ecnh \u0111\u1ed9.","breadcrumb":{"@id":"https:\/\/cebu-english-school.com\/vn\/course#breadcrumb"},"inLanguage":"ja","potentialAction":[{"@type":"ReadAction","target":["https:\/\/cebu-english-school.com\/vn\/course"]}]},{"@type":"BreadcrumbList","@id":"https:\/\/cebu-english-school.com\/vn\/course#breadcrumb","itemListElement":[{"@type":"ListItem","position":1,"name":"\u30db\u30fc\u30e0","item":"https:\/\/cebu-english-school.com\/vn\/"},{"@type":"ListItem","position":2,"name":"\u30b3\u30fc\u30b9\u3068\u8cbb\u7528"}]},{"@type":"WebSite","@id":"https:\/\/cebu-english-school.com\/vn\/#website","url":"https:\/\/cebu-english-school.com\/vn\/","name":"\u3010\u516c\u5f0f\u3011\u30bb\u30d6\u30a4\u30f3\u30b0\u30ea\u30c3\u30b7\u30e5\u30b9\u30af\u30fc\u30eb","description":"Du h\u1ecdc Cebu? H\u00e3y \u0111\u1ebfn v\u1edbi Cebu English School","publisher":{"@id":"https:\/\/cebu-english-school.com\/vn\/#organization"},"potentialAction":[{"@type":"SearchAction","target":{"@type":"EntryPoint","urlTemplate":"https:\/\/cebu-english-school.com\/vn\/?s={search_term_string}"},"query-input":{"@type":"PropertyValueSpecification","valueRequired":true,"valueName":"search_term_string"}}],"inLanguage":"ja"},{"@type":"Organization","@id":"https:\/\/cebu-english-school.com\/vn\/#organization","name":"\u3010\u516c\u5f0f\u3011\u30bb\u30d6\u30a4\u30f3\u30b0\u30ea\u30c3\u30b7\u30e5\u30b9\u30af\u30fc\u30eb","url":"https:\/\/cebu-english-school.com\/vn\/","logo":{"@type":"ImageObject","inLanguage":"ja","@id":"https:\/\/cebu-english-school.com\/vn\/#\/schema\/logo\/image\/","url":"https:\/\/cebu-english-school.com\/vn\/wp-content\/uploads\/2023\/02\/logo.jpg","contentUrl":"https:\/\/cebu-english-school.com\/vn\/wp-content\/uploads\/2023\/02\/logo.jpg","width":491,"height":297,"caption":"\u3010\u516c\u5f0f\u3011\u30bb\u30d6\u30a4\u30f3\u30b0\u30ea\u30c3\u30b7\u30e5\u30b9\u30af\u30fc\u30eb"},"image":{"@id":"https:\/\/cebu-english-school.com\/vn\/#\/schema\/logo\/image\/"}}]}},"_links":{"self":[{"href":"https:\/\/cebu-english-school.com\/vn\/wp-json\/wp\/v2\/pages\/85","targetHints":{"allow":["GET"]}}],"collection":[{"href":"https:\/\/cebu-english-school.com\/vn\/wp-json\/wp\/v2\/pages"}],"about":[{"href":"https:\/\/cebu-english-school.com\/vn\/wp-json\/wp\/v2\/types\/page"}],"author":[{"embeddable":true,"href":"https:\/\/cebu-english-school.com\/vn\/wp-json\/wp\/v2\/users\/1"}],"replies":[{"embeddable":true,"href":"https:\/\/cebu-english-school.com\/vn\/wp-json\/wp\/v2\/comments?post=85"}],"version-history":[{"count":9,"href":"https:\/\/cebu-english-school.com\/vn\/wp-json\/wp\/v2\/pages\/85\/revisions"}],"predecessor-version":[{"id":3816,"href":"https:\/\/cebu-english-school.com\/vn\/wp-json\/wp\/v2\/pages\/85\/revisions\/3816"}],"wp:attachment":[{"href":"https:\/\/cebu-english-school.com\/vn\/wp-json\/wp\/v2\/media?parent=85"}],"curies":[{"name":"wp","href":"https:\/\/api.w.org\/{rel}","templated":true}]}}