{"id":95,"date":"2023-02-22T11:21:11","date_gmt":"2023-02-22T02:21:11","guid":{"rendered":"https:\/\/cebu-english-school.com\/vn\/?page_id=95"},"modified":"2025-11-27T12:11:24","modified_gmt":"2025-11-27T03:11:24","slug":"process","status":"publish","type":"page","link":"https:\/\/cebu-english-school.com\/vn\/process","title":{"rendered":"\u5165\u5b66\u307e\u3067\u306e\u6d41\u308c"},"content":{"rendered":"\n<h2 class=\"wp-block-heading\" id=\"i-0\">Quy Tr\u00ecnh Nh\u1eadp H\u1ecdc<\/h2>\n\n\n\n<ul class=\"stepflow\">\n<li>\n<div class=\"stepflow-white\"><\/div>\n<div class=\"stepflow_label\">STEP1<\/div>\n<h2 class=\"stepflow_title\" id=\"i-1\">Y\u00eau c\u1ea7u t\u00e0i li\u1ec7u &amp; T\u01b0 v\u1ea5n v\u1edbi nh\u00e2n vi\u00ean tr\u01b0\u1eddng (Th\u1eddi gian tham kh\u1ea3o: 6 th\u00e1ng \u2013 3 th\u00e1ng tr\u01b0\u1edbc)<\/h2>\n<div style=\"text-align:center; margin-bottom:30px\">\n<img decoding=\"async\" src=\"https:\/\/cebu-english-school.com\/en\/wp-content\/uploads\/2023\/04\/consult.jpg\" width=\"600\" alt=\"\u5b66\u6821\u30b9\u30bf\u30c3\u30d5\u306b\u76f8\u8ac7\">\n<\/div>\n<div class=\"flex-container-point\">\n<div class=\"box_2column7\">\n<div class=\"stepflow_content\">\n<p>T\u1ea1i Cebu English School, ch\u00fang t\u00f4i cung c\u1ea5p nhi\u1ec1u kh\u00f3a h\u1ecdc ph\u00f9 h\u1ee3p v\u1edbi m\u1ee5c ti\u00eau v\u00e0 tr\u00ecnh \u0111\u1ed9 ti\u1ebfng Anh c\u1ee7a t\u1eebng h\u1ecdc vi\u00ean.  \nN\u1ebfu b\u1ea1n mu\u1ed1n trao \u0111\u1ed5i v\u00e0 quy\u1ebft \u0111\u1ecbnh kh\u00f3a h\u1ecdc c\u00f9ng nh\u00e2n vi\u00ean tr\u01b0\u1eddng, ch\u00fang t\u00f4i lu\u00f4n s\u1eb5n s\u00e0ng h\u1ed7 tr\u1ee3 t\u01b0 v\u1ea5n qua ZOOM b\u1ea5t c\u1ee9 l\u00fac n\u00e0o.<\/p>\n<p>B\u1ea1n c\u0169ng c\u00f3 th\u1ec3 li\u00ean h\u1ec7 qua email ho\u1eb7c c\u00e1c m\u1ea1ng x\u00e3 h\u1ed9i.<\/p>\n<\/div>\n<\/div>\n<div class=\"box_7column3\">\n\n<\/div><\/div><\/li>\n\n<li>\n<div class=\"stepflow-white\"><\/div>\n<div class=\"stepflow_label\">STEP2<\/div>\n<h2 class=\"stepflow_title\" id=\"i-2\">\u0110\u0103ng k\u00fd ch\u00ednh th\u1ee9c<\/h2>\n<div style=\"text-align:center; margin-bottom:30px\">\n<img decoding=\"async\" src=\"https:\/\/cebu-english-school.com\/en\/wp-content\/uploads\/2023\/04\/application.jpg\" width=\"600\" alt=\"\u5b66\u6821\u304a\u7533\u3057\u8fbc\u307f\">\n<\/div>\n<div class=\"flex-container-point\">\n<div class=\"box_2column7\">\n<div class=\"stepflow_content\">\n<p>Vui l\u00f2ng ho\u00e0n t\u1ea5t \u0111\u0103ng k\u00fd qua trang \u0111\u0103ng k\u00fd du h\u1ecdc c\u1ee7a ch\u00fang t\u00f4i.<\/p>\n<p>N\u1ebfu b\u1ea1n ch\u01b0a c\u00f3 h\u1ed9 chi\u1ebfu, h\u00e3y ti\u1ebfn h\u00e0nh l\u00e0m h\u1ed9 chi\u1ebfu.  \n\u0110a s\u1ed1 qu\u1ed1c t\u1ecbch c\u00f3 th\u1ec3 nh\u1eadp c\u1ea3nh Philippines v\u1edbi visa du l\u1ecbch (mi\u1ec5n th\u1ecb th\u1ef1c) trong 30 ng\u00e0y, nh\u01b0ng vui l\u00f2ng ki\u1ec3m tra chi ti\u1ebft t\u1ea1i \u0110\u1ea1i s\u1ee9 qu\u00e1n ho\u1eb7c L\u00e3nh s\u1ef1 qu\u00e1n Philippines t\u1ea1i qu\u1ed1c gia c\u1ee7a b\u1ea1n.<\/p>\n<p>N\u1ebfu th\u1eddi gian du h\u1ecdc v\u01b0\u1ee3t qu\u00e1 30 ng\u00e0y, nh\u00e0 tr\u01b0\u1eddng s\u1ebd h\u1ed7 tr\u1ee3 th\u1ee7 t\u1ee5c gia h\u1ea1n visa sau khi b\u1ea1n \u0111\u1ebfn n\u01a1i.<\/p>\n<\/div>\n<\/div>\n<div class=\"box_7column3\">\n\n<\/div><\/div><\/li>\n\n<li>\n<div class=\"stepflow-white\"><\/div>\n<div class=\"stepflow_label\">STEP3<\/div>\n<h2 class=\"stepflow_title\" id=\"i-3\">Mua v\u00e9 m\u00e1y bay &amp; b\u1ea3o hi\u1ec3m du h\u1ecdc<\/h2>\n<div style=\"text-align:center; margin-bottom:30px\">\n<img decoding=\"async\" src=\"https:\/\/cebu-english-school.com\/en\/wp-content\/uploads\/2023\/04\/airticket.jpg\" width=\"600\" alt=\"\u822a\u7a7a\u5238\u306e\u624b\u914d\">\n<\/div>\n<div class=\"flex-container-point\">\n<div class=\"box_2column7\">\n<div class=\"stepflow_content\">\n<p>B\u1ea1n h\u00e3y \u0111\u1eb7t v\u00e9 m\u00e1y bay v\u00e0 mua b\u1ea3o hi\u1ec3m du h\u1ecdc song song v\u1edbi vi\u1ec7c chu\u1ea9n b\u1ecb cho kh\u00f3a h\u1ecdc.  \n\u0110\u1eb7c bi\u1ec7t, v\u00e0o m\u00f9a cao \u0111i\u1ec3m nh\u01b0 h\u00e8 ho\u1eb7c cu\u1ed1i n\u0103m, gi\u00e1 v\u00e9 c\u00f3 th\u1ec3 t\u0103ng m\u1ea1nh t\u1eeb h\u01a1n n\u1eeda n\u0103m tr\u01b0\u1edbc. V\u00ec v\u1eady, n\u1ebfu l\u1ecbch tr\u00ecnh \u0111\u00e3 c\u1ed1 \u0111\u1ecbnh, b\u1ea1n n\u00ean \u0111\u1eb7t v\u00e9 t\u1eeb 1 n\u0103m \u2013 6 th\u00e1ng tr\u01b0\u1edbc.<\/p>\n<p>Khi nh\u1eadp h\u1ecdc t\u1ea1i Cebu English School, vi\u1ec7c tham gia b\u1ea3o hi\u1ec3m du l\u1ecbch qu\u1ed1c t\u1ebf l\u00e0 b\u1eaft bu\u1ed9c.<\/p>\n\n<p>B\u1ea1n c\u00f3 th\u1ec3 s\u1eed d\u1ee5ng b\u1ea3o hi\u1ec3m \u0111i k\u00e8m theo th\u1ebb t\u00edn d\u1ee5ng n\u1ebfu ph\u00f9 h\u1ee3p, nh\u01b0ng h\u00e3y ki\u1ec3m tra k\u1ef9 n\u1ed9i dung quy\u1ec1n l\u1ee3i v\u1edbi c\u00f4ng ty th\u1ebb c\u1ee7a b\u1ea1n.<\/p>\n<\/div>\n<\/div>\n<div class=\"box_7column3\">\n\n<\/div><\/div><\/li>\n\n<li>\n<div class=\"stepflow-white\"><\/div>\n<div class=\"stepflow_label\">STEP4<\/div>\n<h2 class=\"stepflow_title\" id=\"i-4\">Thanh to\u00e1n (tr\u01b0\u1edbc 1 th\u00e1ng) &amp; nh\u1eadn th\u01b0 ch\u1ea5p nh\u1eadn nh\u1eadp h\u1ecdc<\/h2>\n<div style=\"text-align:center; margin-bottom:30px\">\n<img decoding=\"async\" src=\"https:\/\/cebu-english-school.com\/en\/wp-content\/uploads\/2023\/05\/payment_01.jpg\" width=\"600\" alt=\"\u304a\u652f\u6255\u3044\u624b\u7d9a\u304d\">\n<\/div>\n<div class=\"flex-container-point\">\n<div class=\"box_2column7\">\n<div class=\"stepflow_content\">\n<p>Vui l\u00f2ng thanh to\u00e1n h\u1ecdc ph\u00ed ch\u1eadm nh\u1ea5t 1 th\u00e1ng tr\u01b0\u1edbc ng\u00e0y d\u1ef1 ki\u1ebfn nh\u1eadp h\u1ecdc.<\/p>\n<p>Sau khi x\u00e1c nh\u1eadn kho\u1ea3n thanh to\u00e1n, ch\u00fang t\u00f4i s\u1ebd ph\u00e1t h\u00e0nh th\u01b0 ch\u1ea5p nh\u1eadn nh\u1eadp h\u1ecdc.<\/p>\n<\/div>\n<\/div>\n<div class=\"box_7column3\">\n\n<\/div><\/div><\/li>\n\n<li>\n<div class=\"stepflow-white\"><\/div>\n<div class=\"stepflow_label\">STEP5<\/div>\n<h2 class=\"stepflow_title\" id=\"i-5\">Ki\u1ec3m tra cu\u1ed1i c\u00f9ng &amp; Kh\u1edfi h\u00e0nh!<\/h2>\n<div style=\"text-align:center; margin-bottom:30px\">\n<img decoding=\"async\" src=\"https:\/\/cebu-english-school.com\/en\/wp-content\/uploads\/2023\/05\/departure_01.jpg\" width=\"600\" alt=\"\u7559\u5b66\u3078\u5411\u3051\u51fa\u767a\">\n<\/div>\n<div class=\"flex-container-point\">\n<div class=\"box_2column7\">\n<div class=\"stepflow_content\">\n<p>Kho\u1ea3ng 2\u20133 tu\u1ea7n tr\u01b0\u1edbc khi xu\u1ea5t ph\u00e1t, tr\u01b0\u1eddng s\u1ebd g\u1eedi \u201cPhi\u1ebfu x\u00e1c nh\u1eadn chuy\u1ebfn \u0111i\u201d cho b\u1ea1n.  \nSau khi ho\u00e0n t\u1ea5t ki\u1ec3m tra cu\u1ed1i c\u00f9ng, b\u1ea1n \u0111\u00e3 s\u1eb5n s\u00e0ng l\u00ean \u0111\u01b0\u1eddng du h\u1ecdc!<\/p>\n<p>H\u00e3y b\u01b0\u1edbc ra th\u1eed th\u00e1ch v\u00e0 kh\u00e1m ph\u00e1 nh\u1eefng kh\u1ea3 n\u0103ng m\u1edbi c\u1ee7a b\u1ea3n th\u00e2n!<\/p>\n<\/div>\n<\/div>\n<div class=\"box_7column3\">\n\n<\/div><\/div><\/li>\n<\/ul>\n\n","protected":false},"excerpt":{"rendered":"<p>Quy Tr\u00ecnh Nh\u1eadp H\u1ecdc STEP1 Y\u00eau c\u1ea7u t\u00e0i li\u1ec7u &amp; T\u01b0 v\u1ea5n v\u1edbi nh\u00e2n vi\u00ean tr\u01b0\u1eddng (Th\u1eddi gian tham kh\u1ea3o: 6 th\u00e1ng \u2013 3  &#8230; <\/p>\n","protected":false},"author":1,"featured_media":0,"parent":0,"menu_order":0,"comment_status":"closed","ping_status":"closed","template":"page-forfront.php","meta":{"footnotes":""},"class_list":{"0":"post-95","1":"page","2":"type-page","3":"status-publish","5":"nothumb"},"yoast_head":"<!-- This site is optimized with the Yoast SEO plugin v26.2 - https:\/\/yoast.com\/wordpress\/plugins\/seo\/ -->\n<title>Quy Tr\u00ecnh Nh\u1eadp H\u1ecdc CES Cebu | 5 B\u01b0\u1edbc<\/title>\n<meta name=\"description\" content=\"T\u00ecm hi\u1ec3u quy tr\u00ecnh \u0111\u0103ng k\u00fd du h\u1ecdc t\u1ea1i Cebu English School (CES). H\u01b0\u1edbng d\u1eabn chi ti\u1ebft t\u1eeb t\u01b0 v\u1ea5n, \u0111\u0103ng k\u00fd, \u0111\u1eb7t v\u00e9, thanh to\u00e1n \u0111\u1ebfn ng\u00e0y kh\u1edfi h\u00e0nh.\" \/>\n<meta name=\"robots\" content=\"index, follow, max-snippet:-1, max-image-preview:large, max-video-preview:-1\" \/>\n<link rel=\"canonical\" href=\"https:\/\/cebu-english-school.com\/vn\/process\" \/>\n<meta property=\"og:locale\" content=\"ja_JP\" \/>\n<meta property=\"og:type\" content=\"article\" \/>\n<meta property=\"og:title\" content=\"Quy Tr\u00ecnh Nh\u1eadp H\u1ecdc CES Cebu | 5 B\u01b0\u1edbc\" \/>\n<meta property=\"og:description\" content=\"T\u00ecm hi\u1ec3u quy tr\u00ecnh \u0111\u0103ng k\u00fd du h\u1ecdc t\u1ea1i Cebu English School (CES). H\u01b0\u1edbng d\u1eabn chi ti\u1ebft t\u1eeb t\u01b0 v\u1ea5n, \u0111\u0103ng k\u00fd, \u0111\u1eb7t v\u00e9, thanh to\u00e1n \u0111\u1ebfn ng\u00e0y kh\u1edfi h\u00e0nh.\" \/>\n<meta property=\"og:url\" content=\"https:\/\/cebu-english-school.com\/vn\/process\" \/>\n<meta property=\"og:site_name\" content=\"\u3010\u516c\u5f0f\u3011\u30bb\u30d6\u30a4\u30f3\u30b0\u30ea\u30c3\u30b7\u30e5\u30b9\u30af\u30fc\u30eb\" \/>\n<meta property=\"article:modified_time\" content=\"2025-11-27T03:11:24+00:00\" \/>\n<meta property=\"og:image\" content=\"https:\/\/cebu-english-school.com\/en\/wp-content\/uploads\/2023\/04\/consult.jpg\" \/>\n<meta name=\"twitter:card\" content=\"summary_large_image\" \/>\n<meta name=\"twitter:label1\" content=\"\u63a8\u5b9a\u8aad\u307f\u53d6\u308a\u6642\u9593\" \/>\n\t<meta name=\"twitter:data1\" content=\"5\u5206\" \/>\n<script type=\"application\/ld+json\" class=\"yoast-schema-graph\">{\"@context\":\"https:\/\/schema.org\",\"@graph\":[{\"@type\":\"WebPage\",\"@id\":\"https:\/\/cebu-english-school.com\/vn\/process\",\"url\":\"https:\/\/cebu-english-school.com\/vn\/process\",\"name\":\"Quy Tr\u00ecnh Nh\u1eadp H\u1ecdc CES Cebu | 5 B\u01b0\u1edbc\",\"isPartOf\":{\"@id\":\"https:\/\/cebu-english-school.com\/vn\/#website\"},\"primaryImageOfPage\":{\"@id\":\"https:\/\/cebu-english-school.com\/vn\/process#primaryimage\"},\"image\":{\"@id\":\"https:\/\/cebu-english-school.com\/vn\/process#primaryimage\"},\"thumbnailUrl\":\"https:\/\/cebu-english-school.com\/en\/wp-content\/uploads\/2023\/04\/consult.jpg\",\"datePublished\":\"2023-02-22T02:21:11+00:00\",\"dateModified\":\"2025-11-27T03:11:24+00:00\",\"description\":\"T\u00ecm hi\u1ec3u quy tr\u00ecnh \u0111\u0103ng k\u00fd du h\u1ecdc t\u1ea1i Cebu English School (CES). H\u01b0\u1edbng d\u1eabn chi ti\u1ebft t\u1eeb t\u01b0 v\u1ea5n, \u0111\u0103ng k\u00fd, \u0111\u1eb7t v\u00e9, thanh to\u00e1n \u0111\u1ebfn ng\u00e0y kh\u1edfi h\u00e0nh.\",\"breadcrumb\":{\"@id\":\"https:\/\/cebu-english-school.com\/vn\/process#breadcrumb\"},\"inLanguage\":\"ja\",\"potentialAction\":[{\"@type\":\"ReadAction\",\"target\":[\"https:\/\/cebu-english-school.com\/vn\/process\"]}]},{\"@type\":\"ImageObject\",\"inLanguage\":\"ja\",\"@id\":\"https:\/\/cebu-english-school.com\/vn\/process#primaryimage\",\"url\":\"https:\/\/cebu-english-school.com\/en\/wp-content\/uploads\/2023\/04\/consult.jpg\",\"contentUrl\":\"https:\/\/cebu-english-school.com\/en\/wp-content\/uploads\/2023\/04\/consult.jpg\"},{\"@type\":\"BreadcrumbList\",\"@id\":\"https:\/\/cebu-english-school.com\/vn\/process#breadcrumb\",\"itemListElement\":[{\"@type\":\"ListItem\",\"position\":1,\"name\":\"\u30db\u30fc\u30e0\",\"item\":\"https:\/\/cebu-english-school.com\/vn\/\"},{\"@type\":\"ListItem\",\"position\":2,\"name\":\"\u5165\u5b66\u307e\u3067\u306e\u6d41\u308c\"}]},{\"@type\":\"WebSite\",\"@id\":\"https:\/\/cebu-english-school.com\/vn\/#website\",\"url\":\"https:\/\/cebu-english-school.com\/vn\/\",\"name\":\"\u3010\u516c\u5f0f\u3011\u30bb\u30d6\u30a4\u30f3\u30b0\u30ea\u30c3\u30b7\u30e5\u30b9\u30af\u30fc\u30eb\",\"description\":\"Du h\u1ecdc Cebu? H\u00e3y \u0111\u1ebfn v\u1edbi Cebu English School\",\"publisher\":{\"@id\":\"https:\/\/cebu-english-school.com\/vn\/#organization\"},\"potentialAction\":[{\"@type\":\"SearchAction\",\"target\":{\"@type\":\"EntryPoint\",\"urlTemplate\":\"https:\/\/cebu-english-school.com\/vn\/?s={search_term_string}\"},\"query-input\":{\"@type\":\"PropertyValueSpecification\",\"valueRequired\":true,\"valueName\":\"search_term_string\"}}],\"inLanguage\":\"ja\"},{\"@type\":\"Organization\",\"@id\":\"https:\/\/cebu-english-school.com\/vn\/#organization\",\"name\":\"\u3010\u516c\u5f0f\u3011\u30bb\u30d6\u30a4\u30f3\u30b0\u30ea\u30c3\u30b7\u30e5\u30b9\u30af\u30fc\u30eb\",\"url\":\"https:\/\/cebu-english-school.com\/vn\/\",\"logo\":{\"@type\":\"ImageObject\",\"inLanguage\":\"ja\",\"@id\":\"https:\/\/cebu-english-school.com\/vn\/#\/schema\/logo\/image\/\",\"url\":\"https:\/\/cebu-english-school.com\/vn\/wp-content\/uploads\/2023\/02\/logo.jpg\",\"contentUrl\":\"https:\/\/cebu-english-school.com\/vn\/wp-content\/uploads\/2023\/02\/logo.jpg\",\"width\":491,\"height\":297,\"caption\":\"\u3010\u516c\u5f0f\u3011\u30bb\u30d6\u30a4\u30f3\u30b0\u30ea\u30c3\u30b7\u30e5\u30b9\u30af\u30fc\u30eb\"},\"image\":{\"@id\":\"https:\/\/cebu-english-school.com\/vn\/#\/schema\/logo\/image\/\"}}]}<\/script>\n<!-- \/ Yoast SEO plugin. -->","yoast_head_json":{"title":"Quy Tr\u00ecnh Nh\u1eadp H\u1ecdc CES Cebu | 5 B\u01b0\u1edbc","description":"T\u00ecm hi\u1ec3u quy tr\u00ecnh \u0111\u0103ng k\u00fd du h\u1ecdc t\u1ea1i Cebu English School (CES). H\u01b0\u1edbng d\u1eabn chi ti\u1ebft t\u1eeb t\u01b0 v\u1ea5n, \u0111\u0103ng k\u00fd, \u0111\u1eb7t v\u00e9, thanh to\u00e1n \u0111\u1ebfn ng\u00e0y kh\u1edfi h\u00e0nh.","robots":{"index":"index","follow":"follow","max-snippet":"max-snippet:-1","max-image-preview":"max-image-preview:large","max-video-preview":"max-video-preview:-1"},"canonical":"https:\/\/cebu-english-school.com\/vn\/process","og_locale":"ja_JP","og_type":"article","og_title":"Quy Tr\u00ecnh Nh\u1eadp H\u1ecdc CES Cebu | 5 B\u01b0\u1edbc","og_description":"T\u00ecm hi\u1ec3u quy tr\u00ecnh \u0111\u0103ng k\u00fd du h\u1ecdc t\u1ea1i Cebu English School (CES). H\u01b0\u1edbng d\u1eabn chi ti\u1ebft t\u1eeb t\u01b0 v\u1ea5n, \u0111\u0103ng k\u00fd, \u0111\u1eb7t v\u00e9, thanh to\u00e1n \u0111\u1ebfn ng\u00e0y kh\u1edfi h\u00e0nh.","og_url":"https:\/\/cebu-english-school.com\/vn\/process","og_site_name":"\u3010\u516c\u5f0f\u3011\u30bb\u30d6\u30a4\u30f3\u30b0\u30ea\u30c3\u30b7\u30e5\u30b9\u30af\u30fc\u30eb","article_modified_time":"2025-11-27T03:11:24+00:00","og_image":[{"url":"https:\/\/cebu-english-school.com\/en\/wp-content\/uploads\/2023\/04\/consult.jpg","type":"","width":"","height":""}],"twitter_card":"summary_large_image","twitter_misc":{"\u63a8\u5b9a\u8aad\u307f\u53d6\u308a\u6642\u9593":"5\u5206"},"schema":{"@context":"https:\/\/schema.org","@graph":[{"@type":"WebPage","@id":"https:\/\/cebu-english-school.com\/vn\/process","url":"https:\/\/cebu-english-school.com\/vn\/process","name":"Quy Tr\u00ecnh Nh\u1eadp H\u1ecdc CES Cebu | 5 B\u01b0\u1edbc","isPartOf":{"@id":"https:\/\/cebu-english-school.com\/vn\/#website"},"primaryImageOfPage":{"@id":"https:\/\/cebu-english-school.com\/vn\/process#primaryimage"},"image":{"@id":"https:\/\/cebu-english-school.com\/vn\/process#primaryimage"},"thumbnailUrl":"https:\/\/cebu-english-school.com\/en\/wp-content\/uploads\/2023\/04\/consult.jpg","datePublished":"2023-02-22T02:21:11+00:00","dateModified":"2025-11-27T03:11:24+00:00","description":"T\u00ecm hi\u1ec3u quy tr\u00ecnh \u0111\u0103ng k\u00fd du h\u1ecdc t\u1ea1i Cebu English School (CES). H\u01b0\u1edbng d\u1eabn chi ti\u1ebft t\u1eeb t\u01b0 v\u1ea5n, \u0111\u0103ng k\u00fd, \u0111\u1eb7t v\u00e9, thanh to\u00e1n \u0111\u1ebfn ng\u00e0y kh\u1edfi h\u00e0nh.","breadcrumb":{"@id":"https:\/\/cebu-english-school.com\/vn\/process#breadcrumb"},"inLanguage":"ja","potentialAction":[{"@type":"ReadAction","target":["https:\/\/cebu-english-school.com\/vn\/process"]}]},{"@type":"ImageObject","inLanguage":"ja","@id":"https:\/\/cebu-english-school.com\/vn\/process#primaryimage","url":"https:\/\/cebu-english-school.com\/en\/wp-content\/uploads\/2023\/04\/consult.jpg","contentUrl":"https:\/\/cebu-english-school.com\/en\/wp-content\/uploads\/2023\/04\/consult.jpg"},{"@type":"BreadcrumbList","@id":"https:\/\/cebu-english-school.com\/vn\/process#breadcrumb","itemListElement":[{"@type":"ListItem","position":1,"name":"\u30db\u30fc\u30e0","item":"https:\/\/cebu-english-school.com\/vn\/"},{"@type":"ListItem","position":2,"name":"\u5165\u5b66\u307e\u3067\u306e\u6d41\u308c"}]},{"@type":"WebSite","@id":"https:\/\/cebu-english-school.com\/vn\/#website","url":"https:\/\/cebu-english-school.com\/vn\/","name":"\u3010\u516c\u5f0f\u3011\u30bb\u30d6\u30a4\u30f3\u30b0\u30ea\u30c3\u30b7\u30e5\u30b9\u30af\u30fc\u30eb","description":"Du h\u1ecdc Cebu? H\u00e3y \u0111\u1ebfn v\u1edbi Cebu English School","publisher":{"@id":"https:\/\/cebu-english-school.com\/vn\/#organization"},"potentialAction":[{"@type":"SearchAction","target":{"@type":"EntryPoint","urlTemplate":"https:\/\/cebu-english-school.com\/vn\/?s={search_term_string}"},"query-input":{"@type":"PropertyValueSpecification","valueRequired":true,"valueName":"search_term_string"}}],"inLanguage":"ja"},{"@type":"Organization","@id":"https:\/\/cebu-english-school.com\/vn\/#organization","name":"\u3010\u516c\u5f0f\u3011\u30bb\u30d6\u30a4\u30f3\u30b0\u30ea\u30c3\u30b7\u30e5\u30b9\u30af\u30fc\u30eb","url":"https:\/\/cebu-english-school.com\/vn\/","logo":{"@type":"ImageObject","inLanguage":"ja","@id":"https:\/\/cebu-english-school.com\/vn\/#\/schema\/logo\/image\/","url":"https:\/\/cebu-english-school.com\/vn\/wp-content\/uploads\/2023\/02\/logo.jpg","contentUrl":"https:\/\/cebu-english-school.com\/vn\/wp-content\/uploads\/2023\/02\/logo.jpg","width":491,"height":297,"caption":"\u3010\u516c\u5f0f\u3011\u30bb\u30d6\u30a4\u30f3\u30b0\u30ea\u30c3\u30b7\u30e5\u30b9\u30af\u30fc\u30eb"},"image":{"@id":"https:\/\/cebu-english-school.com\/vn\/#\/schema\/logo\/image\/"}}]}},"_links":{"self":[{"href":"https:\/\/cebu-english-school.com\/vn\/wp-json\/wp\/v2\/pages\/95","targetHints":{"allow":["GET"]}}],"collection":[{"href":"https:\/\/cebu-english-school.com\/vn\/wp-json\/wp\/v2\/pages"}],"about":[{"href":"https:\/\/cebu-english-school.com\/vn\/wp-json\/wp\/v2\/types\/page"}],"author":[{"embeddable":true,"href":"https:\/\/cebu-english-school.com\/vn\/wp-json\/wp\/v2\/users\/1"}],"replies":[{"embeddable":true,"href":"https:\/\/cebu-english-school.com\/vn\/wp-json\/wp\/v2\/comments?post=95"}],"version-history":[{"count":7,"href":"https:\/\/cebu-english-school.com\/vn\/wp-json\/wp\/v2\/pages\/95\/revisions"}],"predecessor-version":[{"id":3879,"href":"https:\/\/cebu-english-school.com\/vn\/wp-json\/wp\/v2\/pages\/95\/revisions\/3879"}],"wp:attachment":[{"href":"https:\/\/cebu-english-school.com\/vn\/wp-json\/wp\/v2\/media?parent=95"}],"curies":[{"name":"wp","href":"https:\/\/api.w.org\/{rel}","templated":true}]}}