{"id":98,"date":"2023-02-22T11:22:02","date_gmt":"2023-02-22T02:22:02","guid":{"rendered":"https:\/\/cebu-english-school.com\/vn\/?page_id=98"},"modified":"2025-11-27T13:11:30","modified_gmt":"2025-11-27T04:11:30","slug":"application","status":"publish","type":"page","link":"https:\/\/cebu-english-school.com\/vn\/application","title":{"rendered":"\u7559\u5b66\u304a\u7533\u3057\u8fbc\u307f"},"content":{"rendered":"\n<h2 class=\"wp-block-heading has-text-align-center\" id=\"i-0\">\u7559\u5b66\u304a\u7533\u3057\u8fbc\u307f<\/h2>\n\n\n\n<div class=\"wp-block-contact-form-7-contact-form-selector\">\n<div class=\"wpcf7 no-js\" id=\"wpcf7-f420-o1\" lang=\"ja\" dir=\"ltr\">\n<div class=\"screen-reader-response\"><p role=\"status\" aria-live=\"polite\" aria-atomic=\"true\"><\/p> <ul><\/ul><\/div>\n<form action=\"\/vn\/wp-json\/wp\/v2\/pages\/98#wpcf7-f420-o1\" method=\"post\" class=\"wpcf7-form init\" aria-label=\"\u30b3\u30f3\u30bf\u30af\u30c8\u30d5\u30a9\u30fc\u30e0\" novalidate=\"novalidate\" data-status=\"init\">\n<div style=\"display: none;\">\n<input type=\"hidden\" name=\"_wpcf7\" value=\"420\">\n<input type=\"hidden\" name=\"_wpcf7_version\" value=\"5.8\">\n<input type=\"hidden\" name=\"_wpcf7_locale\" value=\"ja\">\n<input type=\"hidden\" name=\"_wpcf7_unit_tag\" value=\"wpcf7-f420-o1\">\n<input type=\"hidden\" name=\"_wpcf7_container_post\" value=\"0\">\n<input type=\"hidden\" name=\"_wpcf7_posted_data_hash\" value=\"\">\n<\/div>\n<table class=\"CF7_table\">\n\t<tr>\n\t\t<th>\n\t\t\t<p><span class=\"CF7_req\">B\u1eaft bu\u1ed9c<\/span> H\u1ecd v\u00e0 t\u00ean\n\t\t\t<\/p>\n\t\t<\/th>\n\t\t<td>\n\t\t\t<p><span class=\"wpcf7-form-control-wrap\" data-name=\"your-name\"><input size=\"40\" class=\"wpcf7-form-control wpcf7-text wpcf7-validates-as-required\" aria-required=\"true\" aria-invalid=\"false\" placeholder=\"V\u00ed d\u1ee5: H\u1ecd t\u00ean c\u1ee7a b\u1ea1n\" value=\"\" type=\"text\" name=\"your-name\"><\/span>\n\t\t\t<\/p>\n\t\t<\/td>\n\t<\/tr>\n\t<tr>\n\t\t<th>\n\t\t\t<p><span class=\"CF7_req\">B\u1eaft bu\u1ed9c<\/span> T\u00ean tr\u00ean h\u1ed9 chi\u1ebfu (ch\u1eef IN HOA kh\u00f4ng d\u1ea5u)\n\t\t\t<\/p>\n\t\t<\/th>\n\t\t<td>\n\t\t\t<p><span class=\"wpcf7-form-control-wrap\" data-name=\"your-name2\"><input size=\"40\" class=\"wpcf7-form-control wpcf7-text wpcf7-validates-as-required\" aria-required=\"true\" aria-invalid=\"false\" placeholder=\"V\u00ed d\u1ee5: YAMADA TARO\" value=\"\" type=\"text\" name=\"your-name2\"><\/span>\n\t\t\t<\/p>\n\t\t<\/td>\n\t<\/tr>\n\t<tr>\n\t\t<th>\n\t\t\t<p><span class=\"CF7_req\">B\u1eaft bu\u1ed9c<\/span> Gi\u1edbi t\u00ednh\n\t\t\t<\/p>\n\t\t<\/th>\n\t\t<td>\n\t\t\t<p><span class=\"wpcf7-form-control-wrap\" data-name=\"radio-109\"><span class=\"wpcf7-form-control wpcf7-radio\"><span class=\"wpcf7-list-item first\"><label><input type=\"radio\" name=\"radio-109\" value=\"Nam\" checked=\"checked\"><span class=\"wpcf7-list-item-label\">Nam<\/span><\/label><\/span><span class=\"wpcf7-list-item\"><label><input type=\"radio\" name=\"radio-109\" value=\"N\u1eef\"><span class=\"wpcf7-list-item-label\">N\u1eef<\/span><\/label><\/span><span class=\"wpcf7-list-item last\"><label><input type=\"radio\" name=\"radio-109\" value=\"Kh\u00e1c\"><span class=\"wpcf7-list-item-label\">Kh\u00e1c<\/span><\/label><\/span><\/span><\/span>\n\t\t\t<\/p>\n\t\t<\/td>\n\t<\/tr>\n\t<tr>\n\t\t<th>\n\t\t\t<p><span class=\"CF7_req\">B\u1eaft bu\u1ed9c<\/span> Ng\u00e0y sinh\n\t\t\t<\/p>\n\t\t<\/th>\n\t\t<td>\n\t\t\t<p><span class=\"wpcf7-form-control-wrap\" data-name=\"birth\"><input size=\"40\" class=\"wpcf7-form-control wpcf7-text wpcf7-validates-as-required\" aria-required=\"true\" aria-invalid=\"false\" placeholder=\"V\u00ed d\u1ee5: 2002\/3\/15\" value=\"\" type=\"text\" name=\"birth\"><\/span>\n\t\t\t<\/p>\n\t\t<\/td>\n\t<\/tr>\n\t<tr>\n\t\t<th>\n\t\t\t<p><span class=\"CF7_req\">B\u1eaft bu\u1ed9c<\/span> Ng\u00e0y b\u1eaft \u0111\u1ea7u du h\u1ecdc\n\t\t\t<\/p>\n\t\t<\/th>\n\t\t<td>\n\t\t\t<p><span class=\"wpcf7-form-control-wrap\" data-name=\"date-start\"><input class=\"wpcf7-form-control wpcf7-date wpcf7-validates-as-required wpcf7-validates-as-date\" min=\"2026-04-16\" aria-required=\"true\" aria-invalid=\"false\" value=\"\" type=\"date\" name=\"date-start\"><\/span>\n\t\t\t<\/p>\n\t\t<\/td>\n\t<\/tr>\n\t<tr>\n\t\t<th>\n\t\t\t<p><span class=\"CF7_req\">B\u1eaft bu\u1ed9c<\/span> Th\u1eddi gian du h\u1ecdc\n\t\t\t<\/p>\n\t\t<\/th>\n\t\t<td>\n\t\t\t<p><span class=\"wpcf7-form-control-wrap\" data-name=\"menu-term\"><select class=\"wpcf7-form-control wpcf7-select wpcf7-validates-as-required\" aria-required=\"true\" aria-invalid=\"false\" name=\"menu-term\"><option value=\"\u25bcVui l\u00f2ng ch\u1ecdn\">\u25bcVui l\u00f2ng ch\u1ecdn<\/option><option value=\"Tr\u1ea3i nghi\u1ec7m 1 ng\u00e0y\">Tr\u1ea3i nghi\u1ec7m 1 ng\u00e0y<\/option><option value=\"1 tu\u1ea7n\">1 tu\u1ea7n<\/option><option value=\"2 tu\u1ea7n\">2 tu\u1ea7n<\/option><option value=\"3 tu\u1ea7n\">3 tu\u1ea7n<\/option><option value=\"4 tu\u1ea7n\">4 tu\u1ea7n<\/option><option value=\"5 tu\u1ea7n\">5 tu\u1ea7n<\/option><option value=\"6 tu\u1ea7n\">6 tu\u1ea7n<\/option><option value=\"7 tu\u1ea7n\">7 tu\u1ea7n<\/option><option value=\"8 tu\u1ea7n\">8 tu\u1ea7n<\/option><option value=\"9 tu\u1ea7n\">9 tu\u1ea7n<\/option><option value=\"10 tu\u1ea7n\">10 tu\u1ea7n<\/option><option value=\"11 tu\u1ea7n\">11 tu\u1ea7n<\/option><option value=\"12 tu\u1ea7n\">12 tu\u1ea7n<\/option><option value=\"13 tu\u1ea7n\">13 tu\u1ea7n<\/option><option value=\"14 tu\u1ea7n\">14 tu\u1ea7n<\/option><option value=\"15 tu\u1ea7n\">15 tu\u1ea7n<\/option><option value=\"16 tu\u1ea7n\">16 tu\u1ea7n<\/option><option value=\"17 tu\u1ea7n\">17 tu\u1ea7n<\/option><option value=\"18 tu\u1ea7n\">18 tu\u1ea7n<\/option><option value=\"19 tu\u1ea7n\">19 tu\u1ea7n<\/option><option value=\"20 tu\u1ea7n\">20 tu\u1ea7n<\/option><option value=\"21 tu\u1ea7n\">21 tu\u1ea7n<\/option><option value=\"22 tu\u1ea7n\">22 tu\u1ea7n<\/option><option value=\"23 tu\u1ea7n\">23 tu\u1ea7n<\/option><option value=\"24 tu\u1ea7n\">24 tu\u1ea7n<\/option><\/select><\/span>\n\t\t\t<\/p>\n\t\t<\/td>\n\t<\/tr>\n\t<tr>\n\t\t<th>\n\t\t\t<p><span class=\"CF7_req\">B\u1eaft bu\u1ed9c<\/span> N\u01a1i l\u01b0u tr\u00fa\n\t\t\t<\/p>\n\t\t<\/th>\n\t\t<td>\n\t\t\t<p><span class=\"wpcf7-form-control-wrap\" data-name=\"stay\"><select class=\"wpcf7-form-control wpcf7-select wpcf7-validates-as-required\" aria-required=\"true\" aria-invalid=\"false\" name=\"stay\"><option value=\"\u25bcVui l\u00f2ng ch\u1ecdn\">\u25bcVui l\u00f2ng ch\u1ecdn<\/option><option value=\"K\u00fd t\u00fac x\u00e1 n\u1ed9i b\u1ed9 (Condo)\">K\u00fd t\u00fac x\u00e1 n\u1ed9i b\u1ed9 (Condo)<\/option><option value=\"Molave suites\">Molave suites<\/option><option value=\"Red planet\">Red planet<\/option><option value=\"Diamond suites\">Diamond suites<\/option><option value=\"lyf Cebu City\">lyf Cebu City<\/option><option value=\"Golden prince\">Golden prince<\/option><option value=\"Parklane\">Parklane<\/option><option value=\"Elizabeth\">Elizabeth<\/option><option value=\"Quest\">Quest<\/option><option value=\"\u0110i l\u1ea1i t\u1eeb n\u01a1i \u1edf ri\u00eang\">\u0110i l\u1ea1i t\u1eeb n\u01a1i \u1edf ri\u00eang<\/option><\/select><\/span>\n\t\t\t<\/p>\n\t\t<\/td>\n\t<\/tr>\n\t<tr>\n\t\t<th>\n\t\t\t<p><span class=\"CF7_req\">B\u1eaft bu\u1ed9c<\/span> \u0110\u1ecba ch\u1ec9 email\n\t\t\t<\/p>\n\t\t<\/th>\n\t\t<td>\n\t\t\t<p><span class=\"wpcf7-form-control-wrap\" data-name=\"your-email\"><input size=\"40\" class=\"wpcf7-form-control wpcf7-email wpcf7-validates-as-required wpcf7-text wpcf7-validates-as-email\" aria-required=\"true\" aria-invalid=\"false\" placeholder=\"V\u00ed d\u1ee5: xxx@xxx.com\" value=\"\" type=\"email\" name=\"your-email\"><\/span>\n\t\t\t<\/p>\n\t\t<\/td>\n\t<\/tr>\n\t<tr>\n\t\t<th>\n\t\t\t<p><span class=\"CF7_req\">B\u1eaft bu\u1ed9c<\/span> X\u00e1c nh\u1eadn email\n\t\t\t<\/p>\n\t\t<\/th>\n\t\t<td>\n\t\t\t<p><span class=\"wpcf7-form-control-wrap\" data-name=\"your-email\"><input size=\"40\" class=\"wpcf7-form-control wpcf7-email wpcf7-validates-as-required wpcf7-text wpcf7-validates-as-email\" aria-required=\"true\" aria-invalid=\"false\" placeholder=\"V\u00ed d\u1ee5: xxx@xxx.com\" value=\"\" type=\"email\" name=\"your-email\"><\/span>\n\t\t\t<\/p>\n\t\t<\/td>\n\t<\/tr>\n\t<tr>\n\t\t<th>\n\t\t\t<p><span class=\"CF7_req\">B\u1eaft bu\u1ed9c<\/span> S\u1ed1 \u0111i\u1ec7n tho\u1ea1i\n\t\t\t<\/p>\n\t\t<\/th>\n\t\t<td>\n\t\t\t<p><span class=\"wpcf7-form-control-wrap\" data-name=\"your-tel\"><input size=\"40\" class=\"wpcf7-form-control wpcf7-text wpcf7-validates-as-required\" aria-required=\"true\" aria-invalid=\"false\" placeholder=\"V\u00ed d\u1ee5: 090-1234-5678\" value=\"\" type=\"text\" name=\"your-tel\"><\/span>\n\t\t\t<\/p>\n\t\t<\/td>\n\t<\/tr>\n\t<tr>\n\t\t<th>\n\t\t\t<p><span class=\"CF7_req\">B\u1eaft bu\u1ed9c<\/span> T\u1ec9nh\/Th\u00e0nh ph\u1ed1\n\t\t\t<\/p>\n\t\t<\/th>\n\t\t<td>\n\t\t\t<p><span class=\"wpcf7-form-control-wrap\" data-name=\"pref\"><input size=\"40\" class=\"wpcf7-form-control wpcf7-text wpcf7-validates-as-required\" id=\"pref\" aria-required=\"true\" aria-invalid=\"false\" placeholder=\"V\u00ed d\u1ee5: Tokyo\" value=\"\" type=\"text\" name=\"pref\"><\/span>\n\t\t\t<\/p>\n\t\t<\/td>\n\t<\/tr>\n\t<tr>\n\t\t<th>\n\t\t\t<p><span class=\"CF7_req\">B\u1eaft bu\u1ed9c<\/span> \u0110\u1ecba ch\u1ec9\n\t\t\t<\/p>\n\t\t<\/th>\n\t\t<td class=\"address-100\">\n\t\t\t<p><span class=\"wpcf7-form-control-wrap\" data-name=\"addr\"><input size=\"40\" class=\"wpcf7-form-control wpcf7-text wpcf7-validates-as-required\" id=\"addr\" aria-required=\"true\" aria-invalid=\"false\" placeholder=\"V\u00ed d\u1ee5: Chuo-ku, Ginza 12345\" value=\"\" type=\"text\" name=\"addr\"><\/span>\n\t\t\t<\/p>\n\t\t<\/td>\n\t<\/tr>\n\t<tr>\n\t\t<th>\n\t\t\t<p><span class=\"CF7_unreq\">Kh\u00f4ng b\u1eaft bu\u1ed9c<\/span> N\u1ed9i dung tin nh\u1eafn\n\t\t\t<\/p>\n\t\t<\/th>\n\t\t<td class=\"message-100\">\n\t\t\t<p><span class=\"wpcf7-form-control-wrap\" data-name=\"your-message\"><textarea cols=\"40\" rows=\"10\" class=\"wpcf7-form-control wpcf7-textarea\" aria-invalid=\"false\" placeholder=\"Vui l\u00f2ng nh\u1eadp y\u00eau c\u1ea7u c\u1ee7a b\u1ea1n. N\u1ebfu c\u00f3 nhi\u1ec1u ng\u01b0\u1eddi \u0111\u0103ng k\u00fd, h\u00e3y cung c\u1ea5p t\u00ean (ch\u1eef in hoa kh\u00f4ng d\u1ea5u), ng\u00e0y sinh v\u00e0 gi\u1edbi t\u00ednh c\u1ee7a t\u1eebng ng\u01b0\u1eddi.\" name=\"your-message\"><\/textarea><\/span>\n\t\t\t<\/p>\n\t\t<\/td>\n\t<\/tr>\n<\/table>\n<p class=\"CF7_btn\" style=\"margin-top:50px;\"><input class=\"wpcf7-form-control wpcf7-submit has-spinner\" type=\"submit\" value=\"G\u1eedi \u0111i\">\n<\/p>\n<p><script>\ndocument.addEventListener( 'wpcf7mailsent', function( event ) {\nlocation = 'https:\/\/cebu-english-school.com\/vn\/thanks2';\n}, false );\n<\/script>\n<\/p><div class=\"wpcf7-response-output\" aria-hidden=\"true\"><\/div>\n<\/form>\n<\/div>\n<\/div>\n","protected":false},"excerpt":{"rendered":"<p>\u7559\u5b66\u304a\u7533\u3057\u8fbc\u307f<\/p>\n","protected":false},"author":1,"featured_media":0,"parent":0,"menu_order":0,"comment_status":"closed","ping_status":"closed","template":"page-forfront.php","meta":{"footnotes":""},"class_list":{"0":"post-98","1":"page","2":"type-page","3":"status-publish","5":"nothumb"},"yoast_head":"<!-- This site is optimized with the Yoast SEO plugin v26.2 - https:\/\/yoast.com\/wordpress\/plugins\/seo\/ -->\n<title>Li\u00ean H\u1ec7 T\u01b0 V\u1ea5n Du H\u1ecdc CES Cebu | Form \u0110\u0103ng K\u00fd Nhanh<\/title>\n<meta name=\"description\" content=\"Li\u00ean h\u1ec7 CES Cebu \u0111\u1ec3 \u0111\u01b0\u1ee3c h\u1ed7 tr\u1ee3 ch\u1ecdn kh\u00f3a h\u1ecdc, l\u1ecbch h\u1ecdc v\u00e0 ch\u1ed7 \u1edf. \u0110\u1ed9i ng\u0169 t\u01b0 v\u1ea5n ph\u1ea3n h\u1ed3i nhanh v\u00e0 t\u1eadn t\u00e2m.\" \/>\n<meta name=\"robots\" content=\"index, follow, max-snippet:-1, max-image-preview:large, max-video-preview:-1\" \/>\n<link rel=\"canonical\" href=\"https:\/\/cebu-english-school.com\/vn\/application\" \/>\n<meta property=\"og:locale\" content=\"ja_JP\" \/>\n<meta property=\"og:type\" content=\"article\" \/>\n<meta property=\"og:title\" content=\"Li\u00ean H\u1ec7 T\u01b0 V\u1ea5n Du H\u1ecdc CES Cebu | Form \u0110\u0103ng K\u00fd Nhanh\" \/>\n<meta property=\"og:description\" content=\"Li\u00ean h\u1ec7 CES Cebu \u0111\u1ec3 \u0111\u01b0\u1ee3c h\u1ed7 tr\u1ee3 ch\u1ecdn kh\u00f3a h\u1ecdc, l\u1ecbch h\u1ecdc v\u00e0 ch\u1ed7 \u1edf. \u0110\u1ed9i ng\u0169 t\u01b0 v\u1ea5n ph\u1ea3n h\u1ed3i nhanh v\u00e0 t\u1eadn t\u00e2m.\" \/>\n<meta property=\"og:url\" content=\"https:\/\/cebu-english-school.com\/vn\/application\" \/>\n<meta property=\"og:site_name\" content=\"\u3010\u516c\u5f0f\u3011\u30bb\u30d6\u30a4\u30f3\u30b0\u30ea\u30c3\u30b7\u30e5\u30b9\u30af\u30fc\u30eb\" \/>\n<meta property=\"article:modified_time\" content=\"2025-11-27T04:11:30+00:00\" \/>\n<meta name=\"twitter:card\" content=\"summary_large_image\" \/>\n<meta name=\"twitter:label1\" content=\"\u63a8\u5b9a\u8aad\u307f\u53d6\u308a\u6642\u9593\" \/>\n\t<meta name=\"twitter:data1\" content=\"1\u5206\" \/>\n<script type=\"application\/ld+json\" class=\"yoast-schema-graph\">{\"@context\":\"https:\/\/schema.org\",\"@graph\":[{\"@type\":\"WebPage\",\"@id\":\"https:\/\/cebu-english-school.com\/vn\/application\",\"url\":\"https:\/\/cebu-english-school.com\/vn\/application\",\"name\":\"Li\u00ean H\u1ec7 T\u01b0 V\u1ea5n Du H\u1ecdc CES Cebu | Form \u0110\u0103ng K\u00fd Nhanh\",\"isPartOf\":{\"@id\":\"https:\/\/cebu-english-school.com\/vn\/#website\"},\"datePublished\":\"2023-02-22T02:22:02+00:00\",\"dateModified\":\"2025-11-27T04:11:30+00:00\",\"description\":\"Li\u00ean h\u1ec7 CES Cebu \u0111\u1ec3 \u0111\u01b0\u1ee3c h\u1ed7 tr\u1ee3 ch\u1ecdn kh\u00f3a h\u1ecdc, l\u1ecbch h\u1ecdc v\u00e0 ch\u1ed7 \u1edf. \u0110\u1ed9i ng\u0169 t\u01b0 v\u1ea5n ph\u1ea3n h\u1ed3i nhanh v\u00e0 t\u1eadn t\u00e2m.\",\"breadcrumb\":{\"@id\":\"https:\/\/cebu-english-school.com\/vn\/application#breadcrumb\"},\"inLanguage\":\"ja\",\"potentialAction\":[{\"@type\":\"ReadAction\",\"target\":[\"https:\/\/cebu-english-school.com\/vn\/application\"]}]},{\"@type\":\"BreadcrumbList\",\"@id\":\"https:\/\/cebu-english-school.com\/vn\/application#breadcrumb\",\"itemListElement\":[{\"@type\":\"ListItem\",\"position\":1,\"name\":\"\u30db\u30fc\u30e0\",\"item\":\"https:\/\/cebu-english-school.com\/vn\/\"},{\"@type\":\"ListItem\",\"position\":2,\"name\":\"\u7559\u5b66\u304a\u7533\u3057\u8fbc\u307f\"}]},{\"@type\":\"WebSite\",\"@id\":\"https:\/\/cebu-english-school.com\/vn\/#website\",\"url\":\"https:\/\/cebu-english-school.com\/vn\/\",\"name\":\"\u3010\u516c\u5f0f\u3011\u30bb\u30d6\u30a4\u30f3\u30b0\u30ea\u30c3\u30b7\u30e5\u30b9\u30af\u30fc\u30eb\",\"description\":\"Du h\u1ecdc Cebu? H\u00e3y \u0111\u1ebfn v\u1edbi Cebu English School\",\"publisher\":{\"@id\":\"https:\/\/cebu-english-school.com\/vn\/#organization\"},\"potentialAction\":[{\"@type\":\"SearchAction\",\"target\":{\"@type\":\"EntryPoint\",\"urlTemplate\":\"https:\/\/cebu-english-school.com\/vn\/?s={search_term_string}\"},\"query-input\":{\"@type\":\"PropertyValueSpecification\",\"valueRequired\":true,\"valueName\":\"search_term_string\"}}],\"inLanguage\":\"ja\"},{\"@type\":\"Organization\",\"@id\":\"https:\/\/cebu-english-school.com\/vn\/#organization\",\"name\":\"\u3010\u516c\u5f0f\u3011\u30bb\u30d6\u30a4\u30f3\u30b0\u30ea\u30c3\u30b7\u30e5\u30b9\u30af\u30fc\u30eb\",\"url\":\"https:\/\/cebu-english-school.com\/vn\/\",\"logo\":{\"@type\":\"ImageObject\",\"inLanguage\":\"ja\",\"@id\":\"https:\/\/cebu-english-school.com\/vn\/#\/schema\/logo\/image\/\",\"url\":\"https:\/\/cebu-english-school.com\/vn\/wp-content\/uploads\/2023\/02\/logo.jpg\",\"contentUrl\":\"https:\/\/cebu-english-school.com\/vn\/wp-content\/uploads\/2023\/02\/logo.jpg\",\"width\":491,\"height\":297,\"caption\":\"\u3010\u516c\u5f0f\u3011\u30bb\u30d6\u30a4\u30f3\u30b0\u30ea\u30c3\u30b7\u30e5\u30b9\u30af\u30fc\u30eb\"},\"image\":{\"@id\":\"https:\/\/cebu-english-school.com\/vn\/#\/schema\/logo\/image\/\"}}]}<\/script>\n<!-- \/ Yoast SEO plugin. -->","yoast_head_json":{"title":"Li\u00ean H\u1ec7 T\u01b0 V\u1ea5n Du H\u1ecdc CES Cebu | Form \u0110\u0103ng K\u00fd Nhanh","description":"Li\u00ean h\u1ec7 CES Cebu \u0111\u1ec3 \u0111\u01b0\u1ee3c h\u1ed7 tr\u1ee3 ch\u1ecdn kh\u00f3a h\u1ecdc, l\u1ecbch h\u1ecdc v\u00e0 ch\u1ed7 \u1edf. \u0110\u1ed9i ng\u0169 t\u01b0 v\u1ea5n ph\u1ea3n h\u1ed3i nhanh v\u00e0 t\u1eadn t\u00e2m.","robots":{"index":"index","follow":"follow","max-snippet":"max-snippet:-1","max-image-preview":"max-image-preview:large","max-video-preview":"max-video-preview:-1"},"canonical":"https:\/\/cebu-english-school.com\/vn\/application","og_locale":"ja_JP","og_type":"article","og_title":"Li\u00ean H\u1ec7 T\u01b0 V\u1ea5n Du H\u1ecdc CES Cebu | Form \u0110\u0103ng K\u00fd Nhanh","og_description":"Li\u00ean h\u1ec7 CES Cebu \u0111\u1ec3 \u0111\u01b0\u1ee3c h\u1ed7 tr\u1ee3 ch\u1ecdn kh\u00f3a h\u1ecdc, l\u1ecbch h\u1ecdc v\u00e0 ch\u1ed7 \u1edf. \u0110\u1ed9i ng\u0169 t\u01b0 v\u1ea5n ph\u1ea3n h\u1ed3i nhanh v\u00e0 t\u1eadn t\u00e2m.","og_url":"https:\/\/cebu-english-school.com\/vn\/application","og_site_name":"\u3010\u516c\u5f0f\u3011\u30bb\u30d6\u30a4\u30f3\u30b0\u30ea\u30c3\u30b7\u30e5\u30b9\u30af\u30fc\u30eb","article_modified_time":"2025-11-27T04:11:30+00:00","twitter_card":"summary_large_image","twitter_misc":{"\u63a8\u5b9a\u8aad\u307f\u53d6\u308a\u6642\u9593":"1\u5206"},"schema":{"@context":"https:\/\/schema.org","@graph":[{"@type":"WebPage","@id":"https:\/\/cebu-english-school.com\/vn\/application","url":"https:\/\/cebu-english-school.com\/vn\/application","name":"Li\u00ean H\u1ec7 T\u01b0 V\u1ea5n Du H\u1ecdc CES Cebu | Form \u0110\u0103ng K\u00fd Nhanh","isPartOf":{"@id":"https:\/\/cebu-english-school.com\/vn\/#website"},"datePublished":"2023-02-22T02:22:02+00:00","dateModified":"2025-11-27T04:11:30+00:00","description":"Li\u00ean h\u1ec7 CES Cebu \u0111\u1ec3 \u0111\u01b0\u1ee3c h\u1ed7 tr\u1ee3 ch\u1ecdn kh\u00f3a h\u1ecdc, l\u1ecbch h\u1ecdc v\u00e0 ch\u1ed7 \u1edf. \u0110\u1ed9i ng\u0169 t\u01b0 v\u1ea5n ph\u1ea3n h\u1ed3i nhanh v\u00e0 t\u1eadn t\u00e2m.","breadcrumb":{"@id":"https:\/\/cebu-english-school.com\/vn\/application#breadcrumb"},"inLanguage":"ja","potentialAction":[{"@type":"ReadAction","target":["https:\/\/cebu-english-school.com\/vn\/application"]}]},{"@type":"BreadcrumbList","@id":"https:\/\/cebu-english-school.com\/vn\/application#breadcrumb","itemListElement":[{"@type":"ListItem","position":1,"name":"\u30db\u30fc\u30e0","item":"https:\/\/cebu-english-school.com\/vn\/"},{"@type":"ListItem","position":2,"name":"\u7559\u5b66\u304a\u7533\u3057\u8fbc\u307f"}]},{"@type":"WebSite","@id":"https:\/\/cebu-english-school.com\/vn\/#website","url":"https:\/\/cebu-english-school.com\/vn\/","name":"\u3010\u516c\u5f0f\u3011\u30bb\u30d6\u30a4\u30f3\u30b0\u30ea\u30c3\u30b7\u30e5\u30b9\u30af\u30fc\u30eb","description":"Du h\u1ecdc Cebu? H\u00e3y \u0111\u1ebfn v\u1edbi Cebu English School","publisher":{"@id":"https:\/\/cebu-english-school.com\/vn\/#organization"},"potentialAction":[{"@type":"SearchAction","target":{"@type":"EntryPoint","urlTemplate":"https:\/\/cebu-english-school.com\/vn\/?s={search_term_string}"},"query-input":{"@type":"PropertyValueSpecification","valueRequired":true,"valueName":"search_term_string"}}],"inLanguage":"ja"},{"@type":"Organization","@id":"https:\/\/cebu-english-school.com\/vn\/#organization","name":"\u3010\u516c\u5f0f\u3011\u30bb\u30d6\u30a4\u30f3\u30b0\u30ea\u30c3\u30b7\u30e5\u30b9\u30af\u30fc\u30eb","url":"https:\/\/cebu-english-school.com\/vn\/","logo":{"@type":"ImageObject","inLanguage":"ja","@id":"https:\/\/cebu-english-school.com\/vn\/#\/schema\/logo\/image\/","url":"https:\/\/cebu-english-school.com\/vn\/wp-content\/uploads\/2023\/02\/logo.jpg","contentUrl":"https:\/\/cebu-english-school.com\/vn\/wp-content\/uploads\/2023\/02\/logo.jpg","width":491,"height":297,"caption":"\u3010\u516c\u5f0f\u3011\u30bb\u30d6\u30a4\u30f3\u30b0\u30ea\u30c3\u30b7\u30e5\u30b9\u30af\u30fc\u30eb"},"image":{"@id":"https:\/\/cebu-english-school.com\/vn\/#\/schema\/logo\/image\/"}}]}},"_links":{"self":[{"href":"https:\/\/cebu-english-school.com\/vn\/wp-json\/wp\/v2\/pages\/98","targetHints":{"allow":["GET"]}}],"collection":[{"href":"https:\/\/cebu-english-school.com\/vn\/wp-json\/wp\/v2\/pages"}],"about":[{"href":"https:\/\/cebu-english-school.com\/vn\/wp-json\/wp\/v2\/types\/page"}],"author":[{"embeddable":true,"href":"https:\/\/cebu-english-school.com\/vn\/wp-json\/wp\/v2\/users\/1"}],"replies":[{"embeddable":true,"href":"https:\/\/cebu-english-school.com\/vn\/wp-json\/wp\/v2\/comments?post=98"}],"version-history":[{"count":4,"href":"https:\/\/cebu-english-school.com\/vn\/wp-json\/wp\/v2\/pages\/98\/revisions"}],"predecessor-version":[{"id":493,"href":"https:\/\/cebu-english-school.com\/vn\/wp-json\/wp\/v2\/pages\/98\/revisions\/493"}],"wp:attachment":[{"href":"https:\/\/cebu-english-school.com\/vn\/wp-json\/wp\/v2\/media?parent=98"}],"curies":[{"name":"wp","href":"https:\/\/api.w.org\/{rel}","templated":true}]}}